{"id":98,"date":"2025-01-07T14:29:32","date_gmt":"2025-01-07T17:29:32","guid":{"rendered":"https:\/\/11simposioesocite.ufpa.br\/?page_id=98"},"modified":"2025-01-08T21:38:01","modified_gmt":"2025-01-09T00:38:01","slug":"programacao-2","status":"publish","type":"page","link":"https:\/\/11simposioesocite.ufpa.br\/?page_id=98","title":{"rendered":"Programa\u00e7\u00e3o"},"content":{"rendered":"\n<p>A programa\u00e7\u00e3o completa estar\u00e1 dispon\u00edvel dia 10 de julho de 2025.<\/p>\n","protected":false},"excerpt":{"rendered":"<p>A programa\u00e7\u00e3o completa estar\u00e1 dispon\u00edvel dia 10 de julho de 2025.<\/p>\n","protected":false},"author":1,"featured_media":0,"parent":0,"menu_order":0,"comment_status":"closed","ping_status":"closed","template":"","meta":{"_themeisle_gutenberg_block_has_review":false,"footnotes":""},"class_list":["post-98","page","type-page","status-publish","hentry"],"_links":{"self":[{"href":"https:\/\/11simposioesocite.ufpa.br\/index.php?rest_route=\/wp\/v2\/pages\/98","targetHints":{"allow":["GET"]}}],"collection":[{"href":"https:\/\/11simposioesocite.ufpa.br\/index.php?rest_route=\/wp\/v2\/pages"}],"about":[{"href":"https:\/\/11simposioesocite.ufpa.br\/index.php?rest_route=\/wp\/v2\/types\/page"}],"author":[{"embeddable":true,"href":"https:\/\/11simposioesocite.ufpa.br\/index.php?rest_route=\/wp\/v2\/users\/1"}],"replies":[{"embeddable":true,"href":"https:\/\/11simposioesocite.ufpa.br\/index.php?rest_route=%2Fwp%2Fv2%2Fcomments&post=98"}],"version-history":[{"count":2,"href":"https:\/\/11simposioesocite.ufpa.br\/index.php?rest_route=\/wp\/v2\/pages\/98\/revisions"}],"predecessor-version":[{"id":227,"href":"https:\/\/11simposioesocite.ufpa.br\/index.php?rest_route=\/wp\/v2\/pages\/98\/revisions\/227"}],"wp:attachment":[{"href":"https:\/\/11simposioesocite.ufpa.br\/index.php?rest_route=%2Fwp%2Fv2%2Fmedia&parent=98"}],"curies":[{"name":"wp","href":"https:\/\/api.w.org\/{rel}","templated":true}]}}