{"id":960,"date":"2025-08-27T13:18:33","date_gmt":"2025-08-27T16:18:33","guid":{"rendered":"https:\/\/11simposioesocite.ufpa.br\/?page_id=960"},"modified":"2025-08-29T10:38:50","modified_gmt":"2025-08-29T13:38:50","slug":"cronicas-de-uma-comunidade-amazonica-oito-decadas-de-pesquisa-eenvolvimento-em-gurupa-para","status":"publish","type":"page","link":"https:\/\/11simposioesocite.ufpa.br\/?page_id=960","title":{"rendered":"Cr\u00f4nicas de Uma Comunidade Amaz\u00f4nica Oito d\u00e9cadas de pesquisa e envolvimento em Gurup\u00e1, Par\u00e1"},"content":{"rendered":"\n<p><strong>Organiza\u00e7\u00e3o: Richard Pace, Helena Pinto Lima<\/strong><\/p>\n\n\n\n<p>O livro Cr\u00f4nicas de uma Comunidade Amaz\u00f4nica. Oito d\u00e9cadas de pesquisa e envolvimento em Gurup\u00e1, Par\u00e1, possui um significado espl\u00eandido para a regi\u00e3o Amaz\u00f4nica, pois, nos permite viajar em um mar de conhecimentos em meio a uma simbiose com a regi\u00e3o. O livro sistematiza diversas pesquisas sobre a regi\u00e3o de Gurup\u00e1, no arquip\u00e9lago do Maraj\u00f3. S\u00e3o trabalhos de grande relev\u00e2ncia acad\u00eamica que envolvem diferentes campos do conhecimento, como a Arqueologia, Antropologia e a Sociologia com temas que passam por quest\u00f5es, culturais, \u00e9tnicas, religiosas, arqueol\u00f3gicas, socioambientais, territoriais, entre outros, o que demonstra o rico conte\u00fado desta obra.<\/p>\n\n\n\n<p>Editora: Museu Paraense Em\u00edlio Goeldi<br>Ano: 2024<\/p>\n\n\n\n<p>Informa\u00e7\u00f5es sobre financiamentos ou apoios institucionais: O livro foi editado pelo Museu Paraense Em\u00edlio Goeldi e impresso em parceria com a Gr\u00e1fica da Imprensa Oficial do Estado do Par\u00e1 \u2013 IOEPA.<\/p>\n","protected":false},"excerpt":{"rendered":"<p>Organiza\u00e7\u00e3o: Richard Pace, Helena Pinto Lima O livro Cr\u00f4nicas de uma Comunidade Amaz\u00f4nica. Oito d\u00e9cadas de pesquisa e envolvimento em Gurup\u00e1, Par\u00e1, possui um significado espl\u00eandido para a regi\u00e3o Amaz\u00f4nica, pois, nos permite viajar em um mar de conhecimentos em meio a uma simbiose com a regi\u00e3o. O livro sistematiza diversas pesquisas sobre a regi\u00e3o&#8230;<\/p>\n","protected":false},"author":1,"featured_media":0,"parent":0,"menu_order":0,"comment_status":"closed","ping_status":"closed","template":"","meta":{"_themeisle_gutenberg_block_has_review":false,"footnotes":""},"class_list":["post-960","page","type-page","status-publish","hentry"],"_links":{"self":[{"href":"https:\/\/11simposioesocite.ufpa.br\/index.php?rest_route=\/wp\/v2\/pages\/960","targetHints":{"allow":["GET"]}}],"collection":[{"href":"https:\/\/11simposioesocite.ufpa.br\/index.php?rest_route=\/wp\/v2\/pages"}],"about":[{"href":"https:\/\/11simposioesocite.ufpa.br\/index.php?rest_route=\/wp\/v2\/types\/page"}],"author":[{"embeddable":true,"href":"https:\/\/11simposioesocite.ufpa.br\/index.php?rest_route=\/wp\/v2\/users\/1"}],"replies":[{"embeddable":true,"href":"https:\/\/11simposioesocite.ufpa.br\/index.php?rest_route=%2Fwp%2Fv2%2Fcomments&post=960"}],"version-history":[{"count":4,"href":"https:\/\/11simposioesocite.ufpa.br\/index.php?rest_route=\/wp\/v2\/pages\/960\/revisions"}],"predecessor-version":[{"id":990,"href":"https:\/\/11simposioesocite.ufpa.br\/index.php?rest_route=\/wp\/v2\/pages\/960\/revisions\/990"}],"wp:attachment":[{"href":"https:\/\/11simposioesocite.ufpa.br\/index.php?rest_route=%2Fwp%2Fv2%2Fmedia&parent=960"}],"curies":[{"name":"wp","href":"https:\/\/api.w.org\/{rel}","templated":true}]}}