{"id":943,"date":"2025-08-27T11:23:14","date_gmt":"2025-08-27T14:23:14","guid":{"rendered":"https:\/\/11simposioesocite.ufpa.br\/?page_id=943"},"modified":"2025-08-27T13:24:40","modified_gmt":"2025-08-27T16:24:40","slug":"sifilis-e-reforma-da-saude-na-bahia-1920-1945","status":"publish","type":"page","link":"https:\/\/11simposioesocite.ufpa.br\/?page_id=943","title":{"rendered":"S\u00edfilis e reforma da sa\u00fade na Bahia (1920-1945)"},"content":{"rendered":"\n<p><strong>Autoria: Ricardo dos Santos Batista<\/strong><\/p>\n\n\n\n<p>Analisa o acordo entre o estado da Bahia e o Governo Federal, em 1921 para a\u00e7\u00f5es de saneamento rural, tuberculose, higiene infantil e lepra e doen\u00e7as ven\u00e9reas. Partindo da hist\u00f3ria da sa\u00fade internacional, analisa v\u00ednculos do projeto desenvolvido na Bahia com a Funda\u00e7\u00e3o Rockefeller e a racializa\u00e7\u00e3o da popula\u00e7\u00e3o negra e pobre baiana.<\/p>\n\n\n\n<p>Editora: Hucitec | Ano: 2025<br>Informa\u00e7\u00f5es sobre financiamentos ou apoios institucionais: CNPQ\/ PPGH-Uneb<\/p>\n","protected":false},"excerpt":{"rendered":"<p>Autoria: Ricardo dos Santos Batista Analisa o acordo entre o estado da Bahia e o Governo Federal, em 1921 para a\u00e7\u00f5es de saneamento rural, tuberculose, higiene infantil e lepra e doen\u00e7as ven\u00e9reas. Partindo da hist\u00f3ria da sa\u00fade internacional, analisa v\u00ednculos do projeto desenvolvido na Bahia com a Funda\u00e7\u00e3o Rockefeller e a racializa\u00e7\u00e3o da popula\u00e7\u00e3o negra&#8230;<\/p>\n","protected":false},"author":1,"featured_media":0,"parent":0,"menu_order":0,"comment_status":"closed","ping_status":"closed","template":"","meta":{"_themeisle_gutenberg_block_has_review":false,"footnotes":""},"class_list":["post-943","page","type-page","status-publish","hentry"],"_links":{"self":[{"href":"https:\/\/11simposioesocite.ufpa.br\/index.php?rest_route=\/wp\/v2\/pages\/943","targetHints":{"allow":["GET"]}}],"collection":[{"href":"https:\/\/11simposioesocite.ufpa.br\/index.php?rest_route=\/wp\/v2\/pages"}],"about":[{"href":"https:\/\/11simposioesocite.ufpa.br\/index.php?rest_route=\/wp\/v2\/types\/page"}],"author":[{"embeddable":true,"href":"https:\/\/11simposioesocite.ufpa.br\/index.php?rest_route=\/wp\/v2\/users\/1"}],"replies":[{"embeddable":true,"href":"https:\/\/11simposioesocite.ufpa.br\/index.php?rest_route=%2Fwp%2Fv2%2Fcomments&post=943"}],"version-history":[{"count":3,"href":"https:\/\/11simposioesocite.ufpa.br\/index.php?rest_route=\/wp\/v2\/pages\/943\/revisions"}],"predecessor-version":[{"id":964,"href":"https:\/\/11simposioesocite.ufpa.br\/index.php?rest_route=\/wp\/v2\/pages\/943\/revisions\/964"}],"wp:attachment":[{"href":"https:\/\/11simposioesocite.ufpa.br\/index.php?rest_route=%2Fwp%2Fv2%2Fmedia&parent=943"}],"curies":[{"name":"wp","href":"https:\/\/api.w.org\/{rel}","templated":true}]}}