{"id":938,"date":"2025-08-27T11:18:39","date_gmt":"2025-08-27T14:18:39","guid":{"rendered":"https:\/\/11simposioesocite.ufpa.br\/?page_id=938"},"modified":"2025-09-10T14:28:51","modified_gmt":"2025-09-10T17:28:51","slug":"lancamento-de-livros","status":"publish","type":"page","link":"https:\/\/11simposioesocite.ufpa.br\/?page_id=938","title":{"rendered":"Lan\u00e7amento de Livros"},"content":{"rendered":"\n<p class=\"has-text-align-center\"><strong>Data: 18\/09\/2025 | Hor\u00e1rio: 10h00 \u00e1s 11h00<\/strong><\/p>\n\n\n\n<p class=\"has-text-align-center\"><strong>Local: Mirante do Rio<\/strong><\/p>\n\n\n\n<ul class=\"wp-block-list\">\n<li><strong><a href=\"https:\/\/11simposioesocite.ufpa.br\/?page_id=950\">Desconectando N\u00f3s: misoginia e discurso de \u00f3dio contra mulheres nas redes sociais<\/a><\/strong> &#8211; Organiza\u00e7\u00e3o: Kirla Korina Anderson Ferreira, Klaissa Ver\u00f4nica dos Santos<br>Anderson; Breno Rodrigo de Oliveira Alencar.<\/li>\n<\/ul>\n\n\n\n<p><\/p>\n\n\n\n<ul class=\"wp-block-list\">\n<li><strong><a href=\"https:\/\/11simposioesocite.ufpa.br\/?page_id=943\">S\u00edfilis e reforma da sa\u00fade na Bahia (1920-1945)<\/a><\/strong> &#8211; Autoria: Ricardo dos Santos Batista<\/li>\n<\/ul>\n\n\n\n<p><\/p>\n\n\n\n<ul class=\"wp-block-list\">\n<li><strong><a href=\"https:\/\/11simposioesocite.ufpa.br\/?page_id=947\">Latin American Breakthroughs in STS Theory<\/a><\/strong> &#8211; Organiza\u00e7\u00e3o: Noela Invernizzi e&nbsp;Leandro Rodriguez Medina<\/li>\n<\/ul>\n\n\n\n<p><\/p>\n\n\n\n<ul class=\"wp-block-list\">\n<li><a href=\"https:\/\/11simposioesocite.ufpa.br\/?page_id=940\" data-type=\"link\" data-id=\"https:\/\/11simposioesocite.ufpa.br\/?page_id=940\"><strong>Modos de fazer e contar no Labirinto: Metodologias in(ter)disciplinares, feministas e criativas<\/strong> <\/a>&#8211; Organiza\u00e7\u00e3o: Daniela Tonelli Manica, Clarissa Reche Nunes da Costa e Fernando Monteiro Camargo<\/li>\n<\/ul>\n\n\n\n<ul class=\"wp-block-list\">\n<li><strong><a href=\"https:\/\/11simposioesocite.ufpa.br\/?page_id=955\">A Viagem circular de Paul Le Cointe (1900-1901)<\/a><\/strong> &#8211; Organiza\u00e7\u00e3o: Nelson Sanjad, &nbsp;Helo\u00edsa Bertol Domingues,&nbsp;&nbsp;Emilie Stoll<\/li>\n<\/ul>\n\n\n\n<ul class=\"wp-block-list\">\n<li><a href=\"https:\/\/11simposioesocite.ufpa.br\/?page_id=960\" data-type=\"link\" data-id=\"https:\/\/11simposioesocite.ufpa.br\/?page_id=960\"><strong>Cr\u00f4nicas de Uma Comunidade Amaz\u00f4nica Oito d\u00e9cadas de pesquisa e envolvimento em Gurup\u00e1, Par\u00e1<\/strong> <\/a>&#8211; Organiza\u00e7\u00e3o: Richard Pace, Helena Pinto Lima<\/li>\n<\/ul>\n\n\n\n<ul class=\"wp-block-list\">\n<li><strong><a href=\"https:\/\/11simposioesocite.ufpa.br\/?page_id=1016\">Ind\u00edgena Asurini Mulher &amp; Futebol: resist\u00eancia e conquista no territ\u00f3rio amaz\u00f4nico (Awa&#8217;et\u00e9 Akwawa Kosoa A, \u00c9 Yw\u00e1 Hekai&#8217;ete A&#8217;\u00e9 Omo&#8217;eapo , Ywy&#8217;ete&#8217;ohoa Rehe)<\/a><\/strong> &#8211; Autoria: Jairson Monteiro Rodrigues Vana<\/li>\n<\/ul>\n\n\n\n<p><\/p>\n","protected":false},"excerpt":{"rendered":"<p>Data: 18\/09\/2025 | Hor\u00e1rio: 10h00 \u00e1s 11h00 Local: Mirante do Rio<\/p>\n","protected":false},"author":1,"featured_media":0,"parent":0,"menu_order":0,"comment_status":"closed","ping_status":"closed","template":"","meta":{"_themeisle_gutenberg_block_has_review":false,"footnotes":""},"class_list":["post-938","page","type-page","status-publish","hentry"],"_links":{"self":[{"href":"https:\/\/11simposioesocite.ufpa.br\/index.php?rest_route=\/wp\/v2\/pages\/938","targetHints":{"allow":["GET"]}}],"collection":[{"href":"https:\/\/11simposioesocite.ufpa.br\/index.php?rest_route=\/wp\/v2\/pages"}],"about":[{"href":"https:\/\/11simposioesocite.ufpa.br\/index.php?rest_route=\/wp\/v2\/types\/page"}],"author":[{"embeddable":true,"href":"https:\/\/11simposioesocite.ufpa.br\/index.php?rest_route=\/wp\/v2\/users\/1"}],"replies":[{"embeddable":true,"href":"https:\/\/11simposioesocite.ufpa.br\/index.php?rest_route=%2Fwp%2Fv2%2Fcomments&post=938"}],"version-history":[{"count":13,"href":"https:\/\/11simposioesocite.ufpa.br\/index.php?rest_route=\/wp\/v2\/pages\/938\/revisions"}],"predecessor-version":[{"id":1140,"href":"https:\/\/11simposioesocite.ufpa.br\/index.php?rest_route=\/wp\/v2\/pages\/938\/revisions\/1140"}],"wp:attachment":[{"href":"https:\/\/11simposioesocite.ufpa.br\/index.php?rest_route=%2Fwp%2Fv2%2Fmedia&parent=938"}],"curies":[{"name":"wp","href":"https:\/\/api.w.org\/{rel}","templated":true}]}}