{"id":772,"date":"2025-08-12T10:31:49","date_gmt":"2025-08-12T13:31:49","guid":{"rendered":"https:\/\/11simposioesocite.ufpa.br\/?page_id=772"},"modified":"2025-08-12T10:31:49","modified_gmt":"2025-08-12T13:31:49","slug":"chamada-para-lancamento-de-livros-2","status":"publish","type":"page","link":"https:\/\/11simposioesocite.ufpa.br\/?page_id=772","title":{"rendered":"Chamada para Lan\u00e7amento de Livros"},"content":{"rendered":"\n<p>\u00a0O 11\u00ba Simp\u00f3sio Nacional de Ci\u00eancia, Tecnologia e Sociedade convida autoras\/es e organizadoras\/es a inscreverem obras para lan\u00e7amento durante o evento.<\/p>\n\n\n\n<p>Prazo para envio das propostas:\u00a0<strong>25\/08<\/strong><br>Envie para:\u00a0<strong>11simposioesocite@ufpa.br<\/strong><\/p>\n\n\n\n<p>Normas para lan\u00e7amento de livros:<br>A obra deve estar relacionada a debates relevantes para os Estudos Sociais da Ci\u00eancia e da Tecnologia (CTS) e\/ou \u00e0 tem\u00e1tica do evento. A proposta deve conter:<\/p>\n\n\n\n<p>\u2022 T\u00edtulo da publica\u00e7\u00e3o;<br>\u2022 Indica\u00e7\u00e3o se \u00e9 livro autoral ou colet\u00e2nea de artigos;<br>\u2022 Nome(s) da autoria ou organizadores\/as;<br>\u2022 V\u00ednculo institucional;<br>\u2022 Breve descri\u00e7\u00e3o da tem\u00e1tica do livro;<br>\u2022 Editora;<br>\u2022 Ano da edi\u00e7\u00e3o a ser lan\u00e7ada no evento;<br>\u2022 Breve apresenta\u00e7\u00e3o da trajet\u00f3ria da autoria e\/ou organizadores\/as;<br>\u2022 Informa\u00e7\u00f5es sobre financiamentos ou apoios institucionais, quando houver.<\/p>\n","protected":false},"excerpt":{"rendered":"<p>\u00a0O 11\u00ba Simp\u00f3sio Nacional de Ci\u00eancia, Tecnologia e Sociedade convida autoras\/es e organizadoras\/es a inscreverem obras para lan\u00e7amento durante o evento. Prazo para envio das propostas:\u00a025\/08Envie para:\u00a011simposioesocite@ufpa.br Normas para lan\u00e7amento de livros:A obra deve estar relacionada a debates relevantes para os Estudos Sociais da Ci\u00eancia e da Tecnologia (CTS) e\/ou \u00e0 tem\u00e1tica do evento. A&#8230;<\/p>\n","protected":false},"author":1,"featured_media":0,"parent":0,"menu_order":0,"comment_status":"closed","ping_status":"closed","template":"","meta":{"_themeisle_gutenberg_block_has_review":false,"footnotes":""},"class_list":["post-772","page","type-page","status-publish","hentry"],"_links":{"self":[{"href":"https:\/\/11simposioesocite.ufpa.br\/index.php?rest_route=\/wp\/v2\/pages\/772","targetHints":{"allow":["GET"]}}],"collection":[{"href":"https:\/\/11simposioesocite.ufpa.br\/index.php?rest_route=\/wp\/v2\/pages"}],"about":[{"href":"https:\/\/11simposioesocite.ufpa.br\/index.php?rest_route=\/wp\/v2\/types\/page"}],"author":[{"embeddable":true,"href":"https:\/\/11simposioesocite.ufpa.br\/index.php?rest_route=\/wp\/v2\/users\/1"}],"replies":[{"embeddable":true,"href":"https:\/\/11simposioesocite.ufpa.br\/index.php?rest_route=%2Fwp%2Fv2%2Fcomments&post=772"}],"version-history":[{"count":1,"href":"https:\/\/11simposioesocite.ufpa.br\/index.php?rest_route=\/wp\/v2\/pages\/772\/revisions"}],"predecessor-version":[{"id":773,"href":"https:\/\/11simposioesocite.ufpa.br\/index.php?rest_route=\/wp\/v2\/pages\/772\/revisions\/773"}],"wp:attachment":[{"href":"https:\/\/11simposioesocite.ufpa.br\/index.php?rest_route=%2Fwp%2Fv2%2Fmedia&parent=772"}],"curies":[{"name":"wp","href":"https:\/\/api.w.org\/{rel}","templated":true}]}}