{"id":759,"date":"2025-07-30T20:30:52","date_gmt":"2025-07-30T23:30:52","guid":{"rendered":"https:\/\/11simposioesocite.ufpa.br\/?page_id=759"},"modified":"2025-09-15T10:10:39","modified_gmt":"2025-09-15T13:10:39","slug":"forum-4-atuacao-do-octi-no-mapeamento-da-complexidade-da-ciencia-brasileira-metodologia-indicadores-e-capacidades-regionais","status":"publish","type":"page","link":"https:\/\/11simposioesocite.ufpa.br\/?page_id=759","title":{"rendered":"F\u00f3rum &#8211; Atua\u00e7\u00e3o do OCTI no Mapeamento da Complexidade da Ci\u00eancia Brasileira: Metodologia, Indicadores e Capacidades Regionais"},"content":{"rendered":"\n<p>O f\u00f3rum busca descrever a trajet\u00f3ria metodol\u00f3gica do Observat\u00f3rio de Ci\u00eancia, Tecnologia e Inova\u00e7\u00e3o (OCTI\/CGEE) na an\u00e1lise da produ\u00e7\u00e3o cient\u00edfica brasileira, com base em dados das plataformas Web of Science, Scopus e SciELO. Ser\u00e3o apresentados os avan\u00e7os em cientometria e intelig\u00eancia anal\u00edtica, incluindo a utiliza\u00e7\u00e3o de redes de similaridade sem\u00e2ntica, algoritmos de clusteriza\u00e7\u00e3o, diagramas estrat\u00e9gicos e m\u00e9tricas bibliom\u00e9tricas integradas. Ser\u00e3o discutidas, ainda, a aplica\u00e7\u00e3o sistem\u00e1tica do \u00cdndice de Especializa\u00e7\u00e3o (IE) e a constru\u00e7\u00e3o de indicadores georreferenciados para o diagn\u00f3stico das capacidades de CT&amp;I em n\u00edvel subnacional. A apresenta\u00e7\u00e3o culmina com a introdu\u00e7\u00e3o do recentemente desenvolvido \u00cdndice de Complexidade Cient\u00edfica (ICC), um indicador sint\u00e9tico que combina densidade tem\u00e1tica e diversidade cognitiva da produ\u00e7\u00e3o cient\u00edfica, com o objetivo de caracterizar as compet\u00eancias cient\u00edficas regionais. O ICC oferece subs\u00eddios anal\u00edticos para a formula\u00e7\u00e3o de pol\u00edticas p\u00fablicas baseadas em evid\u00eancias, com \u00eanfase na territorializa\u00e7\u00e3o do conhecimento cient\u00edfico e nas suas especializa\u00e7\u00f5es e especificidades regionais. Os resultados refor\u00e7am o papel estrat\u00e9gico do OCTI como infraestrutura de intelig\u00eancia voltada ao monitoramento e \u00e0 governan\u00e7a do Sistema Nacional de Ci\u00eancia, Tecnologia e Inova\u00e7\u00e3o (SNCTI).<\/p>\n\n\n\n<ul class=\"wp-block-list\">\n<li>Data: 17\/09\/2025<\/li>\n\n\n\n<li>Hor\u00e1rio: 18h00 \u2013 20h00<\/li>\n\n\n\n<li>Local: Audit\u00f3rio do ICEN<\/li>\n<\/ul>\n\n\n\n<figure class=\"wp-block-table\"><table class=\"has-fixed-layout\"><tbody><tr><td>Fabr\u00edcio Neves<\/td><td>UNB | ESOCITE BR<\/td><\/tr><tr><td>Cesar Augusto Costa<\/td><td>Assessor T\u00e9cnico e L\u00edder de Projetos do CGEE<\/td><\/tr><\/tbody><\/table><\/figure>\n\n\n\n<p><\/p>\n","protected":false},"excerpt":{"rendered":"<p>O f\u00f3rum busca descrever a trajet\u00f3ria metodol\u00f3gica do Observat\u00f3rio de Ci\u00eancia, Tecnologia e Inova\u00e7\u00e3o (OCTI\/CGEE) na an\u00e1lise da produ\u00e7\u00e3o cient\u00edfica brasileira, com base em dados das plataformas Web of Science, Scopus e SciELO. Ser\u00e3o apresentados os avan\u00e7os em cientometria e intelig\u00eancia anal\u00edtica, incluindo a utiliza\u00e7\u00e3o de redes de similaridade sem\u00e2ntica, algoritmos de clusteriza\u00e7\u00e3o, diagramas estrat\u00e9gicos&#8230;<\/p>\n","protected":false},"author":1,"featured_media":0,"parent":0,"menu_order":0,"comment_status":"closed","ping_status":"closed","template":"","meta":{"_themeisle_gutenberg_block_has_review":false,"footnotes":""},"class_list":["post-759","page","type-page","status-publish","hentry"],"_links":{"self":[{"href":"https:\/\/11simposioesocite.ufpa.br\/index.php?rest_route=\/wp\/v2\/pages\/759","targetHints":{"allow":["GET"]}}],"collection":[{"href":"https:\/\/11simposioesocite.ufpa.br\/index.php?rest_route=\/wp\/v2\/pages"}],"about":[{"href":"https:\/\/11simposioesocite.ufpa.br\/index.php?rest_route=\/wp\/v2\/types\/page"}],"author":[{"embeddable":true,"href":"https:\/\/11simposioesocite.ufpa.br\/index.php?rest_route=\/wp\/v2\/users\/1"}],"replies":[{"embeddable":true,"href":"https:\/\/11simposioesocite.ufpa.br\/index.php?rest_route=%2Fwp%2Fv2%2Fcomments&post=759"}],"version-history":[{"count":4,"href":"https:\/\/11simposioesocite.ufpa.br\/index.php?rest_route=\/wp\/v2\/pages\/759\/revisions"}],"predecessor-version":[{"id":1218,"href":"https:\/\/11simposioesocite.ufpa.br\/index.php?rest_route=\/wp\/v2\/pages\/759\/revisions\/1218"}],"wp:attachment":[{"href":"https:\/\/11simposioesocite.ufpa.br\/index.php?rest_route=%2Fwp%2Fv2%2Fmedia&parent=759"}],"curies":[{"name":"wp","href":"https:\/\/api.w.org\/{rel}","templated":true}]}}