{"id":689,"date":"2025-07-23T12:00:54","date_gmt":"2025-07-23T15:00:54","guid":{"rendered":"https:\/\/11simposioesocite.ufpa.br\/?page_id=689"},"modified":"2025-09-03T16:05:47","modified_gmt":"2025-09-03T19:05:47","slug":"informacoes-importantes","status":"publish","type":"page","link":"https:\/\/11simposioesocite.ufpa.br\/","title":{"rendered":"Informa\u00e7\u00f5es Importantes"},"content":{"rendered":"\n<p>As conferencistas do 11\u00b0 Simp\u00f3sio Nacional de Ci\u00eancia, Tecnologia e Sociedade da ESOCITE.BR j\u00e1 est\u00e3o confirmadas: <strong>Edna Castro<\/strong> e <strong>Eliane Brum<\/strong>.<\/p>\n\n\n\n<p>Duas trajet\u00f3rias inspiradoras que ir\u00e3o dialogar sobre ci\u00eancia, tecnologia, e sociedade.<\/p>\n\n\n\n<p>Confiram mais sobre as nossas conferencistas <a href=\"https:\/\/11simposioesocite.ufpa.br\/?page_id=910\">aqui<\/a><\/p>\n\n\n\n<figure class=\"wp-block-image size-large\"><img loading=\"lazy\" decoding=\"async\" width=\"819\" height=\"1024\" src=\"http:\/\/11simposioesocite.ufpa.br\/wp-content\/uploads\/2025\/08\/Design-sem-nome-1-819x1024.jpg\" alt=\"\" class=\"wp-image-1007\" srcset=\"https:\/\/11simposioesocite.ufpa.br\/wp-content\/uploads\/2025\/08\/Design-sem-nome-1-819x1024.jpg 819w, https:\/\/11simposioesocite.ufpa.br\/wp-content\/uploads\/2025\/08\/Design-sem-nome-1-240x300.jpg 240w, https:\/\/11simposioesocite.ufpa.br\/wp-content\/uploads\/2025\/08\/Design-sem-nome-1-768x960.jpg 768w, https:\/\/11simposioesocite.ufpa.br\/wp-content\/uploads\/2025\/08\/Design-sem-nome-1-300x375.jpg 300w, https:\/\/11simposioesocite.ufpa.br\/wp-content\/uploads\/2025\/08\/Design-sem-nome-1-850x1063.jpg 850w, https:\/\/11simposioesocite.ufpa.br\/wp-content\/uploads\/2025\/08\/Design-sem-nome-1.jpg 1080w\" sizes=\"auto, (max-width: 819px) 100vw, 819px\" \/><\/figure>\n\n\n\n<p><sub>Fotagrafias: Alexandre de Moraes | Lela Beltr\u00e3o\/Suma\u00fama<\/sub><\/p>\n\n\n\n<p>_________________________________________________________________________________________<\/p>\n\n\n\n<p><strong>Prazo para a entrega de resumo expandido e de artigo completo<\/strong><\/p>\n\n\n\n<p>O prazo para a entrega de resumo expandido e de artigo completo para a publica\u00e7\u00e3o nos Anais do 11\u00b0 Simp\u00f3sio Nacional de Ci\u00eancia, Tecnologia e Sociedade foi prorrogado para o dia <strong>30 de setembro de 2025<\/strong>.<\/p>\n\n\n\n<p>As normas para a formata\u00e7\u00e3o dos trabalhos est\u00e3o nos links abaixo:<\/p>\n\n\n\n<figure class=\"wp-block-embed is-type-wp-embed is-provider-m-dia-incorporada wp-block-embed-m-dia-incorporada\"><div class=\"wp-block-embed__wrapper\">\n<blockquote class=\"wp-embedded-content\" data-secret=\"JorLJod3yf\"><a href=\"https:\/\/11simposioesocite.ufpa.br\/?page_id=686\">Normas de publica\u00e7\u00e3o de resumos expandidos nos Anais do 11\u00b0 Simp\u00f3sio Nacional de Ci\u00eancia, Tecnologia e Sociedade &#8211; ESOCITE.Br<\/a><\/blockquote><iframe loading=\"lazy\" class=\"wp-embedded-content\" sandbox=\"allow-scripts\" security=\"restricted\" style=\"position: absolute; visibility: hidden;\" title=\"&#8220;Normas de publica\u00e7\u00e3o de resumos expandidos nos Anais do 11\u00b0 Simp\u00f3sio Nacional de Ci\u00eancia, Tecnologia e Sociedade &#8211; ESOCITE.Br&#8221; &#8212; \" src=\"https:\/\/11simposioesocite.ufpa.br\/?page_id=686&#038;embed=true#?secret=0jHOR0vZLe#?secret=JorLJod3yf\" data-secret=\"JorLJod3yf\" width=\"600\" height=\"338\" frameborder=\"0\" marginwidth=\"0\" marginheight=\"0\" scrolling=\"no\"><\/iframe>\n<\/div><\/figure>\n\n\n\n<figure class=\"wp-block-embed is-type-wp-embed is-provider-m-dia-incorporada wp-block-embed-m-dia-incorporada\"><div class=\"wp-block-embed__wrapper\">\n<blockquote class=\"wp-embedded-content\" data-secret=\"DZ6CkEhKym\"><a href=\"https:\/\/11simposioesocite.ufpa.br\/?page_id=681\">Normas de publica\u00e7\u00e3o de trabalhos completos nos Anais do 11\u00b0 Simp\u00f3sio Nacional de Ci\u00eancia, Tecnologia e Sociedade &#8211; ESOCITE.Br<\/a><\/blockquote><iframe loading=\"lazy\" class=\"wp-embedded-content\" sandbox=\"allow-scripts\" security=\"restricted\" style=\"position: absolute; visibility: hidden;\" title=\"&#8220;Normas de publica\u00e7\u00e3o de trabalhos completos nos Anais do 11\u00b0 Simp\u00f3sio Nacional de Ci\u00eancia, Tecnologia e Sociedade &#8211; ESOCITE.Br&#8221; &#8212; \" src=\"https:\/\/11simposioesocite.ufpa.br\/?page_id=681&#038;embed=true#?secret=YtzceFBjOk#?secret=DZ6CkEhKym\" data-secret=\"DZ6CkEhKym\" width=\"600\" height=\"338\" frameborder=\"0\" marginwidth=\"0\" marginheight=\"0\" scrolling=\"no\"><\/iframe>\n<\/div><\/figure>\n","protected":false},"excerpt":{"rendered":"<p>As conferencistas do 11\u00b0 Simp\u00f3sio Nacional de Ci\u00eancia, Tecnologia e Sociedade da ESOCITE.BR j\u00e1 est\u00e3o confirmadas: Edna Castro e Eliane Brum. Duas trajet\u00f3rias inspiradoras que ir\u00e3o dialogar sobre ci\u00eancia, tecnologia, e sociedade. Confiram mais sobre as nossas conferencistas aqui Fotagrafias: Alexandre de Moraes | Lela Beltr\u00e3o\/Suma\u00fama _________________________________________________________________________________________ Prazo para a entrega de resumo expandido e&#8230;<\/p>\n","protected":false},"author":1,"featured_media":0,"parent":0,"menu_order":0,"comment_status":"closed","ping_status":"closed","template":"","meta":{"_themeisle_gutenberg_block_has_review":false,"footnotes":""},"class_list":["post-689","page","type-page","status-publish","hentry"],"_links":{"self":[{"href":"https:\/\/11simposioesocite.ufpa.br\/index.php?rest_route=\/wp\/v2\/pages\/689","targetHints":{"allow":["GET"]}}],"collection":[{"href":"https:\/\/11simposioesocite.ufpa.br\/index.php?rest_route=\/wp\/v2\/pages"}],"about":[{"href":"https:\/\/11simposioesocite.ufpa.br\/index.php?rest_route=\/wp\/v2\/types\/page"}],"author":[{"embeddable":true,"href":"https:\/\/11simposioesocite.ufpa.br\/index.php?rest_route=\/wp\/v2\/users\/1"}],"replies":[{"embeddable":true,"href":"https:\/\/11simposioesocite.ufpa.br\/index.php?rest_route=%2Fwp%2Fv2%2Fcomments&post=689"}],"version-history":[{"count":12,"href":"https:\/\/11simposioesocite.ufpa.br\/index.php?rest_route=\/wp\/v2\/pages\/689\/revisions"}],"predecessor-version":[{"id":1058,"href":"https:\/\/11simposioesocite.ufpa.br\/index.php?rest_route=\/wp\/v2\/pages\/689\/revisions\/1058"}],"wp:attachment":[{"href":"https:\/\/11simposioesocite.ufpa.br\/index.php?rest_route=%2Fwp%2Fv2%2Fmedia&parent=689"}],"curies":[{"name":"wp","href":"https:\/\/api.w.org\/{rel}","templated":true}]}}