{"id":686,"date":"2025-07-23T11:56:47","date_gmt":"2025-07-23T14:56:47","guid":{"rendered":"https:\/\/11simposioesocite.ufpa.br\/?page_id=686"},"modified":"2025-08-27T10:48:11","modified_gmt":"2025-08-27T13:48:11","slug":"normas-de-publicacao-de-resumos-expandidos-nos-anais-do-11-simposio-nacional-de-ciencia-tecnologia-e-sociedade-esocite-br","status":"publish","type":"page","link":"https:\/\/11simposioesocite.ufpa.br\/?page_id=686","title":{"rendered":"Normas de publica\u00e7\u00e3o de resumos expandidos nos Anais do 11\u00b0 Simp\u00f3sio Nacional de Ci\u00eancia, Tecnologia e Sociedade &#8211; ESOCITE.Br"},"content":{"rendered":"\n<ol class=\"wp-block-list\">\n<li>A publica\u00e7\u00e3o de resumos expandidos nos Anais do 11\u00b0 Simp\u00f3sio Nacional de Ci\u00eancia, Tecnologia e Sociedade \u2013 ESOCITE.BR 2025 se destina \u00e0queles que apresentaram trabalhos na modalidade de P\u00f4ster.<\/li>\n\n\n\n<li>Aqueles que, por quaisquer motivos, n\u00e3o compareceram ao evento, ter\u00e3o seus resumos expandidos publicados nos Anais do 11\u00b0 Simp\u00f3sio Nacional de Ci\u00eancia, Tecnologia e Sociedade, desde que os procedimentos de inscri\u00e7\u00e3o e filia\u00e7\u00e3o \u00e0 Esocite.BR tenham sido realizados.<\/li>\n\n\n\n<li>A comprova\u00e7\u00e3o da apresenta\u00e7\u00e3o do trabalho durante a realiza\u00e7\u00e3o do evento ser\u00e1 atestada pela assinatura da lista de presen\u00e7a, referente ao Grupo Tem\u00e1tico para a qual o trabalho foi selecionado.&nbsp;<\/li>\n\n\n\n<li>O autor dever\u00e1 submeter na base da \u00c1rea do Participante o arquivo do Resumo Expandido conforme especifica\u00e7\u00f5es detalhadas abaixo:<\/li>\n<\/ol>\n\n\n\n<p>Em todo o arquivo utilizar fonte ARIAL.<\/p>\n\n\n\n<p><br><strong>T\u00cdTULO<\/strong>:&nbsp;fonte negrito, tamanho 14, mai\u00fasculas, alinhamento centralizado. Deixar 01 linha em branco. Inserir, em nota de rodap\u00e9, tamanho 10, quando o trabalho for resultado de projeto de pesquisa, ensino ou extens\u00e3o ou quando houver financiamento para indicar o \u00f3rg\u00e3o de fomento.<\/p>\n\n\n\n<p><strong>Autores, coautores e v\u00ednculo<\/strong>:&nbsp;inserir o nome completo do(a) autor(a), dos coautores e do(a) orientador(a) (quando for o caso) (um por linha) apenas as iniciais em mai\u00fasculas, alinhado \u00e0 direita, tamanho 12. Inserir v\u00ednculo institucional e e-mail de autores e coautores em nota de rodap\u00e9, tamanho 10. Deixar 01 linha em branco.<br><strong>O(a) orientador(a) deve estar cadastrado(a) no site do evento para que seu nome possa ser adicionado pelo autor no ato de submiss\u00e3o, contudo o pagamento \u00e9 facultativo! (Somente \u00e9 obrigat\u00f3rio caso o mesmo queira figurar como coautor(a) e\/ou participar do evento.)<\/strong><\/p>\n\n\n\n<p><strong>Resumo Expandido<\/strong>:&nbsp;dever\u00e1 conter <strong>no&nbsp;m\u00ednimo 04 e no m\u00e1ximo 06 p\u00e1ginas<\/strong>, tamanho 12, utilizando formato A4, margens superior\/esquerda 3,0 cm e inferior\/direita 2,0 cm, par\u00e1grafo 1,25 cm, com espa\u00e7amento entre linhas 1,5 cm, contendo&nbsp;<strong>Introdu\u00e7\u00e3o<\/strong>&nbsp;(justificativa impl\u00edcita e objetivos),&nbsp;<strong>Metodologia<\/strong>,&nbsp;<strong>Referencial Te\u00f3rico<\/strong>&nbsp;(pode vir anexo \u00e0 introdu\u00e7\u00e3o),&nbsp;<strong>Resultados&nbsp;e&nbsp;Discuss\u00e3o<\/strong>&nbsp;(n\u00e3o podendo inserir tabelas, gr\u00e1ficos ou figuras),&nbsp;<strong>Considera\u00e7\u00f5es Finais<\/strong>,&nbsp;<strong>Palavras-chaves<\/strong>&nbsp;(adicionar entre&nbsp;tr\u00eas e cinco, separadas entre si por v\u00edrgula e finalizadas por ponto),&nbsp;<strong>Agradecimentos<\/strong>&nbsp;(opcional) e&nbsp;<strong>Refer\u00eancias&nbsp;de acordo com a ABNT<\/strong>.<\/p>\n\n\n\n<p><br><strong>Formato:\u00a0O arquivo dever\u00e1 ser anexado no formato PDF, com tamanho m\u00e1ximo de 2MB.\u00a0<\/strong><\/p>\n\n\n\n<p><strong>IMPORTANTE<\/strong>:&nbsp;Certifique-se de que o seu trabalho esteja formatado corretamente e fa\u00e7a a submiss\u00e3o normalmente.<\/p>\n\n\n\n<p><strong>Aten\u00e7\u00e3o<\/strong>:<br>Resumos expandidos que apresentam&nbsp;<strong>resultados de pesquisa<\/strong> devem ser&nbsp;<strong>escritos em coautoria com o(a) professor(a) orientador(a)<\/strong>.<\/p>\n\n\n\n<p>As&nbsp;<strong>notas explicativas<\/strong>&nbsp;devem estar apresentadas em&nbsp;<strong>notas de rodap\u00e9<\/strong>, atendendo ao&nbsp;<strong>estritamente indispens\u00e1vel<\/strong>, inseridas automaticamente, tamanho 10.<\/p>\n\n\n\n<p>As&nbsp;<strong>refer\u00eancias<\/strong>, com todos os dados da obra citada, devem seguir as normas atuais e em vigor da ABNT.<\/p>\n\n\n\n<p>Para&nbsp;<strong>destaques no texto<\/strong>, preferir&nbsp;<strong>sublinhado<\/strong>&nbsp;(caso seja efetuado em cita\u00e7\u00f5es, indicar que os grifos s\u00e3o do autor). N\u00e3o deve ser utilizado o recurso de caixa alta \/ letras mai\u00fasculas.<\/p>\n\n\n\n<p>Para&nbsp;<strong>termos estrangeiros<\/strong>, utilizar&nbsp;<em>it\u00e1lico<\/em>;&nbsp;<strong>t\u00edtulo de livros e t\u00edtulo de peri\u00f3dicos<\/strong>&nbsp;devem estar em&nbsp;<em>it\u00e1lico<\/em>;&nbsp;<strong>links&nbsp;da internet<\/strong>&nbsp;devem ser citados conforme normas em vigor da ABNT.<\/p>\n\n\n\n<p>Sinalizar, sempre que for pertinente, a&nbsp;<strong>aprova\u00e7\u00e3o da pesquisa em comit\u00eas de \u00e9tica<\/strong>&nbsp;e\/ou equivalentes.<\/p>\n\n\n\n<p><br><strong>Enviar texto em acordo com a norma culta da l\u00edngua portuguesa, j\u00e1 devidamente revisado.<\/strong><\/p>\n\n\n\n<p><strong>IMPORTANTE<\/strong>: Ap\u00f3s publicados, os arquivos de trabalhos n\u00e3o poder\u00e3o sofrer mais nenhuma altera\u00e7\u00e3o ou corre\u00e7\u00e3o.<\/p>\n","protected":false},"excerpt":{"rendered":"<p>Em todo o arquivo utilizar fonte ARIAL. T\u00cdTULO:&nbsp;fonte negrito, tamanho 14, mai\u00fasculas, alinhamento centralizado. Deixar 01 linha em branco. Inserir, em nota de rodap\u00e9, tamanho 10, quando o trabalho for resultado de projeto de pesquisa, ensino ou extens\u00e3o ou quando houver financiamento para indicar o \u00f3rg\u00e3o de fomento. Autores, coautores e v\u00ednculo:&nbsp;inserir o nome completo&#8230;<\/p>\n","protected":false},"author":1,"featured_media":0,"parent":0,"menu_order":0,"comment_status":"closed","ping_status":"closed","template":"","meta":{"_themeisle_gutenberg_block_has_review":false,"footnotes":""},"class_list":["post-686","page","type-page","status-publish","hentry"],"_links":{"self":[{"href":"https:\/\/11simposioesocite.ufpa.br\/index.php?rest_route=\/wp\/v2\/pages\/686","targetHints":{"allow":["GET"]}}],"collection":[{"href":"https:\/\/11simposioesocite.ufpa.br\/index.php?rest_route=\/wp\/v2\/pages"}],"about":[{"href":"https:\/\/11simposioesocite.ufpa.br\/index.php?rest_route=\/wp\/v2\/types\/page"}],"author":[{"embeddable":true,"href":"https:\/\/11simposioesocite.ufpa.br\/index.php?rest_route=\/wp\/v2\/users\/1"}],"replies":[{"embeddable":true,"href":"https:\/\/11simposioesocite.ufpa.br\/index.php?rest_route=%2Fwp%2Fv2%2Fcomments&post=686"}],"version-history":[{"count":2,"href":"https:\/\/11simposioesocite.ufpa.br\/index.php?rest_route=\/wp\/v2\/pages\/686\/revisions"}],"predecessor-version":[{"id":937,"href":"https:\/\/11simposioesocite.ufpa.br\/index.php?rest_route=\/wp\/v2\/pages\/686\/revisions\/937"}],"wp:attachment":[{"href":"https:\/\/11simposioesocite.ufpa.br\/index.php?rest_route=%2Fwp%2Fv2%2Fmedia&parent=686"}],"curies":[{"name":"wp","href":"https:\/\/api.w.org\/{rel}","templated":true}]}}