{"id":681,"date":"2025-07-23T10:32:48","date_gmt":"2025-07-23T13:32:48","guid":{"rendered":"https:\/\/11simposioesocite.ufpa.br\/?page_id=681"},"modified":"2025-07-23T11:55:16","modified_gmt":"2025-07-23T14:55:16","slug":"normas-de-publicacao-de-trabalhos-completos-nos-anais-do-11-simposio-nacional-de-ciencia-tecnologia-e-sociedade-esocite-br","status":"publish","type":"page","link":"https:\/\/11simposioesocite.ufpa.br\/?page_id=681","title":{"rendered":"Normas de publica\u00e7\u00e3o de trabalhos completos nos Anais do 11\u00b0 Simp\u00f3sio Nacional de Ci\u00eancia, Tecnologia e Sociedade &#8211; ESOCITE.Br"},"content":{"rendered":"\n<p><strong>1. NORMAS GERAIS<\/strong><\/p>\n\n\n\n<p>1.1. A publica\u00e7\u00e3o de trabalhos completos nos Anais do 11\u00b0 Simp\u00f3sio Nacional de Ci\u00eancia, Tecnologia e Sociedade &#8211; ESOCITE.BR se destina aos que apresentaram trabalhos na modalidade Grupo Tem\u00e1tico. Os artigos devem ser originais, in\u00e9ditos e n\u00e3o submetidos a nenhum outro processo editorial. O envio n\u00e3o \u00e9 obrigat\u00f3rio (os artigos completos recebidos estar\u00e3o nos anais, mas n\u00e3o ser\u00e3o avaliados).<\/p>\n\n\n\n<p>1.2. Os participantes que n\u00e3o compareceram ao evento, e n\u00e3o apresentaram trabalho, n\u00e3o ter\u00e3o seus textos completos publicados nos Anais do 11\u00b0 Simp\u00f3sio Nacional de Ci\u00eancia, Tecnologia e Sociedade<strong>.<\/strong><\/p>\n\n\n\n<p>1.3. Para comprovar a apresenta\u00e7\u00e3o do trabalho no evento, o participante dever\u00e1 assinar a lista de presen\u00e7a, referente ao Grupo Tem\u00e1tico para a qual o trabalho foi selecionado.<\/p>\n\n\n\n<p><strong>2. <\/strong><strong>DA SUBMISS\u00c3O<\/strong><\/p>\n\n\n\n<p>2.1. Os textos dever\u00e3o ser enviados no site do sistema do evento pelo(a) autor(a) ou, no caso de mais autores(as), por um(a) deles(as), seguindo a formata\u00e7\u00e3o indicada neste documento, at\u00e9 o dia 30 de setembro de 2025.<\/p>\n\n\n\n<p>2.2. Trabalhos enviados fora da formata\u00e7\u00e3o e prazos estabelecidos <strong>N\u00c3O<\/strong> ser\u00e3o aceitos.<\/p>\n\n\n\n<p><strong>3. <\/strong><strong>DA FORMATA\u00c7\u00c3O<\/strong><\/p>\n\n\n\n<p>3.1. Os textos devem ter no m\u00e1ximo 20 (vinte) laudas e o m\u00ednimo de 10 (dez), no formato ODT, DOC ou DOCX.<\/p>\n\n\n\n<p>3.2. <strong>P\u00e1gina:<\/strong><\/p>\n\n\n\n<ul class=\"wp-block-list\">\n<li>Formato: A4;<\/li>\n\n\n\n<li>Margem superior e esquerda: 3cm;<\/li>\n\n\n\n<li>Margem inferior e direita: 2cm.<\/li>\n<\/ul>\n\n\n\n<p>3.3. <strong>T\u00edtulo e pr\u00e9-textual:<\/strong><\/p>\n\n\n\n<ul class=\"wp-block-list\">\n<li><strong>T\u00edtulo:<\/strong> deve ser o mesmo utilizado no ato da inscri\u00e7\u00e3o de seu trabalho. Fonte Arial, tamanho 14, negrito, centralizado, primeira letra mai\u00fascula e demais em min\u00fasculo (exceto nomes pr\u00f3prios), sem espa\u00e7amento entrelinhas e entre par\u00e1grafos.<\/li>\n\n\n\n<li><strong>Identifica\u00e7\u00e3o:<\/strong> logo abaixo do t\u00edtulo, dever\u00e1 constar o nome dos(as) autores(as), alinhado \u00e0 direita, depois de uma linha de espa\u00e7o do t\u00edtulo. Letra Arial, tamanho 12, sem espa\u00e7amento entre linhas e entre par\u00e1grafos entre os nomes dos(as) autores(as). O nome dos(as) autores(as) deve ser numerado para inser\u00e7\u00e3o das notas no p\u00e9 da p\u00e1gina. No p\u00e9 de p\u00e1gina, letra Arial, tamanho 10, devendo constar para cada autor(a): titula\u00e7\u00e3o, vincula\u00e7\u00e3o institucional, endere\u00e7o eletr\u00f4nico e a identifica\u00e7\u00e3o de apoio por ag\u00eancia de fomento (caso exista).<\/li>\n\n\n\n<li><strong>Resumo:<\/strong> Letra Arial, tamanho 12, espa\u00e7amento simples entre linhas.<\/li>\n\n\n\n<li><strong>Palavras-chave:<\/strong> Indica\u00e7\u00e3o de 3 (tr\u00eas) palavras-chave, separadas por v\u00edrgula, com a primeira letra em mai\u00fasculo e demais em min\u00fasculo. Letra Arial, tamanho 10, espa\u00e7amento simples entre linhas.<\/li>\n<\/ul>\n\n\n\n<p>3.4. <strong>Corpo do texto:<\/strong><\/p>\n\n\n\n<ul class=\"wp-block-list\">\n<li>Justificado, fonte Arial, tamanho 12.<\/li>\n\n\n\n<li>Espa\u00e7amento entrelinhas 1,5.<\/li>\n\n\n\n<li>Primeira linha do par\u00e1grafo com recuo de 1,25cm.<\/li>\n\n\n\n<li>Subt\u00edtulos e subdivis\u00f5es: em negrito, sem numera\u00e7\u00e3o, fonte Arial, tamanho 12, recuo 1,25cm.<\/li>\n\n\n\n<li>Os t\u00edtulos de obras citados no corpo do texto devem estar em it\u00e1lico, sem aspas.<\/li>\n\n\n\n<li>Cita\u00e7\u00f5es diretas, se no texto, colocar entre aspas, sem it\u00e1lico.<\/li>\n\n\n\n<li>Cita\u00e7\u00f5es diretas com mais de 3 linhas: sem aspas, recuo de 4cm, fonte 11, sem espa\u00e7amento entrelinhas.<\/li>\n\n\n\n<li>Palavras estrangeiras e nome de institui\u00e7\u00f5es: em it\u00e1lico e sem aspas.<\/li>\n\n\n\n<li>Caso o trabalho contenha imagens, gr\u00e1ficos e figuras, estas dever\u00e3o estar em 300 dpi, no formato TIF ou JPEG, e colocadas no pr\u00f3prio texto. A legenda dever\u00e1 estar em fonte Arial, tamanho 10, espa\u00e7amento simples.<\/li>\n<\/ul>\n\n\n\n<p><strong>4. <\/strong><strong>DAS CITA\u00c7\u00d5ES, NOTAS DE RODAP\u00c9 E REFER\u00caNCIAS<\/strong><\/p>\n\n\n\n<p>4.1. <strong>Cita\u00e7\u00f5es:<\/strong><\/p>\n\n\n\n<ul class=\"wp-block-list\">\n<li>Os Anais do 11\u00b0 Simp\u00f3sio Nacional de Ci\u00eancia, Tecnologia e Sociedade adotam o sistema da ABNT para configura\u00e7\u00e3o das cita\u00e7\u00f5es nos trabalhos. Devem ser seguidas as normas da ABNT NBR-10520 dispon\u00edveis em <a href=\"https:\/\/coc.fiocruz.br\/wp-content\/uploads\/2024\/03\/Abnt_nbr_10520_2023.pdf\" target=\"_blank\" rel=\"noreferrer noopener\">https:\/\/coc.fiocruz.br\/wp-content\/uploads\/2024\/03\/Abnt_nbr_10520_2023.pdf<\/a>.<\/li>\n\n\n\n<li>Cita\u00e7\u00f5es diretas: dever\u00e3o conter o \u00faltimo sobrenome do(a) autor(a), a data de publica\u00e7\u00e3o da obra e a p\u00e1gina, quando necess\u00e1rio (Exemplo: Latour, 2000, p. 20).<\/li>\n\n\n\n<li>Cita\u00e7\u00f5es indiretas:\n<ul class=\"wp-block-list\">\n<li>Quando o(s) nome(s) do(s)(as) autor(es)(as) faz(em) parte do texto, mencionar a data da publica\u00e7\u00e3o citada entre par\u00eanteses (Exemplo: Como lembra Martins (1984), o futuro desenvolvimento da informa\u00e7\u00e3o est\u00e1&#8230;).<\/li>\n\n\n\n<li>A indica\u00e7\u00e3o da fonte entre par\u00eanteses poder\u00e1 suceder \u00e0 cita\u00e7\u00e3o (Exemplo: Ap\u00f3s esse primeiro isolamento, na Inglaterra, v\u00e1rios casos t\u00eam sido descritos em pa\u00edses como Canad\u00e1, Noruega, Holanda, Dinamarca e Finl\u00e2ndia (Glazerbrook et al., 1973; Jones, 1981)).<\/li>\n<\/ul>\n<\/li>\n<\/ul>\n\n\n\n<p>4.2. <strong>Refer\u00eancias Bibliogr\u00e1ficas:<\/strong><\/p>\n\n\n\n<ul class=\"wp-block-list\">\n<li>Devem seguir as recomenda\u00e7\u00f5es da ABNT NBR-6023, utilizando-se negrito para destaque dos t\u00edtulos.<\/li>\n<\/ul>\n\n\n\n<p><strong>5. <\/strong><strong>DA PUBLICA\u00c7\u00c3O<\/strong><\/p>\n\n\n\n<p>5.1. As revis\u00f5es dos textos s\u00e3o de responsabilidade dos(as) autores(as). Em caso de adapta\u00e7\u00e3o pela Comiss\u00e3o Organizadora das normas de publica\u00e7\u00e3o acima, estas ser\u00e3o feitas sem consulta. A Comiss\u00e3o Organizadora do 11\u00b0 Simp\u00f3sio Nacional de Ci\u00eancia, Tecnologia e Sociedade n\u00e3o se responsabiliza pela revis\u00e3o gramatical e ortogr\u00e1fica, sendo essa obriga\u00e7\u00e3o do(a) autor(a).<\/p>\n\n\n\n<p>5.2. Os Anais ser\u00e3o publicados em formato PDF e disponibilizados no site do 11\u00b0 Simp\u00f3sio Nacional de Ci\u00eancia, Tecnologia e Sociedade \u2013 Anais Eletr\u00f4nicos at\u00e9 15 de dezembro de 2025.<\/p>\n\n\n\n<p>5.3. Ao enviar seu artigo, o(a) autor(a) declara estar ciente e de acordo com todas as especifica\u00e7\u00f5es acima.<\/p>\n\n\n\n<p><strong>Bel\u00e9m<\/strong><strong>, <\/strong><strong>21<\/strong><strong> de <\/strong><strong>julho<\/strong><strong> de 20<\/strong><strong>25<\/strong><strong>,<\/strong><\/p>\n\n\n\n<p><em>Comiss\u00e3o Organizadora do 11\u00b0 Simp\u00f3sio Nacional de Ci\u00eancia, Tecnologia e Sociedade<\/em><\/p>\n","protected":false},"excerpt":{"rendered":"<p>1. NORMAS GERAIS 1.1. A publica\u00e7\u00e3o de trabalhos completos nos Anais do 11\u00b0 Simp\u00f3sio Nacional de Ci\u00eancia, Tecnologia e Sociedade &#8211; ESOCITE.BR se destina aos que apresentaram trabalhos na modalidade Grupo Tem\u00e1tico. Os artigos devem ser originais, in\u00e9ditos e n\u00e3o submetidos a nenhum outro processo editorial. O envio n\u00e3o \u00e9 obrigat\u00f3rio (os artigos completos recebidos&#8230;<\/p>\n","protected":false},"author":1,"featured_media":0,"parent":0,"menu_order":0,"comment_status":"closed","ping_status":"closed","template":"","meta":{"_themeisle_gutenberg_block_has_review":false,"footnotes":""},"class_list":["post-681","page","type-page","status-publish","hentry"],"_links":{"self":[{"href":"https:\/\/11simposioesocite.ufpa.br\/index.php?rest_route=\/wp\/v2\/pages\/681","targetHints":{"allow":["GET"]}}],"collection":[{"href":"https:\/\/11simposioesocite.ufpa.br\/index.php?rest_route=\/wp\/v2\/pages"}],"about":[{"href":"https:\/\/11simposioesocite.ufpa.br\/index.php?rest_route=\/wp\/v2\/types\/page"}],"author":[{"embeddable":true,"href":"https:\/\/11simposioesocite.ufpa.br\/index.php?rest_route=\/wp\/v2\/users\/1"}],"replies":[{"embeddable":true,"href":"https:\/\/11simposioesocite.ufpa.br\/index.php?rest_route=%2Fwp%2Fv2%2Fcomments&post=681"}],"version-history":[{"count":3,"href":"https:\/\/11simposioesocite.ufpa.br\/index.php?rest_route=\/wp\/v2\/pages\/681\/revisions"}],"predecessor-version":[{"id":685,"href":"https:\/\/11simposioesocite.ufpa.br\/index.php?rest_route=\/wp\/v2\/pages\/681\/revisions\/685"}],"wp:attachment":[{"href":"https:\/\/11simposioesocite.ufpa.br\/index.php?rest_route=%2Fwp%2Fv2%2Fmedia&parent=681"}],"curies":[{"name":"wp","href":"https:\/\/api.w.org\/{rel}","templated":true}]}}