{"id":652,"date":"2025-07-16T11:26:34","date_gmt":"2025-07-16T14:26:34","guid":{"rendered":"https:\/\/11simposioesocite.ufpa.br\/?page_id=652"},"modified":"2025-09-15T13:55:19","modified_gmt":"2025-09-15T16:55:19","slug":"ca-9-simondon-100-anos-pensamiento-transdutivo","status":"publish","type":"page","link":"https:\/\/11simposioesocite.ufpa.br\/?page_id=652","title":{"rendered":"CA 9 &#8211; Simondon 100 a\u00f1os \u2013 Pensamiento Transdutivo"},"content":{"rendered":"\n<p>Bogot\u00e1: Ed. Aula Humanidades, 2024. ISBN 978-628-7777-08-8, 350p.<\/p>\n\n\n\n<p>O livro \u00e9 uma colet\u00e2nea com o objetivo de celebrar os 100 anos de nascimento do fil\u00f3sofo franc\u00eas Gilbert Simondon. Lan\u00e7ado na feira do livro de Bogot\u00e1, no final de abril de 2025, essa edi\u00e7\u00e3o bil\u00edngue re\u00fane 16 estudos (9 em espanhol e 7 em portugu\u00eas) que n\u00e3o pretendem representar todos os temas e \u00e1reas inspiradas por Simondon hoje. Mais do que isso, esperamos que estes textos \u2014 guiados pela no\u00e7\u00e3o de&nbsp;transdutividade &#8211; sirvam como um \u00edndice para novas produ\u00e7\u00f5es, caminhos de pesquisa e articula\u00e7\u00f5es interdisciplinares ainda inexploradas. Dividido em 4 se\u00e7\u00f5es, aborda inicialmente a filosofia da t\u00e9cnica do autor, lan\u00e7ada como segunda tese de doutorado em 1958, intitulada Do Modo de Exist\u00eancia dos Objetos T\u00e9cnicos, abordando temas como a&nbsp;intelig\u00eancia artificial, o&nbsp;transindividual, articulando o m\u00e9todo ontogen\u00e9tico e conhecimento cient\u00edfico. A segunda se\u00e7\u00e3o valoriza o acoplamento com a m\u00e1quina&nbsp;a partir dos conceitos de&nbsp;concretiza\u00e7\u00e3o&nbsp;e&nbsp;tecnicidade, estabelecendo importantes diferen\u00e7as atrav\u00e9s das no\u00e7\u00f5es de&nbsp;informa\u00e7\u00e3o, natureza, physis&nbsp;e&nbsp;pr\u00e9-individual. A terceira se\u00e7\u00e3o se volta para o di\u00e1logo com a Psicologia, ou mais precisamente, sobre a individua\u00e7\u00e3o ps\u00edquica, que relaciona a natureza com a subjetividade, com estudos sobre a cogni\u00e7\u00e3o, a ang\u00fastia e a no\u00e7\u00e3o de modula\u00e7\u00e3o. Por fim, a \u00faltima se\u00e7\u00e3o explora a rela\u00e7\u00e3o entre experi\u00eancia e imagem, t\u00e9cnica e est\u00e9tica, temas que Simondon discutiu com seus alunos no ensino m\u00e9dio nos anos 1950. Rejeitando qualquer&nbsp;sustancialismo, ele critica a distin\u00e7\u00e3o r\u00edgida entre interioridade e exterioridade: quando a percep\u00e7\u00e3o opera como um campo comum entre arte e filosofia, o prazer est\u00e9tico transcende a contempla\u00e7\u00e3o da beleza, resgatando a&nbsp;experi\u00eancia m\u00e1gico-primitiva&nbsp;\u2013 um espa\u00e7o ao mesmo tempo religioso e funcional. Esta obra coletiva, com autores de quatro pa\u00edses latinoamericanos \u2014 Col\u00f4mbia, Brasil, Argentina e M\u00e9xico \u2014 relaciona vasta bibliografia contempor\u00e2nea com os escritos de Simondon, e aponta caminhos para ideias que circulam em publica\u00e7\u00f5es, encontros e semin\u00e1rios organizados pela&nbsp;Rede Latino-Americana de Estudos Simondonianos (REL\u00c9S). Esperamos que este livro funcione como uma&nbsp;m\u00e1quina aberta&nbsp;\u00e0 leitura e \u00e0 colabora\u00e7\u00e3o, fomentando produ\u00e7\u00f5es \u2014 acad\u00eamicas ou n\u00e3o \u2014 nos campos tecnol\u00f3gico, pol\u00edtico, art\u00edstico e comunicacional, abertas a novos futuros e inven\u00e7\u00f5es.<\/p>\n\n\n\n<ul class=\"wp-block-list\">\n<li>Data: 18\/09\/2025<\/li>\n\n\n\n<li>Hor\u00e1rio: 11h00 \u2013 12h00<\/li>\n\n\n\n<li>Local: Mirante do Rio \u2013 sala 206 (2o andar)<\/li>\n<\/ul>\n\n\n\n<figure class=\"wp-block-table\"><table class=\"has-fixed-layout\"><tbody><tr><td><strong>Thiago Oliveira da Silva Novaes <\/strong><\/td><td><strong>UFF<\/strong><\/td><\/tr><\/tbody><\/table><\/figure>\n","protected":false},"excerpt":{"rendered":"<p>Bogot\u00e1: Ed. Aula Humanidades, 2024. ISBN 978-628-7777-08-8, 350p. O livro \u00e9 uma colet\u00e2nea com o objetivo de celebrar os 100 anos de nascimento do fil\u00f3sofo franc\u00eas Gilbert Simondon. Lan\u00e7ado na feira do livro de Bogot\u00e1, no final de abril de 2025, essa edi\u00e7\u00e3o bil\u00edngue re\u00fane 16 estudos (9 em espanhol e 7 em portugu\u00eas) que&#8230;<\/p>\n","protected":false},"author":1,"featured_media":0,"parent":0,"menu_order":0,"comment_status":"closed","ping_status":"closed","template":"","meta":{"_themeisle_gutenberg_block_has_review":false,"footnotes":""},"class_list":["post-652","page","type-page","status-publish","hentry"],"_links":{"self":[{"href":"https:\/\/11simposioesocite.ufpa.br\/index.php?rest_route=\/wp\/v2\/pages\/652","targetHints":{"allow":["GET"]}}],"collection":[{"href":"https:\/\/11simposioesocite.ufpa.br\/index.php?rest_route=\/wp\/v2\/pages"}],"about":[{"href":"https:\/\/11simposioesocite.ufpa.br\/index.php?rest_route=\/wp\/v2\/types\/page"}],"author":[{"embeddable":true,"href":"https:\/\/11simposioesocite.ufpa.br\/index.php?rest_route=\/wp\/v2\/users\/1"}],"replies":[{"embeddable":true,"href":"https:\/\/11simposioesocite.ufpa.br\/index.php?rest_route=%2Fwp%2Fv2%2Fcomments&post=652"}],"version-history":[{"count":3,"href":"https:\/\/11simposioesocite.ufpa.br\/index.php?rest_route=\/wp\/v2\/pages\/652\/revisions"}],"predecessor-version":[{"id":1245,"href":"https:\/\/11simposioesocite.ufpa.br\/index.php?rest_route=\/wp\/v2\/pages\/652\/revisions\/1245"}],"wp:attachment":[{"href":"https:\/\/11simposioesocite.ufpa.br\/index.php?rest_route=%2Fwp%2Fv2%2Fmedia&parent=652"}],"curies":[{"name":"wp","href":"https:\/\/api.w.org\/{rel}","templated":true}]}}