{"id":650,"date":"2025-07-16T11:25:19","date_gmt":"2025-07-16T14:25:19","guid":{"rendered":"https:\/\/11simposioesocite.ufpa.br\/?page_id=650"},"modified":"2025-09-15T13:55:50","modified_gmt":"2025-09-15T16:55:50","slug":"ca-8-qual-interdisciplinaridade-esta-em-jogo-debates-sobre-processos-comunicacionais-e-educativos","status":"publish","type":"page","link":"https:\/\/11simposioesocite.ufpa.br\/?page_id=650","title":{"rendered":"CA 8 &#8211; Qual interdisciplinaridade est\u00e1 em jogo? Debates sobre processos comunicacionais e educativos"},"content":{"rendered":"\n<p>Esse livro \u00e9 um e-book organizado por Arthur Autran e Thales de Andrade por ocasi\u00e3o do IX Simp\u00f3sio da Esocite.br. Trata-se de mostrar a complexidade do tema da interdisciplinaridade em suas m\u00faltiplas perspectivas. (https:\/\/ponteseditores.com.br\/loja3\/pontes-editores-home-2__trashed\/ebook\/qual-interdisciplinaridade-esta-em-jogo-debates-sobre-processos-comunicacionais-e-educativos\/). Na primeira se\u00e7\u00e3o temos a contribui\u00e7\u00e3o de autores que se propuseram a debater os dilemas atuais da quest\u00e3o da interdisciplinaridade. Ivan da Costa Marques traz uma reflex\u00e3o sobre diferentes formas de interdisciplinaridade e como as novas configura\u00e7\u00f5es das ci\u00eancias afetam a percep\u00e7\u00e3o dos chamados mundos comuns. Renato Dagnino insere a problem\u00e1tica do capitalismo na compreens\u00e3o dos embates da economia solid\u00e1ria e a import\u00e2ncia da interdisciplinaridade. Julia Guivant e Matheus Froner trazem resultados de pesquisa sobre a compreens\u00e3o de cientistas envolvidos em pesquisas sobre mudan\u00e7as clim\u00e1ticas. Na segunda se\u00e7\u00e3o, Br\u00e1ulio Chaves e Claudia Fran\u00e7a trazem a experi\u00eancia do Projeto SoFiA, desenvolvido junto ao CEFET-MG. Irlan von Linsingen resgata as influ\u00eancias da perspectiva interdisciplinar sobre as pr\u00e1ticas educacionais e vincula a proposta de Educa\u00e7\u00e3o CTS a um novo arranjo de conhecimentos para o pensamento decolonial. Arthur Autran e Joyce Cury analisam document\u00e1rios realizados em ambientes de ensino formal e que procuram exercitar tratamentos est\u00e9ticos de forma interdisciplinar. Na terceira se\u00e7\u00e3o, Luciane Ribeiro do Valle faz um retrospecto hist\u00f3rico da divulga\u00e7\u00e3o cient\u00edfica no r\u00e1dio brasileiro e apresenta um quadro atual das emissoras universit\u00e1rias, com destaque para o estado de S\u00e3o Paulo. O artigo de Mariana Rodrigues Pezzo e T\u00e1rcio Minto Fabr\u00edcio prop\u00f5e uma reflex\u00e3o acerca da import\u00e2ncia e dos dilemas da divulga\u00e7\u00e3o cient\u00edfica em tempos de pandemia. Na \u00faltima se\u00e7\u00e3o, o texto de Marcius Freire e Philippe Lourdou aborda a obra de um dos mais importantes documentaristas de hist\u00f3ria do cinema, Jean Rouch. L\u00edgia Amoroso Galbiati e Jana\u00edna Welle, a partir do entrecruzamento da an\u00e1lise f\u00edlmica e com teorias do ecofeminismo analisam uma anima\u00e7\u00e3o que aborda quest\u00f5es atinentes \u00e0 crise ambiental contempor\u00e2nea. Belisa Figueir\u00f3 discute como as novas tecnologias cinematogr\u00e1ficas surgidas ap\u00f3s a Segunda Guerra foram importantes para o Cinema Novo.<\/p>\n\n\n\n<ul class=\"wp-block-list\">\n<li>Data: 18\/09\/2025<\/li>\n\n\n\n<li>Hor\u00e1rio: 11h00 \u2013 12h00<\/li>\n\n\n\n<li>Local: Mirante do Rio \u2013 sala 206 (2o andar)<\/li>\n<\/ul>\n\n\n\n<figure class=\"wp-block-table\"><table class=\"has-fixed-layout\"><tbody><tr><td><strong>Thales Haddad Novaes de Andrade<\/strong><\/td><td><strong> UFSCAR<\/strong><\/td><\/tr><\/tbody><\/table><\/figure>\n\n\n\n<p><\/p>\n","protected":false},"excerpt":{"rendered":"<p>Esse livro \u00e9 um e-book organizado por Arthur Autran e Thales de Andrade por ocasi\u00e3o do IX Simp\u00f3sio da Esocite.br. Trata-se de mostrar a complexidade do tema da interdisciplinaridade em suas m\u00faltiplas perspectivas. (https:\/\/ponteseditores.com.br\/loja3\/pontes-editores-home-2__trashed\/ebook\/qual-interdisciplinaridade-esta-em-jogo-debates-sobre-processos-comunicacionais-e-educativos\/). Na primeira se\u00e7\u00e3o temos a contribui\u00e7\u00e3o de autores que se propuseram a debater os dilemas atuais da quest\u00e3o da interdisciplinaridade. Ivan&#8230;<\/p>\n","protected":false},"author":1,"featured_media":0,"parent":0,"menu_order":0,"comment_status":"closed","ping_status":"closed","template":"","meta":{"_themeisle_gutenberg_block_has_review":false,"footnotes":""},"class_list":["post-650","page","type-page","status-publish","hentry"],"_links":{"self":[{"href":"https:\/\/11simposioesocite.ufpa.br\/index.php?rest_route=\/wp\/v2\/pages\/650","targetHints":{"allow":["GET"]}}],"collection":[{"href":"https:\/\/11simposioesocite.ufpa.br\/index.php?rest_route=\/wp\/v2\/pages"}],"about":[{"href":"https:\/\/11simposioesocite.ufpa.br\/index.php?rest_route=\/wp\/v2\/types\/page"}],"author":[{"embeddable":true,"href":"https:\/\/11simposioesocite.ufpa.br\/index.php?rest_route=\/wp\/v2\/users\/1"}],"replies":[{"embeddable":true,"href":"https:\/\/11simposioesocite.ufpa.br\/index.php?rest_route=%2Fwp%2Fv2%2Fcomments&post=650"}],"version-history":[{"count":3,"href":"https:\/\/11simposioesocite.ufpa.br\/index.php?rest_route=\/wp\/v2\/pages\/650\/revisions"}],"predecessor-version":[{"id":1246,"href":"https:\/\/11simposioesocite.ufpa.br\/index.php?rest_route=\/wp\/v2\/pages\/650\/revisions\/1246"}],"wp:attachment":[{"href":"https:\/\/11simposioesocite.ufpa.br\/index.php?rest_route=%2Fwp%2Fv2%2Fmedia&parent=650"}],"curies":[{"name":"wp","href":"https:\/\/api.w.org\/{rel}","templated":true}]}}