{"id":647,"date":"2025-07-16T11:23:55","date_gmt":"2025-07-16T14:23:55","guid":{"rendered":"https:\/\/11simposioesocite.ufpa.br\/?page_id=647"},"modified":"2025-09-15T13:52:23","modified_gmt":"2025-09-15T16:52:23","slug":"ca-7-o-estado-ecologico-de-direito-e-a-democratizacao-da-ciencia","status":"publish","type":"page","link":"https:\/\/11simposioesocite.ufpa.br\/?page_id=647","title":{"rendered":"CA 7 &#8211; O Estado Ecol\u00f3gico de Direito e a Democratiza\u00e7\u00e3o da Ci\u00eancia"},"content":{"rendered":"\n<p>A partir da perspectiva de que o Brasil possui um d\u00e9ficit de 27 Mha de vegeta\u00e7\u00e3o nativa em propriedades rurais, al\u00e9m de ter a ambi\u00e7\u00e3o de restaurar 12 Mha at\u00e9 2030 (Contribui\u00e7\u00f5es Nacionais Determinadas\u2014Acordo de Paris), torna-se fundamental pensar, de forma interdisciplinar, tr\u00eas pontos principais: a) a democracia brasileira; b) o direito ao meio ambiente e; c) a efetiva\u00e7\u00e3o do conhecimento cient\u00edfico na tomada de decis\u00f5es realizada pela governan\u00e7a p\u00fablica. O objetivo desta discuss\u00e3o \u00e9 estabelecer como o estado de direito ecol\u00f3gico, ap\u00f3s a Emenda Constitucional n\u00ba 45\/1988, pode efetivar a democratiza\u00e7\u00e3o da ci\u00eancia pela governan\u00e7a p\u00fablica. Ent\u00e3o, atrav\u00e9s de um procedimento metodol\u00f3gico dedutivo e indutivo e uma pesquisa bibliogr\u00e1fica explorat\u00f3ria poder\u00e1 ser verificada as condicionantes que poder\u00e3o contribuir para que o objetivo proposto seja alcan\u00e7ado. Esta discuss\u00e3o tamb\u00e9m possui o cond\u00e3o de trazer \u00e0 tona: a) a responsabilidade do pesquisador cient\u00edfico ao vincular informa\u00e7\u00f5es cient\u00edficas e acad\u00eamicas; b) a responsabilidade da governan\u00e7a p\u00fablica ao tomar decis\u00f5es que envolvem o meio ambiente; c) qual o conhecimento cient\u00edfico aplic\u00e1vel. Por fim, democratizar o conhecimento cient\u00edfico para que a governan\u00e7a p\u00fablica possa, atrav\u00e9s da educa\u00e7\u00e3o e formas que o publicizem, bem como responsabilizar os entes envolvidos na tomada de decis\u00f5es, parece ser uma forma consider\u00e1vel de restaurar 12 Mha at\u00e9 o ano de 2030.<\/p>\n\n\n\n<ul class=\"wp-block-list\">\n<li>Data: 18\/09\/2025<\/li>\n\n\n\n<li>Hor\u00e1rio: 11h00 \u2013 12h00<\/li>\n\n\n\n<li>Local: Mirante do Rio \u2013 sala 204 (2o andar)<\/li>\n<\/ul>\n\n\n\n<figure class=\"wp-block-table\"><table class=\"has-fixed-layout\"><tbody><tr><td><strong>Heitor Antonio Cofferri <\/strong><\/td><td><strong>UNICAMP<\/strong><\/td><\/tr><tr><td><strong>Marko Monteiro <\/strong><\/td><td><strong>UNICAMP<\/strong><\/td><\/tr><\/tbody><\/table><\/figure>\n","protected":false},"excerpt":{"rendered":"<p>A partir da perspectiva de que o Brasil possui um d\u00e9ficit de 27 Mha de vegeta\u00e7\u00e3o nativa em propriedades rurais, al\u00e9m de ter a ambi\u00e7\u00e3o de restaurar 12 Mha at\u00e9 2030 (Contribui\u00e7\u00f5es Nacionais Determinadas\u2014Acordo de Paris), torna-se fundamental pensar, de forma interdisciplinar, tr\u00eas pontos principais: a) a democracia brasileira; b) o direito ao meio ambiente&#8230;<\/p>\n","protected":false},"author":1,"featured_media":0,"parent":0,"menu_order":0,"comment_status":"closed","ping_status":"closed","template":"","meta":{"_themeisle_gutenberg_block_has_review":false,"footnotes":""},"class_list":["post-647","page","type-page","status-publish","hentry"],"_links":{"self":[{"href":"https:\/\/11simposioesocite.ufpa.br\/index.php?rest_route=\/wp\/v2\/pages\/647","targetHints":{"allow":["GET"]}}],"collection":[{"href":"https:\/\/11simposioesocite.ufpa.br\/index.php?rest_route=\/wp\/v2\/pages"}],"about":[{"href":"https:\/\/11simposioesocite.ufpa.br\/index.php?rest_route=\/wp\/v2\/types\/page"}],"author":[{"embeddable":true,"href":"https:\/\/11simposioesocite.ufpa.br\/index.php?rest_route=\/wp\/v2\/users\/1"}],"replies":[{"embeddable":true,"href":"https:\/\/11simposioesocite.ufpa.br\/index.php?rest_route=%2Fwp%2Fv2%2Fcomments&post=647"}],"version-history":[{"count":3,"href":"https:\/\/11simposioesocite.ufpa.br\/index.php?rest_route=\/wp\/v2\/pages\/647\/revisions"}],"predecessor-version":[{"id":1241,"href":"https:\/\/11simposioesocite.ufpa.br\/index.php?rest_route=\/wp\/v2\/pages\/647\/revisions\/1241"}],"wp:attachment":[{"href":"https:\/\/11simposioesocite.ufpa.br\/index.php?rest_route=%2Fwp%2Fv2%2Fmedia&parent=647"}],"curies":[{"name":"wp","href":"https:\/\/api.w.org\/{rel}","templated":true}]}}