{"id":645,"date":"2025-07-16T11:22:13","date_gmt":"2025-07-16T14:22:13","guid":{"rendered":"https:\/\/11simposioesocite.ufpa.br\/?page_id=645"},"modified":"2025-09-15T13:54:51","modified_gmt":"2025-09-15T16:54:51","slug":"ca-6-modos-de-fazer-e-contar-no-labirinto-metodologias-interdisciplinares-feministas-e-criativas","status":"publish","type":"page","link":"https:\/\/11simposioesocite.ufpa.br\/?page_id=645","title":{"rendered":"CA 6 &#8211; Modos de fazer e contar no Labirinto: Metodologias in(ter)disciplinares, feministas e criativas"},"content":{"rendered":"\n<p>Compartilhamos neste livro m\u00faltiplos caminhos metodol\u00f3gicos, abordando temas como feminismos, corporalidades, biografias, culturas cient\u00edficas, tecnologias e divulga\u00e7\u00e3o cient\u00edfica. Esta colet\u00e2nea se origina de diversas disserta\u00e7\u00f5es de mestrado e teses de doutorado produzidas, principalmente, nos Programas de P\u00f3s-Gradua\u00e7\u00e3o em Divulga\u00e7\u00e3o Cient\u00edfica e Cultural, e do Doutorado em Ci\u00eancias Sociais da Unicamp. Reunimos esfor\u00e7os para sintetizar e apresentar as estrat\u00e9gias metodol\u00f3gicas e dilemas de pesquisa dessas pesquisadoras\/es em forma\u00e7\u00e3o, tendo em vista tem\u00e1ticas ligadas aos estudos sociais de ci\u00eancia e tecnologia, com enfoque principal sobre os campos da comunica\u00e7\u00e3o e da antropologia.<\/p>\n\n\n\n<p>Propomos caminhos poss\u00edveis, mostrando a partir de experi\u00eancias interdisciplinares no campo CTS que estar junto e inventar novas estrat\u00e9gias pode ser uma forma positiva de concluir pesquisas, mesmo em um contexto de grande press\u00e3o produtivista e pol\u00edtica, de um esgotamento criativo e futuros incertos.<\/p>\n\n\n\n<p>A colet\u00e2nea enfrenta uma das quest\u00f5es mais desafiadoras para o campo, que \u00e9 produzir pesquisas em programas de p\u00f3s-gradua\u00e7\u00e3o interdisciplinares. S\u00e3o pesquisas marcadas pelas discuss\u00f5es com os estudos sociais de ci\u00eancias e tecnologias em suas matrizes antropol\u00f3gicas, feministas e cr\u00edticas. Os cap\u00edtulos apresentados prop\u00f5em uma escrita politicamente situada e ancorada em experi\u00eancias humanas e mais-que-humanas, abertas \u00e0 criatividade e inova\u00e7\u00e3o na forma e no conte\u00fado, constru\u00eddas a partir de v\u00e1rias multimodalidades. Esperamos que a obra, que recebeu o selo Esocite-BR, possa contribuir para pensar novos modos de fazer e contar nos labirintos da pesquisa do campo CTS.<\/p>\n\n\n\n<ul class=\"wp-block-list\">\n<li>Data: 18\/09\/2025<\/li>\n\n\n\n<li>Hor\u00e1rio: 11h00 \u2013 12h00<\/li>\n\n\n\n<li>Local: Mirante do Rio \u2013 sala 205 (2o andar)<\/li>\n<\/ul>\n\n\n\n<figure class=\"wp-block-table\"><table class=\"has-fixed-layout\"><tbody><tr><td><strong>Daniela Tonelli Manica  <\/strong><\/td><td><strong>Labjor \/ <strong>UNICAMP<\/strong><\/strong><\/td><\/tr><tr><td><strong>Clarissa Reche Nunes da Costa <\/strong><\/td><td><strong><strong>UNICAMP<\/strong><\/strong><\/td><\/tr><tr><td><strong>Fernando Monteiro Camargo<\/strong><\/td><td><strong>Labjor \/ <strong>UNICAMP<\/strong><\/strong><\/td><\/tr><\/tbody><\/table><\/figure>\n\n\n\n<p><\/p>\n","protected":false},"excerpt":{"rendered":"<p>Compartilhamos neste livro m\u00faltiplos caminhos metodol\u00f3gicos, abordando temas como feminismos, corporalidades, biografias, culturas cient\u00edficas, tecnologias e divulga\u00e7\u00e3o cient\u00edfica. Esta colet\u00e2nea se origina de diversas disserta\u00e7\u00f5es de mestrado e teses de doutorado produzidas, principalmente, nos Programas de P\u00f3s-Gradua\u00e7\u00e3o em Divulga\u00e7\u00e3o Cient\u00edfica e Cultural, e do Doutorado em Ci\u00eancias Sociais da Unicamp. Reunimos esfor\u00e7os para sintetizar e&#8230;<\/p>\n","protected":false},"author":1,"featured_media":0,"parent":0,"menu_order":0,"comment_status":"closed","ping_status":"closed","template":"","meta":{"_themeisle_gutenberg_block_has_review":false,"footnotes":""},"class_list":["post-645","page","type-page","status-publish","hentry"],"_links":{"self":[{"href":"https:\/\/11simposioesocite.ufpa.br\/index.php?rest_route=\/wp\/v2\/pages\/645","targetHints":{"allow":["GET"]}}],"collection":[{"href":"https:\/\/11simposioesocite.ufpa.br\/index.php?rest_route=\/wp\/v2\/pages"}],"about":[{"href":"https:\/\/11simposioesocite.ufpa.br\/index.php?rest_route=\/wp\/v2\/types\/page"}],"author":[{"embeddable":true,"href":"https:\/\/11simposioesocite.ufpa.br\/index.php?rest_route=\/wp\/v2\/users\/1"}],"replies":[{"embeddable":true,"href":"https:\/\/11simposioesocite.ufpa.br\/index.php?rest_route=%2Fwp%2Fv2%2Fcomments&post=645"}],"version-history":[{"count":4,"href":"https:\/\/11simposioesocite.ufpa.br\/index.php?rest_route=\/wp\/v2\/pages\/645\/revisions"}],"predecessor-version":[{"id":1244,"href":"https:\/\/11simposioesocite.ufpa.br\/index.php?rest_route=\/wp\/v2\/pages\/645\/revisions\/1244"}],"wp:attachment":[{"href":"https:\/\/11simposioesocite.ufpa.br\/index.php?rest_route=%2Fwp%2Fv2%2Fmedia&parent=645"}],"curies":[{"name":"wp","href":"https:\/\/api.w.org\/{rel}","templated":true}]}}