{"id":643,"date":"2025-07-16T11:20:22","date_gmt":"2025-07-16T14:20:22","guid":{"rendered":"https:\/\/11simposioesocite.ufpa.br\/?page_id=643"},"modified":"2025-09-15T13:56:19","modified_gmt":"2025-09-15T16:56:19","slug":"ca-5-engenharia-e-sociedade-humanidades-em-debate-volume-2","status":"publish","type":"page","link":"https:\/\/11simposioesocite.ufpa.br\/?page_id=643","title":{"rendered":"CA 5 &#8211; Engenharia e Sociedade Humanidades em Debate: Volume 2"},"content":{"rendered":"\n<p>Este livro re\u00fane sete cap\u00edtulos de reflex\u00f5es te\u00f3ricas e debates que representam os encontros ocorridos no \u201cII Ciclo de Debates Engenharia e Sociedade\u201d, do Departamento de Humanidades do ITA. S\u00e3o contribui\u00e7\u00f5es tem\u00e1ticas variadas que destacam a import\u00e2ncia de um di\u00e1logo interdisciplinar entre \u00e1reas que tradicionalmente n\u00e3o se cruzam, mas que se tornam cada vez mais essenciais para a constru\u00e7\u00e3o de um conhecimento mais completo e respons\u00e1vel. O livro reflete o esfor\u00e7o coletivo para integrar as humanidades no contexto da engenharia, uma pr\u00e1tica cada vez mais necess\u00e1ria diante dos desafios e complexidades do mundo contempor\u00e2neo. A engenharia, tradicionalmente voltada para a solu\u00e7\u00e3o de problemas t\u00e9cnicos e concretos, est\u00e1 cada vez mais envolvida em quest\u00f5es que demandam reflex\u00e3o \u00e9tica, social e pol\u00edtica. A proposta de incluir as humanidades no processo formativo da engenharia \u00e9 um reconhecimento de que as solu\u00e7\u00f5es tecnol\u00f3gicas n\u00e3o podem ser desassociadas das implica\u00e7\u00f5es que elas t\u00eam para as pessoas e o meio ambiente. A interse\u00e7\u00e3o entre engenharia e humanidades n\u00e3o s\u00f3 contribui para a forma\u00e7\u00e3o de profissionais mais cr\u00edticos e respons\u00e1veis, mas tamb\u00e9m promove uma vis\u00e3o mais hol\u00edstica e humanizada da tecnologia.<\/p>\n\n\n\n<ul class=\"wp-block-list\">\n<li>Data: 18\/09\/2025<\/li>\n\n\n\n<li>Hor\u00e1rio: 11h00 \u2013 12h00<\/li>\n\n\n\n<li>Local: Mirante do Rio \u2013 sala 206 (2o andar)<\/li>\n<\/ul>\n\n\n\n<figure class=\"wp-block-table\"><table class=\"has-fixed-layout\"><tbody><tr><td><strong>Nilda Nazar\u00e9 Pereira Oliveira<\/strong><\/td><td><strong>ITA<\/strong><\/td><\/tr><\/tbody><\/table><\/figure>\n","protected":false},"excerpt":{"rendered":"<p>Este livro re\u00fane sete cap\u00edtulos de reflex\u00f5es te\u00f3ricas e debates que representam os encontros ocorridos no \u201cII Ciclo de Debates Engenharia e Sociedade\u201d, do Departamento de Humanidades do ITA. S\u00e3o contribui\u00e7\u00f5es tem\u00e1ticas variadas que destacam a import\u00e2ncia de um di\u00e1logo interdisciplinar entre \u00e1reas que tradicionalmente n\u00e3o se cruzam, mas que se tornam cada vez mais&#8230;<\/p>\n","protected":false},"author":1,"featured_media":0,"parent":0,"menu_order":0,"comment_status":"closed","ping_status":"closed","template":"","meta":{"_themeisle_gutenberg_block_has_review":false,"footnotes":""},"class_list":["post-643","page","type-page","status-publish","hentry"],"_links":{"self":[{"href":"https:\/\/11simposioesocite.ufpa.br\/index.php?rest_route=\/wp\/v2\/pages\/643","targetHints":{"allow":["GET"]}}],"collection":[{"href":"https:\/\/11simposioesocite.ufpa.br\/index.php?rest_route=\/wp\/v2\/pages"}],"about":[{"href":"https:\/\/11simposioesocite.ufpa.br\/index.php?rest_route=\/wp\/v2\/types\/page"}],"author":[{"embeddable":true,"href":"https:\/\/11simposioesocite.ufpa.br\/index.php?rest_route=\/wp\/v2\/users\/1"}],"replies":[{"embeddable":true,"href":"https:\/\/11simposioesocite.ufpa.br\/index.php?rest_route=%2Fwp%2Fv2%2Fcomments&post=643"}],"version-history":[{"count":3,"href":"https:\/\/11simposioesocite.ufpa.br\/index.php?rest_route=\/wp\/v2\/pages\/643\/revisions"}],"predecessor-version":[{"id":1247,"href":"https:\/\/11simposioesocite.ufpa.br\/index.php?rest_route=\/wp\/v2\/pages\/643\/revisions\/1247"}],"wp:attachment":[{"href":"https:\/\/11simposioesocite.ufpa.br\/index.php?rest_route=%2Fwp%2Fv2%2Fmedia&parent=643"}],"curies":[{"name":"wp","href":"https:\/\/api.w.org\/{rel}","templated":true}]}}