{"id":639,"date":"2025-07-16T11:18:01","date_gmt":"2025-07-16T14:18:01","guid":{"rendered":"https:\/\/11simposioesocite.ufpa.br\/?page_id=639"},"modified":"2025-09-15T13:53:09","modified_gmt":"2025-09-15T16:53:09","slug":"ca-3-desconectando-nos-misoginia-e-discurso-de-odio-contra-mulheres-nas-redes-sociais","status":"publish","type":"page","link":"https:\/\/11simposioesocite.ufpa.br\/?page_id=639","title":{"rendered":"CA 3 &#8211; DESCONECTANDO N\u00d3S: Misoginia e discurso de \u00f3dio contra mulheres nas redes sociais"},"content":{"rendered":"\n<p>A presente colet\u00e2nea apresenta os resultados alcan\u00e7ados por pesquisas sobre viol\u00eancia de g\u00eanero nas redes sociais, realizadas no N\u00facleo de Pesquisa em Educa\u00e7\u00e3o e Cibercultura (NUPEC), que est\u00e1 vinculado ao Grupo Interdisciplinar de Estudo e Pesquisa em Cultura, Educa\u00e7\u00e3o e Pol\u00edtica (GICEP), do Instituto Federal de Educa\u00e7\u00e3o, Ci\u00eancia e Tecnologia do Par\u00e1 (IFPA)\/Campus Bel\u00e9m.<br>A pesquisa deste tema inicia com o projeto \u201cA machosfera e a dissemina\u00e7\u00e3o de \u00f3dio \u00e0s mulheres nas redes sociais\u201d, em que se verificou a necessidade de incorporar a categoria misoginia \u00e0 an\u00e1lise, pois se refere a uma percep\u00e7\u00e3o sexista e de desprezo \u00e0s mulheres e ao feminino, observada, no caso dos estudos aqui presentes, nas redes sociais. S\u00e3o indiv\u00edduos isolados ou grupos, considerados masculinistas, os principais respons\u00e1veis por compartilhar not\u00edcias de \u00f3dio contra as mulheres, o que precisa ser tamb\u00e9m entendido em conson\u00e2ncia \u00e0s ideologias religiosas e de pol\u00edticas conservadoras do mundo contempor\u00e2neo.<br>A partir do referido projeto, dialogamos com outros projetos do NUPEC, que n\u00e3o tinham a mesma tem\u00e1tica como objetivo principal, mas que o \u00f3dio contra as mulheres apareceu de forma tangencial, sendo refletido aqui. Tendo em vista que a internet possui a capacidade de aproximar usu\u00e1rios com interesses comuns e, entre estes, est\u00e3o a viol\u00eancia e a troca de mensagens odiosas contra as minorias sociais, nosso objetivo principal \u00e9 refletir sobre as formas pelas quais as identificamos nas redes sociais, e, com isso, enfraquecer os n\u00f3s da misoginia e do discurso de \u00f3dio contra as mulheres no ambiente on line.<\/p>\n\n\n\n<ul class=\"wp-block-list\">\n<li>Data: 18\/09\/2025<\/li>\n\n\n\n<li>Hor\u00e1rio: 11h00 \u2013 12h00<\/li>\n\n\n\n<li>Local: Mirante do Rio \u2013 sala 205 (2o andar)<\/li>\n<\/ul>\n\n\n\n<figure class=\"wp-block-table\"><table class=\"has-fixed-layout\"><tbody><tr><td><strong>Breno Rodrigo de Oliveira Alencar <\/strong><\/td><td><strong>IFPA<\/strong><\/td><\/tr><tr><td><strong>Kirla Korina Anderson Ferreira <\/strong><\/td><td><strong>IFPA<\/strong><\/td><\/tr><\/tbody><\/table><\/figure>\n\n\n\n<p><\/p>\n","protected":false},"excerpt":{"rendered":"<p>A presente colet\u00e2nea apresenta os resultados alcan\u00e7ados por pesquisas sobre viol\u00eancia de g\u00eanero nas redes sociais, realizadas no N\u00facleo de Pesquisa em Educa\u00e7\u00e3o e Cibercultura (NUPEC), que est\u00e1 vinculado ao Grupo Interdisciplinar de Estudo e Pesquisa em Cultura, Educa\u00e7\u00e3o e Pol\u00edtica (GICEP), do Instituto Federal de Educa\u00e7\u00e3o, Ci\u00eancia e Tecnologia do Par\u00e1 (IFPA)\/Campus Bel\u00e9m.A pesquisa&#8230;<\/p>\n","protected":false},"author":1,"featured_media":0,"parent":0,"menu_order":0,"comment_status":"closed","ping_status":"closed","template":"","meta":{"_themeisle_gutenberg_block_has_review":false,"footnotes":""},"class_list":["post-639","page","type-page","status-publish","hentry"],"_links":{"self":[{"href":"https:\/\/11simposioesocite.ufpa.br\/index.php?rest_route=\/wp\/v2\/pages\/639","targetHints":{"allow":["GET"]}}],"collection":[{"href":"https:\/\/11simposioesocite.ufpa.br\/index.php?rest_route=\/wp\/v2\/pages"}],"about":[{"href":"https:\/\/11simposioesocite.ufpa.br\/index.php?rest_route=\/wp\/v2\/types\/page"}],"author":[{"embeddable":true,"href":"https:\/\/11simposioesocite.ufpa.br\/index.php?rest_route=\/wp\/v2\/users\/1"}],"replies":[{"embeddable":true,"href":"https:\/\/11simposioesocite.ufpa.br\/index.php?rest_route=%2Fwp%2Fv2%2Fcomments&post=639"}],"version-history":[{"count":3,"href":"https:\/\/11simposioesocite.ufpa.br\/index.php?rest_route=\/wp\/v2\/pages\/639\/revisions"}],"predecessor-version":[{"id":1242,"href":"https:\/\/11simposioesocite.ufpa.br\/index.php?rest_route=\/wp\/v2\/pages\/639\/revisions\/1242"}],"wp:attachment":[{"href":"https:\/\/11simposioesocite.ufpa.br\/index.php?rest_route=%2Fwp%2Fv2%2Fmedia&parent=639"}],"curies":[{"name":"wp","href":"https:\/\/api.w.org\/{rel}","templated":true}]}}