{"id":637,"date":"2025-07-16T11:15:34","date_gmt":"2025-07-16T14:15:34","guid":{"rendered":"https:\/\/11simposioesocite.ufpa.br\/?page_id=637"},"modified":"2025-09-15T13:51:41","modified_gmt":"2025-09-15T16:51:41","slug":"ca-2-ciencia-e-politica-no-novo-regime-climatico","status":"publish","type":"page","link":"https:\/\/11simposioesocite.ufpa.br\/?page_id=637","title":{"rendered":"CA 2 &#8211; Ci\u00eancia e Pol\u00edtica no novo regime clim\u00e1tico"},"content":{"rendered":"\n<p>O prop\u00f3sito deste livro \u00e9 ilustrar as contribui\u00e7\u00f5es que os estudos de Ci\u00eancia, Tecnologia e Sociedade (CTS) podem trazer para a pesquisa e a pol\u00edtica das mudan\u00e7as clim\u00e1ticas contempor\u00e2neas. A evolu\u00e7\u00e3o da ci\u00eancia e da pol\u00edtica de mudan\u00e7as clim\u00e1ticas ao longo das d\u00e9cadas colocou desafios sem precedentes \u00e0s ci\u00eancias e \u00e0s sociedades em todo o mundo. A compreens\u00e3o desses desafios requer um olhar sobre como cientistas e sociedades identificam e delimitam problemas relacionados \u00e0s mudan\u00e7as clim\u00e1ticas, considerados pass\u00edveis de resolu\u00e7\u00e3o cient\u00edfica. O que define se um problema \u00e9 predominantemente cient\u00edfico ou predominantemente social e pol\u00edtico e de que maneira as institui\u00e7\u00f5es e processos da ci\u00eancia e da pol\u00edtica moldam as percep\u00e7\u00f5es p\u00fablicas sobre essas quest\u00f5es carece de uma compreens\u00e3o dos estudos sociais, que examinam como a ci\u00eancia \u00e9 constru\u00edda de maneira situada e em intera\u00e7\u00e3o com a sociedade. As mudan\u00e7as clim\u00e1ticas s\u00e3o uma constru\u00e7\u00e3o social intrinsecamente cient\u00edfica e pol\u00edtica. Portanto, nossos modos de compreender essas mudan\u00e7as n\u00e3o se separam da maneira como pretendemos enfrentar os desafios impostos por esse novo regime clim\u00e1tico. Nesse sentido, a transforma\u00e7\u00e3o social necess\u00e1ria para vivermos no novo regime clim\u00e1tico exige colocar em pr\u00e1tica novas formas de conhecer, aprender, comunicar e agir em rela\u00e7\u00e3o ao meio ambiente e \u00e0 sociedade. Essas transforma\u00e7\u00f5es exigem da ci\u00eancia a cria\u00e7\u00e3o de novos modos de se relacionar com a sociedade e participar das decis\u00f5es pol\u00edticas.<\/p>\n\n\n\n<p>Apesar de focar no tema das mudan\u00e7as clim\u00e1ticas, a relev\u00e2ncia deste livro transcende as quest\u00f5es que envolvem ci\u00eancia, pol\u00edtica e meio ambiente, alcan\u00e7ando t\u00f3picos mais amplos que se referem \u00e0 condi\u00e7\u00e3o atual da sociedade moderna, na qual a ci\u00eancia precisa repensar o seu modo de produ\u00e7\u00e3o de conhecimento e a sua forma de comunica\u00e7\u00e3o com a sociedade. Um dos argumentos que ecoam nos cap\u00edtulos deste livro \u00e9 que precisamos de novas formas de fazer ci\u00eancia na sociedade e com a sociedade. \u00c9 preciso enxergar em contextos de crise marcados por mudan\u00e7as clim\u00e1ticas, pandemia e ataques \u00e0 ci\u00eancia uma oportunidade para reorganizar o modo de produ\u00e7\u00e3o cient\u00edfico, redefinir as agendas de pesquisa e repensar pol\u00edticas cient\u00edficas e tecnol\u00f3gicas.<\/p>\n\n\n\n<ul class=\"wp-block-list\">\n<li>Data: 18\/09\/2025<\/li>\n\n\n\n<li>Hor\u00e1rio: 11h00 \u2013 12h00<\/li>\n\n\n\n<li>Local: Mirante do Rio \u2013 sala 204 (2o andar)<\/li>\n<\/ul>\n\n\n\n<figure class=\"wp-block-table\"><table class=\"has-fixed-layout\"><tbody><tr><td><strong>Jean Carlos Hochsprung Miguel <\/strong><\/td><td><strong>UNICAMP<\/strong><\/td><\/tr><\/tbody><\/table><\/figure>\n","protected":false},"excerpt":{"rendered":"<p>O prop\u00f3sito deste livro \u00e9 ilustrar as contribui\u00e7\u00f5es que os estudos de Ci\u00eancia, Tecnologia e Sociedade (CTS) podem trazer para a pesquisa e a pol\u00edtica das mudan\u00e7as clim\u00e1ticas contempor\u00e2neas. A evolu\u00e7\u00e3o da ci\u00eancia e da pol\u00edtica de mudan\u00e7as clim\u00e1ticas ao longo das d\u00e9cadas colocou desafios sem precedentes \u00e0s ci\u00eancias e \u00e0s sociedades em todo o&#8230;<\/p>\n","protected":false},"author":1,"featured_media":0,"parent":0,"menu_order":0,"comment_status":"closed","ping_status":"closed","template":"","meta":{"_themeisle_gutenberg_block_has_review":false,"footnotes":""},"class_list":["post-637","page","type-page","status-publish","hentry"],"_links":{"self":[{"href":"https:\/\/11simposioesocite.ufpa.br\/index.php?rest_route=\/wp\/v2\/pages\/637","targetHints":{"allow":["GET"]}}],"collection":[{"href":"https:\/\/11simposioesocite.ufpa.br\/index.php?rest_route=\/wp\/v2\/pages"}],"about":[{"href":"https:\/\/11simposioesocite.ufpa.br\/index.php?rest_route=\/wp\/v2\/types\/page"}],"author":[{"embeddable":true,"href":"https:\/\/11simposioesocite.ufpa.br\/index.php?rest_route=\/wp\/v2\/users\/1"}],"replies":[{"embeddable":true,"href":"https:\/\/11simposioesocite.ufpa.br\/index.php?rest_route=%2Fwp%2Fv2%2Fcomments&post=637"}],"version-history":[{"count":3,"href":"https:\/\/11simposioesocite.ufpa.br\/index.php?rest_route=\/wp\/v2\/pages\/637\/revisions"}],"predecessor-version":[{"id":1240,"href":"https:\/\/11simposioesocite.ufpa.br\/index.php?rest_route=\/wp\/v2\/pages\/637\/revisions\/1240"}],"wp:attachment":[{"href":"https:\/\/11simposioesocite.ufpa.br\/index.php?rest_route=%2Fwp%2Fv2%2Fmedia&parent=637"}],"curies":[{"name":"wp","href":"https:\/\/api.w.org\/{rel}","templated":true}]}}