{"id":636,"date":"2025-07-16T11:27:36","date_gmt":"2025-07-16T14:27:36","guid":{"rendered":"https:\/\/11simposioesocite.ufpa.br\/?page_id=636"},"modified":"2025-09-15T13:51:07","modified_gmt":"2025-09-15T16:51:07","slug":"ca-1-a-nova-ciencia-canabica-controversias-politico-cientificas-e-a-canabizacao-do-humano","status":"publish","type":"page","link":"https:\/\/11simposioesocite.ufpa.br\/?page_id=636","title":{"rendered":"CA 1 &#8211; A Nova Ci\u00eancia Can\u00e1bica: Controv\u00e9rsias Pol\u00edtico-Cient\u00edficas e a Canabiza\u00e7\u00e3o do Humano"},"content":{"rendered":"\n<p>O livro A Nova Ci\u00eancia Can\u00e1bica, de Victor Mour\u00e3o, \u00e9 o resultado de um conjunto de reflex\u00f5es que o autor vem realizando nos \u00faltimos anos em que acompanha e analisa o debate cient\u00edfico e pol\u00edtico sobre a planta. Ao tomar as controv\u00e9rsias como ponto de entrada fundamental nesse debate, a an\u00e1lise logra mapear os processos cognitivos, relacionais, simb\u00f3licos e pol\u00edticos que envolvem a planta em diferentes espa\u00e7os, seja no \u00e2mbito legislativo, seja no \u00e2mbito de posicionamentos p\u00fablicos de associa\u00e7\u00f5es interessadas nesse debate. O livro buscou lidar com dois grandes conjuntos de fen\u00f4menos que permitiram apresentar um panorama do contexto moral e cognitivo relacionado a maconha\/cannabis no contexto nacional contempor\u00e2neo. No primeiro deles, abordou-se a controv\u00e9rsia instaurada a partir da publica\u00e7\u00e3o de um documento do Conselho Federal de Medicina e da Associa\u00e7\u00e3o Brasileira de Psiquiatria, intitulado Dec\u00e1logo Sobre A Maconha, que possibilitou delimitar a mudan\u00e7a paradigm\u00e1tica relacionada aos modos de produ\u00e7\u00e3o de conhecimentos sobre a planta que apontam para um processo aqui denominado de canabiza\u00e7\u00e3o do humano. No segundo, empreendeu-se um novo movimento anal\u00edtico, buscando compilar, catalogar e sistematizar os n\u00facleos argumentativos centrais que emergiram das posi\u00e7\u00f5es favor\u00e1veis e contr\u00e1rias ao PL 399\/2015 da C\u00e2mara dos Deputados. Esse PL &#8211; e sua comiss\u00e3o especial &#8211; serviu e foi aqui tratado como uma caixa de recep\u00e7\u00e3o e de resson\u00e2ncia de um debate mais amplo, levado a cabo em diferentes esferas sociais, cujos contornos serviram para evidenciar os regimes morais (Boltanski e Thevenot) e o trabalho relacional (Zelizer) que se vinculam e atravessam a planta. O livro se prop\u00f5e a forjar uma an\u00e1lise que d\u00ea conta, sem pretens\u00f5es de totalidade heur\u00edstica, desse novo momento da cannabis\/maconha em nosso pa\u00eds.<\/p>\n\n\n\n<ul class=\"wp-block-list\">\n<li>Data: 18\/09\/2025<\/li>\n\n\n\n<li>Hor\u00e1rio: 11h00 \u2013 12h00<\/li>\n\n\n\n<li>Local: Mirante do Rio \u2013 sala 204 (2o andar)<\/li>\n<\/ul>\n\n\n\n<figure class=\"wp-block-table\"><table class=\"has-fixed-layout\"><tbody><tr><td><strong>Victor Luiz Alves Mour\u00e3o<\/strong><\/td><td><strong><strong> UFV<\/strong><\/strong><\/td><\/tr><\/tbody><\/table><\/figure>\n","protected":false},"excerpt":{"rendered":"<p>O livro A Nova Ci\u00eancia Can\u00e1bica, de Victor Mour\u00e3o, \u00e9 o resultado de um conjunto de reflex\u00f5es que o autor vem realizando nos \u00faltimos anos em que acompanha e analisa o debate cient\u00edfico e pol\u00edtico sobre a planta. Ao tomar as controv\u00e9rsias como ponto de entrada fundamental nesse debate, a an\u00e1lise logra mapear os processos&#8230;<\/p>\n","protected":false},"author":1,"featured_media":0,"parent":0,"menu_order":0,"comment_status":"closed","ping_status":"closed","template":"","meta":{"_themeisle_gutenberg_block_has_review":false,"footnotes":""},"class_list":["post-636","page","type-page","status-publish","hentry"],"_links":{"self":[{"href":"https:\/\/11simposioesocite.ufpa.br\/index.php?rest_route=\/wp\/v2\/pages\/636","targetHints":{"allow":["GET"]}}],"collection":[{"href":"https:\/\/11simposioesocite.ufpa.br\/index.php?rest_route=\/wp\/v2\/pages"}],"about":[{"href":"https:\/\/11simposioesocite.ufpa.br\/index.php?rest_route=\/wp\/v2\/types\/page"}],"author":[{"embeddable":true,"href":"https:\/\/11simposioesocite.ufpa.br\/index.php?rest_route=\/wp\/v2\/users\/1"}],"replies":[{"embeddable":true,"href":"https:\/\/11simposioesocite.ufpa.br\/index.php?rest_route=%2Fwp%2Fv2%2Fcomments&post=636"}],"version-history":[{"count":3,"href":"https:\/\/11simposioesocite.ufpa.br\/index.php?rest_route=\/wp\/v2\/pages\/636\/revisions"}],"predecessor-version":[{"id":1239,"href":"https:\/\/11simposioesocite.ufpa.br\/index.php?rest_route=\/wp\/v2\/pages\/636\/revisions\/1239"}],"wp:attachment":[{"href":"https:\/\/11simposioesocite.ufpa.br\/index.php?rest_route=%2Fwp%2Fv2%2Fmedia&parent=636"}],"curies":[{"name":"wp","href":"https:\/\/api.w.org\/{rel}","templated":true}]}}