{"id":623,"date":"2025-07-16T10:43:59","date_gmt":"2025-07-16T13:43:59","guid":{"rendered":"https:\/\/11simposioesocite.ufpa.br\/?page_id=623"},"modified":"2025-09-15T10:11:34","modified_gmt":"2025-09-15T13:11:34","slug":"forum-3-trajetorias-desafios-e-perspectivas-das-associacoes-cientificas-cts-na-america-latina","status":"publish","type":"page","link":"https:\/\/11simposioesocite.ufpa.br\/?page_id=623","title":{"rendered":"F\u00f3rum &#8211; Trajet\u00f3rias, Desafios e Perspectivas das Associa\u00e7\u00f5es Cient\u00edficas CTS na Am\u00e9rica Latina"},"content":{"rendered":"\n<p>As associa\u00e7\u00f5es cient\u00edficas dedicadas aos Estudos Sociais da Ci\u00eancia e da Tecnologia (CTS) na Am\u00e9rica Latina t\u00eam desempenhado papel fundamental na constitui\u00e7\u00e3o de um campo de conhecimento cr\u00edtico e situado, capaz de pensar as rela\u00e7\u00f5es entre ci\u00eancia, tecnologia e sociedade a partir de nossas realidades espec\u00edficas. Desde o surgimento do Pensamento Latino-Americano em CTS (PLACTS) nos anos 1960-70, a regi\u00e3o construiu uma tradi\u00e7\u00e3o pr\u00f3pria de estudos que articula a reflex\u00e3o acad\u00eamica com uma perspectiva pol\u00edtica voltada para o desenvolvimento e a transforma\u00e7\u00e3o social. Estas associa\u00e7\u00f5es cient\u00edficas, como a ESOCITE (Latino-americana) e suas express\u00f5es nacionais, como a ESOCITE.Br, fundada em 2010, e ainda a Sociedade Brasileira da Hist\u00f3ria da Ci\u00eancia (SBHC) t\u00eam enfrentado diversos desafios ao longo de suas trajet\u00f3rias. Em um contexto de instabilidade pol\u00edtica e econ\u00f4mica, de fragilidade institucional, de dificuldades de financiamento \u00e0 pesquisa e de ataques sistem\u00e1ticos \u00e0 ci\u00eancia, torna-se fundamental refletir sobre esses obst\u00e1culos e sobre as estrat\u00e9gias desenvolvidas para super\u00e1-los. Este F\u00f3rum pretende reunir pesquisadoras que participaram da constru\u00e7\u00e3o e consolida\u00e7\u00e3o de associa\u00e7\u00f5es cient\u00edficas CTS na Am\u00e9rica Latina para discutir as dificuldades enfrentadas, os desafios presentes e as perspectivas futuras. Trata-se de um exerc\u00edcio de mem\u00f3ria e reflex\u00e3o cr\u00edtica que pode contribuir para o fortalecimento desse campo de estudos e para a amplia\u00e7\u00e3o de sua relev\u00e2ncia social e pol\u00edtica, especialmente diante da urg\u00eancia de enfrentar desafios como as mudan\u00e7as clim\u00e1ticas e as desigualdades sociais persistentes em nossa regi\u00e3o.<\/p>\n\n\n\n<p>OBJETIVOS<\/p>\n\n\n\n<ol class=\"wp-block-list\">\n<li>Reconstruir a trajet\u00f3ria hist\u00f3rica das associa\u00e7\u00f5es cient\u00edficas CTS na Am\u00e9rica Latina, identificando seus principais marcos, conquistas e dificuldades;<\/li>\n\n\n\n<li>Analisar as especificidades do campo CTS latino-americano e seu compromisso pol\u00edtico com a transforma\u00e7\u00e3o social;<\/li>\n\n\n\n<li>Discutir os desafios institucionais, pol\u00edticos e financeiros enfrentados pelas associa\u00e7\u00f5es cient\u00edficas CTS na regi\u00e3o;<\/li>\n\n\n\n<li>Refletir sobre estrat\u00e9gias de fortalecimento e amplia\u00e7\u00e3o da relev\u00e2ncia social do campo CTS, especialmente em tempos de crise clim\u00e1tica e retrocessos democr\u00e1ticos;<\/li>\n\n\n\n<li>Construir uma agenda coletiva de prioridades para as associa\u00e7\u00f5es cient\u00edficas CTS na Am\u00e9rica Latina.<\/li>\n<\/ol>\n\n\n\n<ul class=\"wp-block-list\">\n<li>Data: 18\/09\/2025<\/li>\n\n\n\n<li>Hor\u00e1rio: 18h00 \u2013 20h00<\/li>\n\n\n\n<li>Local: Audit\u00f3rio do ICEN<\/li>\n<\/ul>\n\n\n\n<figure class=\"wp-block-table\"><table class=\"has-fixed-layout\"><tbody><tr><td><strong>Fabr\u00edcio Monteiro Neves <\/strong><\/td><td><strong>UNB<\/strong><\/td><\/tr><tr><td><strong>Janaina Oliveira Pamplona da Costa <\/strong><\/td><td><strong>DPCT-UNICAMP<\/strong><\/td><\/tr><tr><td><strong>M\u00e1rcia Regina Barros da Silva <\/strong><\/td><td><strong>USP<\/strong><\/td><\/tr><tr><td><strong>Guilherme Jos\u00e9 da Silva e S\u00e1 <\/strong><\/td><td><strong>UNB<\/strong><\/td><\/tr><tr><td><strong>Noela Invernizzi <\/strong><\/td><td><strong>UFPR<\/strong><\/td><\/tr><\/tbody><\/table><\/figure>\n\n\n\n<p><\/p>\n","protected":false},"excerpt":{"rendered":"<p>As associa\u00e7\u00f5es cient\u00edficas dedicadas aos Estudos Sociais da Ci\u00eancia e da Tecnologia (CTS) na Am\u00e9rica Latina t\u00eam desempenhado papel fundamental na constitui\u00e7\u00e3o de um campo de conhecimento cr\u00edtico e situado, capaz de pensar as rela\u00e7\u00f5es entre ci\u00eancia, tecnologia e sociedade a partir de nossas realidades espec\u00edficas. Desde o surgimento do Pensamento Latino-Americano em CTS (PLACTS)&#8230;<\/p>\n","protected":false},"author":1,"featured_media":0,"parent":0,"menu_order":0,"comment_status":"closed","ping_status":"closed","template":"","meta":{"_themeisle_gutenberg_block_has_review":false,"footnotes":""},"class_list":["post-623","page","type-page","status-publish","hentry"],"_links":{"self":[{"href":"https:\/\/11simposioesocite.ufpa.br\/index.php?rest_route=\/wp\/v2\/pages\/623","targetHints":{"allow":["GET"]}}],"collection":[{"href":"https:\/\/11simposioesocite.ufpa.br\/index.php?rest_route=\/wp\/v2\/pages"}],"about":[{"href":"https:\/\/11simposioesocite.ufpa.br\/index.php?rest_route=\/wp\/v2\/types\/page"}],"author":[{"embeddable":true,"href":"https:\/\/11simposioesocite.ufpa.br\/index.php?rest_route=\/wp\/v2\/users\/1"}],"replies":[{"embeddable":true,"href":"https:\/\/11simposioesocite.ufpa.br\/index.php?rest_route=%2Fwp%2Fv2%2Fcomments&post=623"}],"version-history":[{"count":5,"href":"https:\/\/11simposioesocite.ufpa.br\/index.php?rest_route=\/wp\/v2\/pages\/623\/revisions"}],"predecessor-version":[{"id":1219,"href":"https:\/\/11simposioesocite.ufpa.br\/index.php?rest_route=\/wp\/v2\/pages\/623\/revisions\/1219"}],"wp:attachment":[{"href":"https:\/\/11simposioesocite.ufpa.br\/index.php?rest_route=%2Fwp%2Fv2%2Fmedia&parent=623"}],"curies":[{"name":"wp","href":"https:\/\/api.w.org\/{rel}","templated":true}]}}