{"id":621,"date":"2025-07-16T10:40:25","date_gmt":"2025-07-16T13:40:25","guid":{"rendered":"https:\/\/11simposioesocite.ufpa.br\/?page_id=621"},"modified":"2025-08-21T14:34:10","modified_gmt":"2025-08-21T17:34:10","slug":"forum-2-programas-engajados-cts-embates-transgressoes-praticas-e-ecologias-politicas","status":"publish","type":"page","link":"https:\/\/11simposioesocite.ufpa.br\/?page_id=621","title":{"rendered":"F\u00f3rum &#8211; Programas Engajados CTS \u2013 Embates, transgress\u00f5es, pr\u00e1ticas e ecologias pol\u00edticas"},"content":{"rendered":"\n<p>Nos Estudos CTS, o programa de pesquisa em Engenharias e outros Campos Tecnol\u00f3gicos Engajados (ECTE) tem alcan\u00e7ado proje\u00e7\u00e3o nas redes latino-americanas, debatendo novas formas de conceber, copraticar e articular as engenharias e ci\u00eancias t\u00e9cnicas com movimentos sociais, visando a imagina\u00e7\u00e3o\/constru\u00e7\u00e3o de outros futuros e presentes poss\u00edveis.<br>A proposta deste F\u00f3rum envolve atores convidados da sociedade civil e pesquisadoras\/es envolvidas\/os com produ\u00e7\u00e3o de conhecimento cr\u00edtico e a\u00e7\u00f5es engajadas. Questionamentos CTS sobre sistemas de conhecimento situados (dos quais a ci\u00eancia \u00e9 um, singular, valioso e problem\u00e1tico), e sobre tecnologia e pol\u00edtica, ser\u00e3o foco deste F\u00f3rum, a partir de intera\u00e7\u00f5es e enquadramentos que busquem:<\/p>\n\n\n\n<ul class=\"wp-block-list\">\n<li>Repensar a universidade, a pesquisa, e a forma\u00e7\u00e3o junto \u00e0 extens\u00e3o;<\/li>\n\n\n\n<li>Articular o trabalho da academia com grupos e movimentos sociais com referenciais empoderadores e participativos;<\/li>\n\n\n\n<li>Desafiar e transgredir as fronteiras convencionais na pesquisa e na forma\u00e7\u00e3o das disciplinas sociot\u00e9cnicas a partir de enfoques disruptivos;<\/li>\n\n\n\n<li>Dialogar com a ecologia pol\u00edtica latino-americana.<br>Pesquisadores\/ativistas \u201cengajados\u201d colidem com a engenharia convencional, buscando uma pesquisa constru\u00edda \u201ccom\u201d e n\u00e3o \u201cpara\u201d os grupos parceiros, co-construindo rotas alternativas para o que se entende como ci\u00eancia, tecnologia e inova\u00e7\u00e3o em termos de validade e qualidade (e contestando ideais norteados por publica\u00e7\u00f5es high score, patentes e tantos outros) em dire\u00e7\u00e3o a uma ci\u00eancia \u201clenta (n\u00e3o produtivista)\u201d (Stengers), dial\u00f3gica e participativa.<\/li>\n<\/ul>\n\n\n\n<p>O F\u00f3rum busca integrar estas quest\u00f5es aos desafios postos pela ecologia pol\u00edtica no dia-a-dia de brasileiras e brasileiros, e em particular dos povos da Amaz\u00f4nia, problematizando o antropoceno a partir de perspectivas p\u00f3s-coloniais, como a do Buen Vivir e da cosmovis\u00e3o yanomami (Kopenawa; Bruce), e rejeitando uma sustentabilidade de fachada (Krenak).<br>Ser\u00e3o abordadas quest\u00f5es trazidas pelos participantes a partir de suas viv\u00eancias e saberes m\u00faltiplos, compartilhando desafios, lutas, reflexividades, convivialidades (Illich) e conflu\u00eancias (Ant\u00f4nio Bispo).<br>Entre nossos integrantes estar\u00e3o Kokoixumti Tembe J. Parkateje-Wendel, da Educa\u00e7\u00e3o Ind\u00edgena, Maria de Nazar\u00e9 R. Ghardi &#8211; Rede Bragantina, e Dra. Tatiana de Abreu S\u00e1, Embrapa Oriental, al\u00e9m dos co-autores da \u00e1rea de ECTE.<\/p>\n\n\n\n<ul class=\"wp-block-list\">\n<li>Data: 18\/09\/2025<\/li>\n\n\n\n<li>Hor\u00e1rio: 18h00 \u2013 20h00<\/li>\n\n\n\n<li>Local: Audit\u00f3rio do IFCH<\/li>\n<\/ul>\n\n\n\n<figure class=\"wp-block-table\"><table class=\"has-fixed-layout\"><tbody><tr><td><strong>John Bernhard Kleba<\/strong><\/td><td><strong>ITA<\/strong><\/td><\/tr><tr><td><strong>Sandra Rufino<\/strong><\/td><td><strong>UFRN<\/strong><\/td><\/tr><tr><td><strong><strong>Roberta de F\u00e1tima Rodrigues Coelho<\/strong><\/strong><\/td><td><strong>IFPA<\/strong><\/td><\/tr><tr><td><strong>Tatiana Deane de Abreu S\u00e1<\/strong><\/td><td><strong>Embrapa<\/strong><\/td><\/tr><\/tbody><\/table><\/figure>\n","protected":false},"excerpt":{"rendered":"<p>Nos Estudos CTS, o programa de pesquisa em Engenharias e outros Campos Tecnol\u00f3gicos Engajados (ECTE) tem alcan\u00e7ado proje\u00e7\u00e3o nas redes latino-americanas, debatendo novas formas de conceber, copraticar e articular as engenharias e ci\u00eancias t\u00e9cnicas com movimentos sociais, visando a imagina\u00e7\u00e3o\/constru\u00e7\u00e3o de outros futuros e presentes poss\u00edveis.A proposta deste F\u00f3rum envolve atores convidados da sociedade civil&#8230;<\/p>\n","protected":false},"author":1,"featured_media":0,"parent":0,"menu_order":0,"comment_status":"closed","ping_status":"closed","template":"","meta":{"_themeisle_gutenberg_block_has_review":false,"footnotes":""},"class_list":["post-621","page","type-page","status-publish","hentry"],"_links":{"self":[{"href":"https:\/\/11simposioesocite.ufpa.br\/index.php?rest_route=\/wp\/v2\/pages\/621","targetHints":{"allow":["GET"]}}],"collection":[{"href":"https:\/\/11simposioesocite.ufpa.br\/index.php?rest_route=\/wp\/v2\/pages"}],"about":[{"href":"https:\/\/11simposioesocite.ufpa.br\/index.php?rest_route=\/wp\/v2\/types\/page"}],"author":[{"embeddable":true,"href":"https:\/\/11simposioesocite.ufpa.br\/index.php?rest_route=\/wp\/v2\/users\/1"}],"replies":[{"embeddable":true,"href":"https:\/\/11simposioesocite.ufpa.br\/index.php?rest_route=%2Fwp%2Fv2%2Fcomments&post=621"}],"version-history":[{"count":2,"href":"https:\/\/11simposioesocite.ufpa.br\/index.php?rest_route=\/wp\/v2\/pages\/621\/revisions"}],"predecessor-version":[{"id":889,"href":"https:\/\/11simposioesocite.ufpa.br\/index.php?rest_route=\/wp\/v2\/pages\/621\/revisions\/889"}],"wp:attachment":[{"href":"https:\/\/11simposioesocite.ufpa.br\/index.php?rest_route=%2Fwp%2Fv2%2Fmedia&parent=621"}],"curies":[{"name":"wp","href":"https:\/\/api.w.org\/{rel}","templated":true}]}}