{"id":619,"date":"2025-07-16T10:35:41","date_gmt":"2025-07-16T13:35:41","guid":{"rendered":"https:\/\/11simposioesocite.ufpa.br\/?page_id=619"},"modified":"2025-08-21T14:33:40","modified_gmt":"2025-08-21T17:33:40","slug":"forum-1-edicao-cientifica-e-ciencia-aberta","status":"publish","type":"page","link":"https:\/\/11simposioesocite.ufpa.br\/?page_id=619","title":{"rendered":"F\u00f3rum &#8211; Edi\u00e7\u00e3o cient\u00edfica e ci\u00eancia aberta"},"content":{"rendered":"\n<p>O objetivo desse f\u00f3rum \u00e9 fomentar o debate em torno da publica\u00e7\u00e3o cient\u00edfica no Brasil na&nbsp;\u00e1rea&nbsp;de (CTS)&nbsp;Ci\u00eancia, Tecnologia e Sociedade. O f\u00f3rum viabiliza a amplia\u00e7\u00e3o do debate em torno do importante papel da atividade da divulga\u00e7\u00e3o do conhecimento cient\u00edfico, seus modelos, din\u00e2micas, financiamento, avalia\u00e7\u00e3o e acesso p\u00fablico. Discutiremos a comunica\u00e7\u00e3o p\u00fablica da ci\u00eancia, especialmente o papel, os riscos e o futuro da modalidade de ci\u00eancia aberta.<br>A ci\u00eancia aberta tem se consolidado como uma tend\u00eancia em alguns subcampos da produ\u00e7\u00e3o do conhecimento cient\u00edfico, com a publica\u00e7\u00e3o de preprints, bancos de dados em acesso aberto, dentre outras modalidades de comunica\u00e7\u00e3o, compartilhamento e reutiliza\u00e7\u00e3o de dados. No campo de estudos de ci\u00eancia, tecnologia e sociedade nos interessa analisar os impactos destas modalidades na produ\u00e7\u00e3o e democratiza\u00e7\u00e3o do conhecimento cient\u00edfico de uma maneira mais ampla.<br>O f\u00f3rum busca, ainda, identificar o lugar ocupado pelas atividades de edi\u00e7\u00e3o cient\u00edfica nos processos avaliativos das institui\u00e7\u00f5es de ensino e pesquisa e das ag\u00eancias de gest\u00e3o e fomento de ci\u00eancia e tecnologia, visando incentivar o debate sobre o impacto da ci\u00eancia aberta nessas atividades para o avan\u00e7o da&nbsp;\u00e1rea&nbsp;no pa\u00eds.<\/p>\n\n\n\n<ul class=\"wp-block-list\">\n<li>Data: 17\/09\/2025<\/li>\n\n\n\n<li>Hor\u00e1rio: 18h00 \u2013 20h00<\/li>\n\n\n\n<li>Local: Audit\u00f3rio do IFCH<\/li>\n<\/ul>\n\n\n\n<figure class=\"wp-block-table\"><table class=\"has-fixed-layout\"><tbody><tr><td>Daniela Alves de Alves<\/td><td>UFV<\/td><\/tr><tr><td>Thales Haddad Novaes de Andrade<\/td><td>UFSCAR<\/td><\/tr><\/tbody><\/table><\/figure>\n","protected":false},"excerpt":{"rendered":"<p>O objetivo desse f\u00f3rum \u00e9 fomentar o debate em torno da publica\u00e7\u00e3o cient\u00edfica no Brasil na&nbsp;\u00e1rea&nbsp;de (CTS)&nbsp;Ci\u00eancia, Tecnologia e Sociedade. O f\u00f3rum viabiliza a amplia\u00e7\u00e3o do debate em torno do importante papel da atividade da divulga\u00e7\u00e3o do conhecimento cient\u00edfico, seus modelos, din\u00e2micas, financiamento, avalia\u00e7\u00e3o e acesso p\u00fablico. Discutiremos a comunica\u00e7\u00e3o p\u00fablica da ci\u00eancia, especialmente o&#8230;<\/p>\n","protected":false},"author":1,"featured_media":0,"parent":0,"menu_order":0,"comment_status":"closed","ping_status":"closed","template":"","meta":{"_themeisle_gutenberg_block_has_review":false,"footnotes":""},"class_list":["post-619","page","type-page","status-publish","hentry"],"_links":{"self":[{"href":"https:\/\/11simposioesocite.ufpa.br\/index.php?rest_route=\/wp\/v2\/pages\/619","targetHints":{"allow":["GET"]}}],"collection":[{"href":"https:\/\/11simposioesocite.ufpa.br\/index.php?rest_route=\/wp\/v2\/pages"}],"about":[{"href":"https:\/\/11simposioesocite.ufpa.br\/index.php?rest_route=\/wp\/v2\/types\/page"}],"author":[{"embeddable":true,"href":"https:\/\/11simposioesocite.ufpa.br\/index.php?rest_route=\/wp\/v2\/users\/1"}],"replies":[{"embeddable":true,"href":"https:\/\/11simposioesocite.ufpa.br\/index.php?rest_route=%2Fwp%2Fv2%2Fcomments&post=619"}],"version-history":[{"count":2,"href":"https:\/\/11simposioesocite.ufpa.br\/index.php?rest_route=\/wp\/v2\/pages\/619\/revisions"}],"predecessor-version":[{"id":888,"href":"https:\/\/11simposioesocite.ufpa.br\/index.php?rest_route=\/wp\/v2\/pages\/619\/revisions\/888"}],"wp:attachment":[{"href":"https:\/\/11simposioesocite.ufpa.br\/index.php?rest_route=%2Fwp%2Fv2%2Fmedia&parent=619"}],"curies":[{"name":"wp","href":"https:\/\/api.w.org\/{rel}","templated":true}]}}