{"id":59,"date":"2025-01-07T13:04:15","date_gmt":"2025-01-07T16:04:15","guid":{"rendered":"https:\/\/11simposioesocite.ufpa.br\/?page_id=59"},"modified":"2025-08-12T10:41:44","modified_gmt":"2025-08-12T13:41:44","slug":"teste","status":"publish","type":"page","link":"https:\/\/11simposioesocite.ufpa.br\/?page_id=59","title":{"rendered":"Inscri\u00e7\u00f5es | \u00c1rea dos Inscritos"},"content":{"rendered":"\n<p>As inscri\u00e7\u00f5es para o 11\u00b0 Simp\u00f3sio Nacional de Ci\u00eancia, Tecnologia e Sociedade podem ser feitas aqui: <a href=\"https:\/\/www.11esocite.eventos.dype.com.br\/\" target=\"_blank\" rel=\"noreferrer noopener\">https:\/\/www.11esocite.eventos.dype.com.br\/<\/a><\/p>\n\n\n\n<p><strong>\u00c1rea dos Inscritos: <a href=\"https:\/\/www.11esocite.eventos.dype.com.br\/\">https:\/\/www.11esocite.eventos.dype.com.br\/<\/a><\/strong><\/p>\n\n\n\n<p>Filie-se \u00e0 ESOCITE.BR: <a href=\"https:\/\/www.esocite.org.br\/index.php\/associado\/filie-se\">https:\/\/www.esocite.org.br\/index.php\/associado\/filie-se<\/a><\/p>\n\n\n\n<p>Valores:<\/p>\n\n\n\n<figure class=\"wp-block-table aligncenter\"><table class=\"has-fixed-layout\"><tbody><tr><td><strong>Categorias<\/strong><\/td><td class=\"has-text-align-center\" data-align=\"center\"><strong>Valor (1\u00ba bloco)<\/strong><br>At\u00e9 20\/07\/25<\/td><td class=\"has-text-align-center\" data-align=\"center\"><strong>Valor (2\u00ba bloco)<\/strong><br>At\u00e9 20\/08\/25<\/td><td class=\"has-text-align-center\" data-align=\"center\"><strong>Valor (3\u00ba bloco)<\/strong><br>At\u00e9 19\/09\/25<\/td><\/tr><tr><td>Associados &#8211; Profissionais\/professores<\/td><td class=\"has-text-align-center\" data-align=\"center\">R$ 195,00<\/td><td class=\"has-text-align-center\" data-align=\"center\">R$ 235,00<\/td><td class=\"has-text-align-center\" data-align=\"center\">R$ 260,00<\/td><\/tr><tr><td>Associados &#8211; Doutorandos<\/td><td class=\"has-text-align-center\" data-align=\"center\">R$ 155,00<\/td><td class=\"has-text-align-center\" data-align=\"center\">R$ 185,00<\/td><td class=\"has-text-align-center\" data-align=\"center\">R$ 205,00<\/td><\/tr><tr><td>Associados &#8211; Graduados e Mestrandos &#8211; Mestres<\/td><td class=\"has-text-align-center\" data-align=\"center\">R$ 130,00<\/td><td class=\"has-text-align-center\" data-align=\"center\">R$ 155,00<\/td><td class=\"has-text-align-center\" data-align=\"center\">R$ 170,00<\/td><\/tr><tr><td>Associados &#8211; Estudantes de gradua\u00e7\u00e3o<\/td><td class=\"has-text-align-center\" data-align=\"center\">R$ 25,00<\/td><td class=\"has-text-align-center\" data-align=\"center\">R$ 30,00<\/td><td class=\"has-text-align-center\" data-align=\"center\">R$ 35,00<\/td><\/tr><tr><td>N\u00e3o associados &#8211; Estudantes de Ensino m\u00e9dio<\/td><td class=\"has-text-align-center\" data-align=\"center\">Isentos (at\u00e9 o limite de 100 inscritos)<\/td><td class=\"has-text-align-center\" data-align=\"center\">Isentos (at\u00e9 o limite de 100 inscritos)<\/td><td class=\"has-text-align-center\" data-align=\"center\">Isentos (at\u00e9 o limite de 100 inscritos)<\/td><\/tr><tr><td>N\u00e3o associados &#8211; Estudantes de gradua\u00e7\u00e3o<\/td><td class=\"has-text-align-center\" data-align=\"center\">R$ 25,00<\/td><td class=\"has-text-align-center\" data-align=\"center\">R$ 30,00<\/td><td class=\"has-text-align-center\" data-align=\"center\">R$ 35,00<\/td><\/tr><tr><td>N\u00e3o associados &#8211; Graduados e Mestrandos<\/td><td class=\"has-text-align-center\" data-align=\"center\">R$ 220,00<\/td><td class=\"has-text-align-center\" data-align=\"center\">R$ 255,00<\/td><td class=\"has-text-align-center\" data-align=\"center\">R$ 280,00<\/td><\/tr><tr><td>N\u00e3o associados &#8211; Mestres<\/td><td class=\"has-text-align-center\" data-align=\"center\">R$ 220,00<\/td><td class=\"has-text-align-center\" data-align=\"center\">R$ 255,00<\/td><td class=\"has-text-align-center\" data-align=\"center\">R$ 280,00<\/td><\/tr><tr><td>N\u00e3o associados &#8211; Doutorandos<\/td><td class=\"has-text-align-center\" data-align=\"center\">R$ 270,00<\/td><td class=\"has-text-align-center\" data-align=\"center\">R$ 310,00<\/td><td class=\"has-text-align-center\" data-align=\"center\">R$ 340,00<\/td><\/tr><tr><td>N\u00e3o associados &#8211; Doutores\/Profissionais<\/td><td class=\"has-text-align-center\" data-align=\"center\">R$ 340,00<\/td><td class=\"has-text-align-center\" data-align=\"center\">R$ 390,00<\/td><td class=\"has-text-align-center\" data-align=\"center\">R$ 430,00<\/td><\/tr><tr><td>Ouvintes<\/td><td class=\"has-text-align-center\" data-align=\"center\">R$ 30,00<\/td><td class=\"has-text-align-center\" data-align=\"center\">R$ 35,00<\/td><td class=\"has-text-align-center\" data-align=\"center\">R$ 40,00<\/td><\/tr><\/tbody><\/table><\/figure>\n\n\n\n<p><strong>* Estudantes de gradua\u00e7\u00e3o da UFPA\/UEPA\/IFPA participar\u00e3o gratuitamente.<\/strong><\/p>\n\n\n\n<p><strong>* Estudantes da P\u00f3s-Gradua\u00e7\u00e3o em Sociologia e Antropologia da UFPA participar\u00e3o gratuitamente do evento<\/strong>.<\/p>\n\n\n\n<p><\/p>\n","protected":false},"excerpt":{"rendered":"<p>As inscri\u00e7\u00f5es para o 11\u00b0 Simp\u00f3sio Nacional de Ci\u00eancia, Tecnologia e Sociedade podem ser feitas aqui: https:\/\/www.11esocite.eventos.dype.com.br\/ \u00c1rea dos Inscritos: https:\/\/www.11esocite.eventos.dype.com.br\/ Filie-se \u00e0 ESOCITE.BR: https:\/\/www.esocite.org.br\/index.php\/associado\/filie-se Valores: Categorias Valor (1\u00ba bloco)At\u00e9 20\/07\/25 Valor (2\u00ba bloco)At\u00e9 20\/08\/25 Valor (3\u00ba bloco)At\u00e9 19\/09\/25 Associados &#8211; Profissionais\/professores R$ 195,00 R$ 235,00 R$ 260,00 Associados &#8211; Doutorandos R$ 155,00 R$ 185,00&#8230;<\/p>\n","protected":false},"author":1,"featured_media":0,"parent":0,"menu_order":0,"comment_status":"closed","ping_status":"closed","template":"","meta":{"_themeisle_gutenberg_block_has_review":false,"footnotes":""},"class_list":["post-59","page","type-page","status-publish","hentry"],"_links":{"self":[{"href":"https:\/\/11simposioesocite.ufpa.br\/index.php?rest_route=\/wp\/v2\/pages\/59","targetHints":{"allow":["GET"]}}],"collection":[{"href":"https:\/\/11simposioesocite.ufpa.br\/index.php?rest_route=\/wp\/v2\/pages"}],"about":[{"href":"https:\/\/11simposioesocite.ufpa.br\/index.php?rest_route=\/wp\/v2\/types\/page"}],"author":[{"embeddable":true,"href":"https:\/\/11simposioesocite.ufpa.br\/index.php?rest_route=\/wp\/v2\/users\/1"}],"replies":[{"embeddable":true,"href":"https:\/\/11simposioesocite.ufpa.br\/index.php?rest_route=%2Fwp%2Fv2%2Fcomments&post=59"}],"version-history":[{"count":12,"href":"https:\/\/11simposioesocite.ufpa.br\/index.php?rest_route=\/wp\/v2\/pages\/59\/revisions"}],"predecessor-version":[{"id":783,"href":"https:\/\/11simposioesocite.ufpa.br\/index.php?rest_route=\/wp\/v2\/pages\/59\/revisions\/783"}],"wp:attachment":[{"href":"https:\/\/11simposioesocite.ufpa.br\/index.php?rest_route=%2Fwp%2Fv2%2Fmedia&parent=59"}],"curies":[{"name":"wp","href":"https:\/\/api.w.org\/{rel}","templated":true}]}}