{"id":547,"date":"2025-05-27T22:09:23","date_gmt":"2025-05-28T01:09:23","guid":{"rendered":"https:\/\/11simposioesocite.ufpa.br\/?page_id=547"},"modified":"2025-09-19T13:09:47","modified_gmt":"2025-09-19T16:09:47","slug":"mr-08-soberania-digital-educacao-territorialidade-e-autonomia","status":"publish","type":"page","link":"https:\/\/11simposioesocite.ufpa.br\/?page_id=547","title":{"rendered":"MR &#8211; Soberania Digital: Educa\u00e7\u00e3o, Territorialidade e Autonomia"},"content":{"rendered":"\n<p>O debate em torno da Soberania Digital tem mobilizado desde movimentos sociais, governos, setores empresariais a grupos acad\u00eamicos de diversas disciplinas. Diante da globaliza\u00e7\u00e3o de mercados e da digitaliza\u00e7\u00e3o da comunica\u00e7\u00f5es, um novo regime de concentra\u00e7\u00e3o e explora\u00e7\u00e3o vertical capitalista, transfronteiri\u00e7a, vem alimentando novos conceitos como Capitalismo de Vigil\u00e2ncia, Capitalismo de Plataforma, Colonialismo Digital ou Tecnofeudalismo.<br>Sabemos que economia digital movimenta trilh\u00f5es de d\u00f3lares anualmente, mas sua distribui\u00e7\u00e3o \u00e9 bastante assim\u00e9trica: quem controla os dados e a infraestrutura de informa\u00e7\u00e3o tamb\u00e9m controla sua cadeia produtiva. Como resposta, considera-se o imperativo da tecnodiversidade: que distintos territ\u00f3rios trabalhem na cria\u00e7\u00e3o de suas pr\u00f3prias infraestruturas locais, como data centers, redes comunit\u00e1rias aut\u00f4nomas, ferramentas digitais de redes sociais livres e federadas (como o Fediverso), plataformas de propriedade dos trabalhadores, bem como em sua radiodifus\u00e3o digital interativa. Ao mesmo tempo, \u00e9 preciso a regula\u00e7\u00e3o das big techs em n\u00edvel nacional, para reduzir a vulnerabilidade das popula\u00e7\u00f5es \u00e0s for\u00e7as pol\u00edtico-econ\u00f4micas externas.<br>No Brasil, debate-se a aplica\u00e7\u00e3o do Marco Civil da Internet e da Lei Geral de Prote\u00e7\u00e3o de Dados, enquanto pesquisas como a &#8220;Educa\u00e7\u00e3o Vigiada&#8221; alertam para o fato de que grande parte do conhecimento de nossas universidades e escolas est\u00e1 sendo armazenado, e processado, por empresas e intelig\u00eancia estrangeiras. O acesso universal e com conectividade significativa \u00e0 Internet permanece uma meta; de outro lado, sem educa\u00e7\u00e3o midi\u00e1tica, as iniciativas locais parecem n\u00e3o fazer frente ao consumo das plataformas propriet\u00e1rias de grandes empresas estadunidenses. A mesa redonda vai abordar o tema da Soberania Digital a partir de pesquisas complementares, advindas de um engajamento que, al\u00e9m de intelectual, repousa sua legitimidade no contato direto com diversos atores e movimentos da sociedade civil. Discutiremos, por fim, o que seria uma soberania acad\u00eamica digital e o que espa\u00e7os de debate e associa\u00e7\u00f5es como o Esocite podem fazer para constru\u00ed-la.<\/p>\n\n\n\n<ul class=\"wp-block-list\">\n<li>Data: 19\/09\/2025<\/li>\n\n\n\n<li>Hor\u00e1rio: 16h00 \u2013 17h30<\/li>\n\n\n\n<li>Local: Audit\u00f3rio H2<\/li>\n<\/ul>\n\n\n\n<figure class=\"wp-block-table\"><table class=\"has-fixed-layout\"><tbody><tr><td><strong>Thiago Oliveira da Silva Novaes<\/strong> (Coordenador)<\/td><td><strong>UFF<\/strong><\/td><\/tr><tr><td><strong>Carolina Batista Israel<\/strong> (Expositora)<\/td><td><strong>UFPR<\/strong><\/td><\/tr><tr><td><strong>Leonardo Ribeiro da Cruz<\/strong> (Expositor)<\/td><td><strong>UFPA<\/strong><\/td><\/tr><\/tbody><\/table><\/figure>\n","protected":false},"excerpt":{"rendered":"<p>O debate em torno da Soberania Digital tem mobilizado desde movimentos sociais, governos, setores empresariais a grupos acad\u00eamicos de diversas disciplinas. Diante da globaliza\u00e7\u00e3o de mercados e da digitaliza\u00e7\u00e3o da comunica\u00e7\u00f5es, um novo regime de concentra\u00e7\u00e3o e explora\u00e7\u00e3o vertical capitalista, transfronteiri\u00e7a, vem alimentando novos conceitos como Capitalismo de Vigil\u00e2ncia, Capitalismo de Plataforma, Colonialismo Digital ou&#8230;<\/p>\n","protected":false},"author":1,"featured_media":0,"parent":0,"menu_order":0,"comment_status":"closed","ping_status":"closed","template":"","meta":{"_themeisle_gutenberg_block_has_review":false,"footnotes":""},"class_list":["post-547","page","type-page","status-publish","hentry"],"_links":{"self":[{"href":"https:\/\/11simposioesocite.ufpa.br\/index.php?rest_route=\/wp\/v2\/pages\/547","targetHints":{"allow":["GET"]}}],"collection":[{"href":"https:\/\/11simposioesocite.ufpa.br\/index.php?rest_route=\/wp\/v2\/pages"}],"about":[{"href":"https:\/\/11simposioesocite.ufpa.br\/index.php?rest_route=\/wp\/v2\/types\/page"}],"author":[{"embeddable":true,"href":"https:\/\/11simposioesocite.ufpa.br\/index.php?rest_route=\/wp\/v2\/users\/1"}],"replies":[{"embeddable":true,"href":"https:\/\/11simposioesocite.ufpa.br\/index.php?rest_route=%2Fwp%2Fv2%2Fcomments&post=547"}],"version-history":[{"count":7,"href":"https:\/\/11simposioesocite.ufpa.br\/index.php?rest_route=\/wp\/v2\/pages\/547\/revisions"}],"predecessor-version":[{"id":1251,"href":"https:\/\/11simposioesocite.ufpa.br\/index.php?rest_route=\/wp\/v2\/pages\/547\/revisions\/1251"}],"wp:attachment":[{"href":"https:\/\/11simposioesocite.ufpa.br\/index.php?rest_route=%2Fwp%2Fv2%2Fmedia&parent=547"}],"curies":[{"name":"wp","href":"https:\/\/api.w.org\/{rel}","templated":true}]}}