{"id":538,"date":"2025-05-27T22:03:47","date_gmt":"2025-05-28T01:03:47","guid":{"rendered":"https:\/\/11simposioesocite.ufpa.br\/?page_id=538"},"modified":"2025-09-15T13:05:13","modified_gmt":"2025-09-15T16:05:13","slug":"mr-06-por-outras-ciencias-e-tecnologias-pesquisas-situadas-e-metodologias-contra-hegemonicas","status":"publish","type":"page","link":"https:\/\/11simposioesocite.ufpa.br\/?page_id=538","title":{"rendered":"MR  &#8211; Por outras ci\u00eancias e tecnologias: pesquisas situadas e metodologias contra-hegem\u00f4nicas"},"content":{"rendered":"\n<p>As formas como fazemos pesquisa s\u00e3o profundamente atravessadas por todos os marcadores sociais que nos s\u00e3o impostos &#8211; como g\u00eanero, ra\u00e7a, classe, sexualidade, territ\u00f3rio e outros eixos de diferencia\u00e7\u00e3o historicamente constru\u00eddos. Reconhecer e admitir tais atravessamentos configura-se como honestidade intelectual e pode impulsionar a proposi\u00e7\u00e3o de metodologias, teorias e tecnologias convergentes com a vida. Esta Mesa Redonda prop\u00f5e um espa\u00e7o de encontro, escuta e di\u00e1logo em torno de pesquisas situadas, de experi\u00eancias que se comprometem com metodologias criativas e de modos de fazer pesquisa que permitam articular interdisciplinaridades e promover transforma\u00e7\u00f5es sociais, pol\u00edticas e econ\u00f4micas. Nos interessa pensar: Como metodologias feministas, decoloniais, queer, antirracistas e outras pr\u00e1ticas contrahegem\u00f4nicas reinventam a constru\u00e7\u00e3o de conhecimentos? Que experimenta\u00e7\u00f5es metodol\u00f3gicas emergem dentro de campos interdisciplinares como o campo CTS no Brasil e na Am\u00e9rica Latina combinando pesquisa, ativismo, extens\u00e3o e fabula\u00e7\u00f5es pol\u00edticas? Como enfrentar os desafios \u00e9ticos, pol\u00edticos e institucionais de pesquisas comprometidas com a desestabiliza\u00e7\u00e3o de hegemonias? Discutiremos essas quest\u00f5es a partir de trabalhos desenvolvidos junto com grupos de pesquisa feministas e antirracistas em Abya Yala, pesquisa com drones feministas utilizados para a conserva\u00e7\u00e3o de florestas e defesa territorial, e a produ\u00e7\u00e3o do conhecimento cient\u00edfico desde a Amaz\u00f4nia, dialogando sobre a rela\u00e7\u00e3o sujeito e objeto a partir da produ\u00e7\u00e3o e do uso de podcast.<\/p>\n\n\n\n<ul class=\"wp-block-list\">\n<li>Data: 18\/09\/2025<\/li>\n\n\n\n<li>Hor\u00e1rio: 16h30 \u2013 18h00<\/li>\n\n\n\n<li>Local: Audit\u00f3rio IFCH<\/li>\n<\/ul>\n\n\n\n<figure class=\"wp-block-table\"><table class=\"has-fixed-layout\"><tbody><tr><td><strong>Fernando Monteiro Camargo<\/strong> (Coordenador)<\/td><td><strong>UNICAMP<\/strong><\/td><\/tr><tr><td><strong>Monica Amador Jimenez<\/strong> (Expositora)<\/td><td><strong>Universidad de Exeter<\/strong><\/td><\/tr><tr><td><strong>Luciene de Oliveira Dias<\/strong> (Expositora)<\/td><td><strong>UFG<\/strong><\/td><\/tr><tr><td><strong>Ramon Pereira dos Reis<\/strong> (Expositor)<\/td><td><strong>UEPA<\/strong><\/td><\/tr><tr><td><strong>Graciela Froehlich<\/strong> (Debatedora)<\/td><td><strong>UNB<\/strong><\/td><\/tr><\/tbody><\/table><\/figure>\n","protected":false},"excerpt":{"rendered":"<p>As formas como fazemos pesquisa s\u00e3o profundamente atravessadas por todos os marcadores sociais que nos s\u00e3o impostos &#8211; como g\u00eanero, ra\u00e7a, classe, sexualidade, territ\u00f3rio e outros eixos de diferencia\u00e7\u00e3o historicamente constru\u00eddos. Reconhecer e admitir tais atravessamentos configura-se como honestidade intelectual e pode impulsionar a proposi\u00e7\u00e3o de metodologias, teorias e tecnologias convergentes com a vida. Esta&#8230;<\/p>\n","protected":false},"author":1,"featured_media":0,"parent":0,"menu_order":0,"comment_status":"closed","ping_status":"closed","template":"","meta":{"_themeisle_gutenberg_block_has_review":false,"footnotes":""},"class_list":["post-538","page","type-page","status-publish","hentry"],"_links":{"self":[{"href":"https:\/\/11simposioesocite.ufpa.br\/index.php?rest_route=\/wp\/v2\/pages\/538","targetHints":{"allow":["GET"]}}],"collection":[{"href":"https:\/\/11simposioesocite.ufpa.br\/index.php?rest_route=\/wp\/v2\/pages"}],"about":[{"href":"https:\/\/11simposioesocite.ufpa.br\/index.php?rest_route=\/wp\/v2\/types\/page"}],"author":[{"embeddable":true,"href":"https:\/\/11simposioesocite.ufpa.br\/index.php?rest_route=\/wp\/v2\/users\/1"}],"replies":[{"embeddable":true,"href":"https:\/\/11simposioesocite.ufpa.br\/index.php?rest_route=%2Fwp%2Fv2%2Fcomments&post=538"}],"version-history":[{"count":6,"href":"https:\/\/11simposioesocite.ufpa.br\/index.php?rest_route=\/wp\/v2\/pages\/538\/revisions"}],"predecessor-version":[{"id":1227,"href":"https:\/\/11simposioesocite.ufpa.br\/index.php?rest_route=\/wp\/v2\/pages\/538\/revisions\/1227"}],"wp:attachment":[{"href":"https:\/\/11simposioesocite.ufpa.br\/index.php?rest_route=%2Fwp%2Fv2%2Fmedia&parent=538"}],"curies":[{"name":"wp","href":"https:\/\/api.w.org\/{rel}","templated":true}]}}