{"id":528,"date":"2025-05-27T21:57:23","date_gmt":"2025-05-28T00:57:23","guid":{"rendered":"https:\/\/11simposioesocite.ufpa.br\/?page_id=528"},"modified":"2025-09-15T10:03:28","modified_gmt":"2025-09-15T13:03:28","slug":"mr-02-estudos-cts-no-brasil-antropologia-e-perspectivas-feministas","status":"publish","type":"page","link":"https:\/\/11simposioesocite.ufpa.br\/?page_id=528","title":{"rendered":"MR &#8211; Estudos CTS no Brasil, Antropologia e perspectivas feministas"},"content":{"rendered":"\n<p>O campo interdisciplinar &#8220;Ci\u00eancia, Tecnologia e Sociedade&#8221; tem no centro do seu estudo mostrar como os processos de produ\u00e7\u00e3o de conhecimento cient\u00edfico e de tecnologias s\u00e3o partes inerentes da vida social, e como a sociedade e a cultura configuram continuamente esses processos. Os estudos feministas da ci\u00eancia e da tecnologia foram importantes no movimento de demonstrar a n\u00e3o-neutralidade e a parcialidade do conhecimento cient\u00edfico, a despeito de seus pressupostos e metodologias. Ainda assim, essas importantes refer\u00eancias raramente figuram como can\u00f4nicas no campo CTS de forma mais geral, ficando restritas a ementas e discuss\u00f5es nas quais as cr\u00edticas de g\u00eanero e ra\u00e7a, por exemplo, est\u00e3o \u201csetorizadas\u201d. Nesta mesa redonda, nos interessa indagar justamente como a antropologia (feminista) no Brasil est\u00e1 sendo configurada pelo contexto social em que ela emerge, em di\u00e1logo com o campo da ci\u00eancia e da tecnologia, e da sa\u00fade. A proposta feminista emerge de uma cr\u00edtica (antropol\u00f3gica, talvez, em sua proposi\u00e7\u00e3o) \u00e0 produ\u00e7\u00e3o de conhecimento cient\u00edfico hegem\u00f4nico, euro e androcentrado. Nesse sentido, reunimos nesta mesa perspectivas de pesquisadoras que trabalham na intersec\u00e7\u00e3o entre antropologia e outros modos de conhecimento, interrogando suas formas de pensar e conduzir investiga\u00e7\u00f5es, e as motiva\u00e7\u00f5es, impactos e interlocu\u00e7\u00f5es que essas pesquisadoras encontram no campo acad\u00eamico, e fora dele. Dando continuidade \u00e0 mesa-redonda ocorrida no \u00faltimo encontro da ESOCITE.LA, em Campinas, nosso objetivo \u00e9 compreender como suas produ\u00e7\u00f5es acad\u00eamicas introduzem novas quest\u00f5es e desafios na disputa por um campo CTS que abarque esses resultados e produ\u00e7\u00f5es como parte de um repert\u00f3rio te\u00f3rico-metodol\u00f3gico coletivamente compartilhado.<\/p>\n\n\n\n<ul class=\"wp-block-list\">\n<li>Data: 17\/09\/2025<\/li>\n\n\n\n<li>Hor\u00e1rio: 16h30 \u2013 18h00<\/li>\n\n\n\n<li>Local: Audit\u00f3rio CTIC<\/li>\n<\/ul>\n\n\n\n<figure class=\"wp-block-table\"><table class=\"has-fixed-layout\"><tbody><tr><td><strong>Daniela Tonelli Manica<\/strong> (Coordenadora)<\/td><td><strong>Labjor \/ UNICAMP<\/strong><\/td><\/tr><tr><td><strong>Clarissa Reche Nunes da Costa<\/strong> (Expositora)<\/td><td><strong>UNICAMP<\/strong><\/td><\/tr><tr><td><strong>Ana Manoela Primo dos Santos Soares<\/strong> (Expositora)<\/td><td><strong>PPGSA<\/strong> <strong>\/ UFPA<\/strong><\/td><\/tr><tr><td><strong>Rosana Maria Nascimento Castro Silva<\/strong> (Expositora)<\/td><td><strong>Instituto de Medicina Social <\/strong>\/ <strong>UERJ<\/strong><\/td><\/tr><tr><td><strong>Lana Claudia Macedo da Silva<\/strong> (Debatedora)<\/td><td><strong>UEPA<\/strong><\/td><\/tr><\/tbody><\/table><\/figure>\n","protected":false},"excerpt":{"rendered":"<p>O campo interdisciplinar &#8220;Ci\u00eancia, Tecnologia e Sociedade&#8221; tem no centro do seu estudo mostrar como os processos de produ\u00e7\u00e3o de conhecimento cient\u00edfico e de tecnologias s\u00e3o partes inerentes da vida social, e como a sociedade e a cultura configuram continuamente esses processos. Os estudos feministas da ci\u00eancia e da tecnologia foram importantes no movimento de&#8230;<\/p>\n","protected":false},"author":1,"featured_media":0,"parent":0,"menu_order":0,"comment_status":"closed","ping_status":"closed","template":"","meta":{"_themeisle_gutenberg_block_has_review":false,"footnotes":""},"class_list":["post-528","page","type-page","status-publish","hentry"],"_links":{"self":[{"href":"https:\/\/11simposioesocite.ufpa.br\/index.php?rest_route=\/wp\/v2\/pages\/528","targetHints":{"allow":["GET"]}}],"collection":[{"href":"https:\/\/11simposioesocite.ufpa.br\/index.php?rest_route=\/wp\/v2\/pages"}],"about":[{"href":"https:\/\/11simposioesocite.ufpa.br\/index.php?rest_route=\/wp\/v2\/types\/page"}],"author":[{"embeddable":true,"href":"https:\/\/11simposioesocite.ufpa.br\/index.php?rest_route=\/wp\/v2\/users\/1"}],"replies":[{"embeddable":true,"href":"https:\/\/11simposioesocite.ufpa.br\/index.php?rest_route=%2Fwp%2Fv2%2Fcomments&post=528"}],"version-history":[{"count":6,"href":"https:\/\/11simposioesocite.ufpa.br\/index.php?rest_route=\/wp\/v2\/pages\/528\/revisions"}],"predecessor-version":[{"id":1064,"href":"https:\/\/11simposioesocite.ufpa.br\/index.php?rest_route=\/wp\/v2\/pages\/528\/revisions\/1064"}],"wp:attachment":[{"href":"https:\/\/11simposioesocite.ufpa.br\/index.php?rest_route=%2Fwp%2Fv2%2Fmedia&parent=528"}],"curies":[{"name":"wp","href":"https:\/\/api.w.org\/{rel}","templated":true}]}}