{"id":435,"date":"2025-05-21T20:53:51","date_gmt":"2025-05-21T23:53:51","guid":{"rendered":"https:\/\/11simposioesocite.ufpa.br\/?page_id=435"},"modified":"2025-09-11T10:46:42","modified_gmt":"2025-09-11T13:46:42","slug":"gt21-producao-de-conhecimentos-e-artefatos-experiencias-interdisciplinares-em-design","status":"publish","type":"page","link":"https:\/\/11simposioesocite.ufpa.br\/?page_id=435","title":{"rendered":"GT21 &#8211; Produ\u00e7\u00e3o de conhecimentos e artefatos &#8211; Experi\u00eancias interdisciplinares em design"},"content":{"rendered":"\n<p><strong>Resumo:<\/strong> Um painel que receber\u00e1 propostas de discuss\u00f5es que relacionem as produ\u00e7\u00f5es de artefatos, na contemporaneidade, para al\u00e9m de seus aspectos materiais, processuais e culturais, enfocando os movimentos interdisciplinares e as produ\u00e7\u00f5es de sentido atribu\u00eddos ao design. O objetivo \u00e9 proporcionar di\u00e1logos e interc\u00e2mbios entre diferentes experi\u00eancias no campo da formata\u00e7\u00e3o de artefatos presentes no cotidiano, que estejam sendo constitu\u00eddos por elementos interdisciplinares, dentro de uma linguagem voltada para o design e que, sobretudo, considere a participa\u00e7\u00e3o de atores n\u00e3o humanos nas intera\u00e7\u00f5es que interferem e reconfiguram o processo formativo social, levando em conta as implica\u00e7\u00f5es pr\u00e1ticas na forma\u00e7\u00e3o de valores, desejos e projetos socioculturais e econ\u00f4micos. Pretende-se uma articula\u00e7\u00e3o de reflex\u00f5es que ultrapassem as vis\u00f5es modernistas e dicot\u00f4micas sobre ci\u00eancia, tecnologia e sociedade. Considerando, inclusive, que tais discuss\u00f5es j\u00e1 s\u00e3o produtos resultantes de redes de interesses, onde as a\u00e7\u00f5es s\u00e3o compostas de momentos, mediados e operados por diferentes elos. Este painel aberto ambiciona, em \u00faltima inst\u00e2ncia, co-elaborar argumenta\u00e7\u00f5es acerca do social constitu\u00eddo em redes de afeta\u00e7\u00f5es, onde a\u00e7\u00f5es e entidades s\u00e3o traduzidos mediante seus pr\u00f3prios movimentos e explicitados por um vi\u00e9s interdisciplinar, deslocando-se as limitadas metodologias dos silos disciplinares e vinculando-se uma abordagem contextualizada de an\u00e1lise da produ\u00e7\u00e3o de conhecimentos e artefatos.<\/p>\n\n\n\n<p><strong>Coordenadores: <\/strong>Adilson da Silva Mello (UNIFEI), Rita Ribeiro (UEMG)<strong><br>Debatedora: <\/strong>Rita Morais de Andrade (UFG)<\/p>\n\n\n\n<p><strong>17\/09\/2025<\/strong> &#8211; <strong>Sess\u00e3o 01<\/strong><\/p>\n\n\n\n<ul class=\"wp-block-list\">\n<li><strong>Hor\u00e1rio:&nbsp;<\/strong>14:00 \u2013 16:00<\/li>\n\n\n\n<li><strong>Local:\u00a0<\/strong>Mirante do Rio &#8211; sala 305 (3o andar)<\/li>\n<\/ul>\n\n\n\n<p><strong>Redes que Sustentam: Design, CTS e Pluralidade Epist\u00eamica<\/strong> &#8211; Fl\u00e1via Aparecida Silveira&nbsp;(UTFPR)<\/p>\n\n\n\n<p>Diante da intensifica\u00e7\u00e3o da crise clim\u00e1tica e das limita\u00e7\u00f5es dos discursos t\u00e9cnico-cient\u00edficos convencionais, este trabalho discute a articula\u00e7\u00e3o entre pr\u00e1ticas de design e os estudos em ci\u00eancia, tecnologia e sociedade, explorando contribui\u00e7\u00f5es conceituais da Teoria Ator-Rede e de abordagens decoloniais. O objetivo \u00e9 refletir sobre o potencial do design, entendido como pr\u00e1tica sociot\u00e9cnica situada, para atuar como mediador na composi\u00e7\u00e3o de redes de cuidado, escuta e resist\u00eancia em contextos de vulnerabilidade clim\u00e1tica. Trata-se de um ensaio de natureza te\u00f3rico-conceitual, fundamentado em revis\u00e3o bibliogr\u00e1fica cr\u00edtica e interdisciplinar, com base em autores contempor\u00e2neos que discutem epistemologias do Sul, modos de exist\u00eancia e recomposi\u00e7\u00e3o do comum, o trabalho tensiona os limites da sustentabilidade enquanto categoria t\u00e9cnica e defende a import\u00e2ncia de pr\u00e1ticas pluriepist\u00eamicas e territorializadas. Ao destacar a dimens\u00e3o pol\u00edtica do design, argumenta-se que projetar \u00e9 compor mundos, e n\u00e3o apenas resolver problemas. Os resultados parciais apontam para a relev\u00e2ncia do design como ferramenta cr\u00edtica no enfrentamento clim\u00e1tico, desde que ancorado em princ\u00edpios de justi\u00e7a epist\u00eamica, pluralidade ontol\u00f3gica e di\u00e1logo com saberes locais. Como considera\u00e7\u00e3o final, o ensaio prop\u00f5e que a pr\u00e1tica do design, ao ser reorientada por esses princ\u00edpios, pode contribuir de maneira significativa para imaginar e sustentar formas de exist\u00eancia mais justas, resilientes e interdependentes frente \u00e0 emerg\u00eancia clim\u00e1tica.<\/p>\n\n\n\n<hr class=\"wp-block-separator has-alpha-channel-opacity\"\/>\n\n\n\n<p><strong>O QuiTrupe como Ator-Rede: da extens\u00e3o \u00e0 forma\u00e7\u00e3o de uma identidade sociot\u00e9cnica<\/strong> &#8211; Jos\u00e9 Vinicio Archanjo J\u00fanior&nbsp;(UNIFEI),&nbsp;Adilson da Silva Mello&nbsp;(UNIFEI)<\/p>\n\n\n\n<p>Este trabalho discute a emerg\u00eancia e consolida\u00e7\u00e3o do QuiTrupe, projeto de extens\u00e3o da Universidade Federal de Itajub\u00e1 (UNIFEI). Empregando a Teoria Ator-Rede (TAR), busca-se transcender vis\u00f5es dicot\u00f4micas entre arte, ci\u00eancia e sociedade, al\u00e9m de compreender a din\u00e2mica da rede pelas afeta\u00e7\u00f5es entre agentes humanos e n\u00e3o-humanos, correlacionados por suas a\u00e7\u00f5es. (Latour, 2012)<br>A origem da abordagem l\u00fadica de experimentos qu\u00edmicos na institui\u00e7\u00e3o acontece em 2008, com o projeto Show da Qu\u00edmica, liderado por um t\u00e9cnico laboratorial. Com o in\u00edcio do curso de qu\u00edmica, o projeto passa a acolher estes alunos. Assim, em 2013, o formato de show experimental se diferencia ao integrar tamb\u00e9m um enredo teatral. O in\u00edcio do grupo \u00e9 marcado por controv\u00e9rsias. Al\u00e9m do registro institucional manteve sua nomenclatura, embora o projeto j\u00e1 estabelecesse novos processos em sua constru\u00e7\u00e3o, a inspira\u00e7\u00e3o na literatura infanto-juvenil, um consenso dentre as caracter\u00edsticas da sua trajet\u00f3ria, n\u00e3o acontece desde a primeira montagem teatral. A tecnologia desenvolvida pelo QuiTrupe demonstra um design complexo (Cardoso, 2012), resultando em um produto artisticamente engajador e cientificamente educacional. A busca por identidade tamb\u00e9m se manifesta na evolu\u00e7\u00e3o das logomarcas do grupo. De 2013 a 2017, passa por quatro diferentes no Facebook, al\u00e9m de outras exploradas no processo criativo. Essa din\u00e2mica imaginativa utiliza c\u00f3digos e formas que estabelecem a representa\u00e7\u00e3o do grupo (Flusser, 2024). Os elementos recorrentes buscavam expressar visualmente a converg\u00eancia caracter\u00edstica ente ci\u00eancia e arte.<\/p>\n\n\n\n<hr class=\"wp-block-separator has-alpha-channel-opacity\"\/>\n\n\n\n<p><strong>Povos origin\u00e1rios e designers, contribui\u00e7\u00f5es do pensamento de Tony Fry para um projetar cr\u00edtico e colaborativo<\/strong> &#8211; L\u00edvia Weyl Costa&nbsp;(UFBA)<\/p>\n\n\n\n<p>A reflex\u00e3o base desta pesquisa parte da compreens\u00e3o de que o design se consolidou durante a ascens\u00e3o de discursos sobre o desenvolvimento, os quais oficializaram a ideia de um primeiro mundo desenvolvido respons\u00e1vel por analisar um terceiro mundo subdesenvolvido e ditar maneiras pelas quais este poderia alcan\u00e7ar o desenvolvimento. No design, essa postura se manifestou em \u201cresolu\u00e7\u00f5es de problemas\u201d com vi\u00e9s funcionalista, supostamente neutros, mas que na pr\u00e1tica favoreceram uma perspectiva capitalista, patriarcal e colonial. Em vez de criar, esse tipo de design acabou eliminando saberes e exist\u00eancias. Essa capacidade destrutiva do design \u00e9 chamada por Fry de \u201cdefuturing\u201d, uma destrui\u00e7\u00e3o de futuros, e est\u00e1 diretamente relacionada ao conceito de design ontol\u00f3gico, que entende o design n\u00e3o apenas como a\u00e7\u00e3o de projetar artefatos, mas tamb\u00e9m modos de existir. Essa real ag\u00eancia do design opera como uma estrutura n\u00e3o reconhecida, afirma\u00e7\u00e3o que se conecta diretamente aos estudos CTS sobre a n\u00e3o neutralidade e as aparentes \u201ccaixas-pretas\u201d da ci\u00eancia e da tecnologia. Ser uma pessoa branca do meio acad\u00eamico e trabalhar com povos origin\u00e1rios envolve entrar em contato com ontologias distintas da ocidental. Compreende-se que para atuar criticamente e colaborativamente \u00e9 imprescind\u00edvel adotar uma perspectiva ontol\u00f3gica do design, refletindo sobre quais modos de exist\u00eancia est\u00e3o presentes no ato de projetar, quais discursos de poder s\u00e3o acionados e quais futuros est\u00e3o sendo constru\u00eddos.<\/p>\n","protected":false},"excerpt":{"rendered":"<p>Resumo: Um painel que receber\u00e1 propostas de discuss\u00f5es que relacionem as produ\u00e7\u00f5es de artefatos, na contemporaneidade, para al\u00e9m de seus aspectos materiais, processuais e culturais, enfocando os movimentos interdisciplinares e as produ\u00e7\u00f5es de sentido atribu\u00eddos ao design. O objetivo \u00e9 proporcionar di\u00e1logos e interc\u00e2mbios entre diferentes experi\u00eancias no campo da formata\u00e7\u00e3o de artefatos presentes no&#8230;<\/p>\n","protected":false},"author":1,"featured_media":0,"parent":0,"menu_order":0,"comment_status":"closed","ping_status":"closed","template":"","meta":{"_themeisle_gutenberg_block_has_review":false,"footnotes":""},"class_list":["post-435","page","type-page","status-publish","hentry"],"_links":{"self":[{"href":"https:\/\/11simposioesocite.ufpa.br\/index.php?rest_route=\/wp\/v2\/pages\/435","targetHints":{"allow":["GET"]}}],"collection":[{"href":"https:\/\/11simposioesocite.ufpa.br\/index.php?rest_route=\/wp\/v2\/pages"}],"about":[{"href":"https:\/\/11simposioesocite.ufpa.br\/index.php?rest_route=\/wp\/v2\/types\/page"}],"author":[{"embeddable":true,"href":"https:\/\/11simposioesocite.ufpa.br\/index.php?rest_route=\/wp\/v2\/users\/1"}],"replies":[{"embeddable":true,"href":"https:\/\/11simposioesocite.ufpa.br\/index.php?rest_route=%2Fwp%2Fv2%2Fcomments&post=435"}],"version-history":[{"count":6,"href":"https:\/\/11simposioesocite.ufpa.br\/index.php?rest_route=\/wp\/v2\/pages\/435\/revisions"}],"predecessor-version":[{"id":1168,"href":"https:\/\/11simposioesocite.ufpa.br\/index.php?rest_route=\/wp\/v2\/pages\/435\/revisions\/1168"}],"wp:attachment":[{"href":"https:\/\/11simposioesocite.ufpa.br\/index.php?rest_route=%2Fwp%2Fv2%2Fmedia&parent=435"}],"curies":[{"name":"wp","href":"https:\/\/api.w.org\/{rel}","templated":true}]}}