{"id":328,"date":"2025-02-04T16:39:42","date_gmt":"2025-02-04T19:39:42","guid":{"rendered":"https:\/\/11simposioesocite.ufpa.br\/?page_id=328"},"modified":"2025-07-30T20:17:59","modified_gmt":"2025-07-30T23:17:59","slug":"sobre-o-evento","status":"publish","type":"page","link":"https:\/\/11simposioesocite.ufpa.br\/?page_id=328","title":{"rendered":"Sobre o evento"},"content":{"rendered":"\n<p>A Associa\u00e7\u00e3o Brasileira de Estudos Sociais das Ci\u00eancias e das Tecnologias (ESOCITE.BR) realiza bienalmente o Simp\u00f3sio Nacional de Ci\u00eancia, Tecnologia e Sociedade. A d\u00e9cima primeira edi\u00e7\u00e3o deste evento ocorrer\u00e1 no per\u00edodo de 17 a 19 de setembro de 2025  na cidade de Bel\u00e9m-PA.<\/p>\n\n\n\n<p>Essa \u00e9 a primeira edi\u00e7\u00e3o do Simp\u00f3sio na Regi\u00e3o Norte do pa\u00eds e est\u00e1 sob organiza\u00e7\u00e3o de uma comiss\u00e3o composta por docentes vinculados ao Programa de P\u00f3s-Gradua\u00e7\u00e3o em Sociologia e Antropologia da Universidade Federal do Par\u00e1, ao Programa de P\u00f3s-Gradua\u00e7\u00e3o em Ci\u00eancia da Computa\u00e7\u00e3o da Universidade Federal do Par\u00e1, bem como do Instituto Federal do Par\u00e1 e do Museu Paraense Em\u00edlio Goeldi. O tema escolhido para o simp\u00f3sio \u00e9 &#8220;Que futuro estamos construindo? Ci\u00eancia, tecnologia e a urg\u00eancia da a\u00e7\u00e3o clim\u00e1tica&#8221;.<\/p>\n\n\n\n<p>Fundada 2010, a ESOCITE.BR \u00e9 uma organiza\u00e7\u00e3o dedicada ao estudo e \u00e0 promo\u00e7\u00e3o de pesquisas interdisciplinares sobre ci\u00eancia, tecnologia e sociedade (CTS). Ela re\u00fane pesquisadores, acad\u00eamicos e profissionais interessados em compreender as rela\u00e7\u00f5es entre as ci\u00eancias, tecnologias e os aspectos sociais, pol\u00edticos, econ\u00f4micos e culturais que as atravessam.<\/p>\n\n\n\n<p>O Simp\u00f3sio Nacional de Ci\u00eancia, Tecnologia e Sociedade tem sido o principal encontro acad\u00eamico nacional para a reflex\u00e3o interdisciplinar sobre o tema. Em sua 11\u00b0 edi\u00e7\u00e3o o evento busca impulsionar debates sobre ci\u00eancia, tecnologia e sociedade, valorizando o papel importante dessa regi\u00e3o no contexto nacional e aproveitando um momento oportuno para reflex\u00f5es sobre o desenvolvimento cient\u00edfico e tecnol\u00f3gico e a urg\u00eancia das quest\u00f5es ambientais.<\/p>\n\n\n\n<h2 class=\"wp-block-heading\">Comiss\u00e3o de organiza\u00e7\u00e3o:<\/h2>\n\n\n\n<ul class=\"wp-block-list\">\n<li>Leonardo Ribeiro da Cruz &#8211; UFPA<\/li>\n\n\n\n<li>Daniela Ribeiro de Oliveira &#8211; UFPA<\/li>\n\n\n\n<li>Filipe de Oliveira Saraiva &#8211; UFPA<\/li>\n\n\n\n<li>Patr\u00edcia da Silva Santos &#8211; UFPA<\/li>\n\n\n\n<li>Thiane de Nazar\u00e9 Monteiro Neves Barros &#8211; Funda\u00e7\u00e3o Mozilla<\/li>\n\n\n\n<li>Julie Leal &#8211; IFPA<\/li>\n\n\n\n<li>Breno Rodrigo de Oliveira Alencar &#8211; IFPA<\/li>\n\n\n\n<li>Joelma Fabiana Almeida &#8211; IFPA<\/li>\n\n\n\n<li>Kirla Ferreira &#8211; IFPA<\/li>\n\n\n\n<li>Lilian Bayma de Amorim &#8211; Museu Paraense Em\u00edlio Goeldi<\/li>\n\n\n\n<li>Nilda Nazar\u00e9 Pereira Oliveira &#8211; ITA<\/li>\n\n\n\n<li>Fernando Monteiro Camargo &#8211; UNICAMP<\/li>\n\n\n\n<li>Raiane Roberta Cavalcante Pereira &#8211; UFPA<\/li>\n\n\n\n<li>Gabriela Laroca Araujo &#8211; UFPA<\/li>\n\n\n\n<li>Keiliane de Lima Bandeira &#8211; UFPA<\/li>\n\n\n\n<li>Carlos Victor Correa Pontes &#8211; UFPA<\/li>\n\n\n\n<li>Kalynka Cruz &#8211; UFPA<\/li>\n<\/ul>\n\n\n\n<h2 class=\"wp-block-heading\">Comit\u00ea Cient\u00edfico<\/h2>\n\n\n\n<ul class=\"wp-block-list\">\n<li>Edna Maria Ramos de Castro &#8211; UFPA<\/li>\n\n\n\n<li>Nelson Rodrigues Sanjad &#8211; Museu Goeldi<\/li>\n\n\n\n<li>Daniela Manica &#8211; UNICAMP<\/li>\n\n\n\n<li>Edila Arnaud Ferreira Moura &#8211; UFPA<\/li>\n\n\n\n<li>Rafael de Almeida Evangelista &#8211; UNICAMP<\/li>\n\n\n\n<li>Iv\u00e2nia Maria Carneiro Vieira &#8211; UFAM<\/li>\n\n\n\n<li>Leonardo Fernandes Nascimento &#8211; UFBA<\/li>\n\n\n\n<li>Thales Haddad Novaes Andrade &#8211; UFSCAR<\/li>\n\n\n\n<li>Ma\u00edra Baumgarten &#8211; UFRGS<\/li>\n\n\n\n<li>Wilson Jos\u00e9 Alves Pedro &#8211; UFSCAR<\/li>\n\n\n\n<li>Marilia Luz David &#8211; UFRGS\/RS<\/li>\n\n\n\n<li>Paulo de Freitas Castro Fonseca &#8211; UFBA<\/li>\n\n\n\n<li>Rosana Castro &#8211; UERJ<\/li>\n\n\n\n<li>M\u00e1rcia Regina Barros da Silva &#8211; USP<\/li>\n\n\n\n<li>Daniela Alves de Alves &#8211; UFV<\/li>\n\n\n\n<li>Carolina Batista Israel &#8211; UFPR<\/li>\n<\/ul>\n","protected":false},"excerpt":{"rendered":"<p>A Associa\u00e7\u00e3o Brasileira de Estudos Sociais das Ci\u00eancias e das Tecnologias (ESOCITE.BR) realiza bienalmente o Simp\u00f3sio Nacional de Ci\u00eancia, Tecnologia e Sociedade. A d\u00e9cima primeira edi\u00e7\u00e3o deste evento ocorrer\u00e1 no per\u00edodo de 17 a 19 de setembro de 2025 na cidade de Bel\u00e9m-PA. Essa \u00e9 a primeira edi\u00e7\u00e3o do Simp\u00f3sio na Regi\u00e3o Norte do pa\u00eds&#8230;<\/p>\n","protected":false},"author":1,"featured_media":754,"parent":0,"menu_order":0,"comment_status":"closed","ping_status":"closed","template":"","meta":{"_themeisle_gutenberg_block_has_review":false,"footnotes":""},"class_list":["post-328","page","type-page","status-publish","has-post-thumbnail","hentry"],"_links":{"self":[{"href":"https:\/\/11simposioesocite.ufpa.br\/index.php?rest_route=\/wp\/v2\/pages\/328","targetHints":{"allow":["GET"]}}],"collection":[{"href":"https:\/\/11simposioesocite.ufpa.br\/index.php?rest_route=\/wp\/v2\/pages"}],"about":[{"href":"https:\/\/11simposioesocite.ufpa.br\/index.php?rest_route=\/wp\/v2\/types\/page"}],"author":[{"embeddable":true,"href":"https:\/\/11simposioesocite.ufpa.br\/index.php?rest_route=\/wp\/v2\/users\/1"}],"replies":[{"embeddable":true,"href":"https:\/\/11simposioesocite.ufpa.br\/index.php?rest_route=%2Fwp%2Fv2%2Fcomments&post=328"}],"version-history":[{"count":2,"href":"https:\/\/11simposioesocite.ufpa.br\/index.php?rest_route=\/wp\/v2\/pages\/328\/revisions"}],"predecessor-version":[{"id":343,"href":"https:\/\/11simposioesocite.ufpa.br\/index.php?rest_route=\/wp\/v2\/pages\/328\/revisions\/343"}],"wp:featuredmedia":[{"embeddable":true,"href":"https:\/\/11simposioesocite.ufpa.br\/index.php?rest_route=\/wp\/v2\/media\/754"}],"wp:attachment":[{"href":"https:\/\/11simposioesocite.ufpa.br\/index.php?rest_route=%2Fwp%2Fv2%2Fmedia&parent=328"}],"curies":[{"name":"wp","href":"https:\/\/api.w.org\/{rel}","templated":true}]}}