{"id":256,"date":"2025-01-21T19:27:00","date_gmt":"2025-01-21T22:27:00","guid":{"rendered":"https:\/\/11simposioesocite.ufpa.br\/?page_id=256"},"modified":"2025-09-11T11:30:55","modified_gmt":"2025-09-11T14:30:55","slug":"estadia","status":"publish","type":"page","link":"https:\/\/11simposioesocite.ufpa.br\/?page_id=256","title":{"rendered":"Informa\u00e7\u00f5es \u00dateis"},"content":{"rendered":"\n<ul class=\"wp-block-list\">\n<li><strong><span class=\"highlight\">Dicas e Sugest\u00f5es &#8211; Bel\u00e9m-PA &#8211; Por Olga L\u00facia Castreghini de Freitas &amp;<br>Maria Goretti da Costa Tavares<\/span><\/strong><\/li>\n<\/ul>\n\n\n\n<p>Olga L\u00facia Castreghini de Freitas e Maria Goretti da Costa Tavares elaboraram um breve material como um gesto de acolhimento aos amigos e colegas que desejam conhecer ou revisitar Bel\u00e9m.<\/p>\n\n\n\n<p>Nele, compartilham sugest\u00f5es de lugares singulares da cidade, que revelam a riqueza de sua cultura, natureza, hist\u00f3ria e gastronomia. A proposta n\u00e3o \u00e9 oferecer um guia completo, mas destacar espa\u00e7os especiais a partir de seus olhares e experi\u00eancias. <\/p>\n\n\n\n<p>Afinal, como toda grande cidade, Bel\u00e9m re\u00fane in\u00fameras op\u00e7\u00f5es de lazer e sabores: cabe a cada visitante fazer suas escolhas e aproveitar ao m\u00e1ximo essa diversidade. <a href=\"https:\/\/drive.google.com\/file\/d\/1m3u9OywRaWrMLEKLFDoK4TxiRbEsr4wx\/view?usp=sharing\"><strong>Acesse aqui<\/strong><\/a><\/p>\n\n\n\n<ul class=\"wp-block-list\">\n<li><strong><span class=\"highlight\">Restaurantes<\/span><\/strong><\/li>\n<\/ul>\n\n\n\n<p>O restaurante <strong>Canto dos P\u00e1ssaros<\/strong>, localizado na Ilha do Combu (cerca de 20 minutos da UFPA), estar\u00e1 funcionando para os\/as participantes do evento. Link para Instagram:\u00a0<a href=\"https:\/\/www.instagram.com\/reel\/DOJhBoijqNZ\/?igsh=NGE4eHZqNWdhY2wx\">https:\/\/www.instagram.com\/reel\/DOJhBoijqNZ\/?igsh=NGE4eHZqNWdhY2wx<\/a><\/p>\n\n\n\n<p>\ud83d\udea4 Ser\u00e1 disponibilizada embarca\u00e7\u00e3o para o deslocamento (custo: <strong>R$ 24,00 ida\/volta<\/strong>, pagamento em dinheiro).<\/p>\n\n\n\n<p>\ud83d\udd5a <strong>Sa\u00edda:<\/strong> 11h40 da UFPA<br>\ud83d\udd51 <strong>Retorno:<\/strong> 14h do restaurante (chegada prevista \u00e0s 14h20)<\/p>\n\n\n\n<ul class=\"wp-block-list\">\n<li>O restaurante funciona normalmente fora desse hor\u00e1rio. Caso queira permanecer ap\u00f3s o retorno da embarca\u00e7\u00e3o, basta combinar com o Sr. Nau\u00e1 e realizar o pagamento diretamente.<\/li>\n\n\n\n<li>Tamb\u00e9m funciona aos fins de semana.<\/li>\n\n\n\n<li><strong>Aten\u00e7\u00e3o:<\/strong> quem tiver apresenta\u00e7\u00e3o em GT nesses dias, sugerimos escolher outro dia para o passeio.<\/li>\n\n\n\n<li>Manifeste seu interesse <a href=\"https:\/\/docs.google.com\/forms\/d\/e\/1FAIpQLScJjLn_D2YoDQdhzValxW2r-oJLVC3ms_bAlRHwwKAmpwSV2Q\/viewform?usp=header\">aqui.<\/a><\/li>\n<\/ul>\n\n\n\n<p><strong>Point do A\u00e7a\u00ed<\/strong><br>Av. Boulevard Castilhos Fran\u00e7a, 744<\/p>\n\n\n\n<p><strong>Pissolati Caf\u00e9 e Restaurante<\/strong><br>Tv. Rui Barbosa, 1835 B<\/p>\n\n\n\n<p><strong>Cambuci Restaurante<\/strong><br>Tv. Dom Romualdo de Seixas, 157<\/p>\n\n\n\n<p><strong>Celeste Restaurante<\/strong><br>Rua Padre Champagnat, 302<\/p>\n\n\n\n<p><strong>Adega Dion\u00edsio<\/strong><br>Av. Alcindo Cacela, 690<\/p>\n\n\n\n<p><strong>Ver-o-A\u00e7a\u00ed Restaurante<\/strong><br>Tv. Dom Pedro I, 599 \u2013 Umarizal (Matriz)<br>Av. R\u00f4mulo Maiorana, 1677 \u2013 Marco (Filial)<\/p>\n\n\n\n<p><strong>Casa Ig\u00e1<\/strong><br>Tv. Frei Gil de Vila Nova, 215 \u2013 Campina<br>(Atende quinta e sexta das 11h30 \u00e0s 15h; s\u00e1bado das 11h30 \u00e0s 15h30 e das 19h30 \u00e0s 23h; domingo das 11h30 \u00e0s 16h)<\/p>\n\n\n\n<p><strong>Restaurante Brasileirinho<\/strong><br>Tv. Rui Barbosa, 2019<\/p>\n\n\n\n<p><strong>Restaurante Anzol Peixaria<\/strong><br>Av. Cons. Furtado, 1884 \u2013 Nazar\u00e9<br>(Atende de ter\u00e7a a domingo de 10h \u00e0s 15h)<\/p>\n\n\n\n<p><strong>Remanso do Peixe<\/strong><br>Tv. Bar\u00e3o do Triunfo, 2590<\/p>\n\n\n\n<p><strong>Restaurante Casa do Saulo<\/strong><br>Casa das Onze Janelas \u2013 beira do rio Guam\u00e1<br>Hotel Atrium Quinta \u2013 Rua Dr. Assis, 834<\/p>\n\n\n\n<p><strong>Casa de Elna na Amaz\u00f4nia Restaurante<\/strong><br>Av. Nazar\u00e9, 649<\/p>\n\n\n\n<p><strong>Beto Salom\u00e3o Restaurante<\/strong><br>Tv. Benjamin Constant, 1415<\/p>\n\n\n\n<p><strong>A\u00e7a\u00edze<\/strong><br>Av. Conselheiro Furtado, 3094 (Matriz)<br>Trav. 9 de Janeiro, 2071 (Filial)<\/p>\n\n\n\n<p><strong>Restaurante Manjar das Gar\u00e7as<\/strong><br>Parque Mangal das Gar\u00e7as \u2013 Rua Dr. Assis, Cidade Velha<\/p>\n\n\n\n<p><strong>Amaz\u00f4nia na Cuia<\/strong><br>Rua Domingos Marreiros, 826 (Matriz)<br>Rua Duque de Caxias, 1444 (Filial)<\/p>\n\n\n\n<p><strong>Na Mar\u00e9<\/strong><br>Rua S\u00e3o Boaventura, 112<\/p>\n\n\n\n<p><strong><span class=\"highlight\"><em>Restaurantes Vegetarianos<\/em><\/span><\/strong><\/p>\n\n\n\n<p><strong>Govinda Restaurante Vegetariano<\/strong><br>R. dos Mundurucus, 1800 | Telefone:<strong>&nbsp;<\/strong>(91) 99209-2793<\/p>\n\n\n\n<p><strong>Pur\u00e3o Vegano<\/strong><br>R. Pe. Prud\u00eancio, 166 | Telefone: (91) 3222-2272<\/p>\n\n\n\n<p><strong>Santa Org\u00e2nica<\/strong><br>Av. Gentil Bitencourt, 1575 A | Telefone:&nbsp;(91) 2121-6222<\/p>\n\n\n\n<p><strong>Gr\u00e3o Culin\u00e1ria Saud\u00e1vel<\/strong><br>Travessa Dom Pedro I, 546 | Telefone: (91) 99211-8687<\/p>\n\n\n\n<p><strong>Veg Burger<\/strong><br>Av. General\u00edssimo Deodoro, 517 | Telefone: (91) 98829-7300<\/p>\n\n\n\n<p><strong>Padaria Verderosa<\/strong><br>Jo\u00e3o Balbi, 508 &#8211; Umarizal | Telefone:&nbsp;(91) 98892-3698<\/p>\n\n\n\n<ul class=\"wp-block-list\">\n<li><strong><span class=\"highlight\">Estadia<\/span><\/strong><\/li>\n<\/ul>\n\n\n\n<p><strong><span class=\"highlight\">Hospedagem &#8211; Hot\u00e9is<\/span><br><\/strong>Sugerimos os seguintes hot\u00e9is em fun\u00e7\u00e3o da qualidade dos servi\u00e7os e rota de acesso \u00e0 UFPA.<\/p>\n\n\n\n<p><strong>1.&nbsp;<a href=\"https:\/\/hotelprincesalouca.com.br\/%20\">Princesa Lou\u00e7\u00e3<\/a><\/strong><\/p>\n\n\n\n<p><strong>Endere\u00e7o:<\/strong> Av. Pres. Vargas, 882 &#8211; Campina, Bel\u00e9m &#8211; PA, 66017-904<br><strong>Telefone: <\/strong>(91) 4006 7000&nbsp;<br><strong>E-mail:<\/strong><a href=\"mailto:reservas@princesabelem.com.br\">reservas@princesabelem.com.br<\/a><\/p>\n\n\n\n<p><strong>2. <a href=\"https:\/\/www.belemsofthotel.com.br\/\">Hotel Bel\u00e9m Soft Hotel<\/a><\/strong><\/p>\n\n\n\n<p><strong>Endere\u00e7o:<\/strong> Av. Cmte. Br\u00e1s de Aguiar, 612 &#8211; Nazar\u00e9, Bel\u00e9m &#8211; PA, 66035-000<br><strong>Telefone:<\/strong> (91) 3323 3400<br><strong>E-mail: <\/strong><a href=\"mailto:reservas@belemsofthotel.com.br\">reservas@belemsofthotel.com.br<\/a>&nbsp;<br><br><strong>3. <a href=\"https:\/\/hotelgraopara.com.br\/site\/\">Hotel Gr\u00e3o-Par\u00e1<\/a><\/strong><\/p>\n\n\n\n<p><strong>Endere\u00e7o:<\/strong> Av. Pres. Vargas, 718 &#8211; Campina, Bel\u00e9m &#8211; PA, 66017-000<br><strong>Telefone:<\/strong>(91) 98454-8112, (91)3321-2121<br><strong>E-mail: <\/strong><a href=\"mailto:hotelgraopara@yahoo.com\">hotelgraopara@yahoo.com<\/a><br><br><strong>4. <a href=\"https:\/\/all.accor.com\/hotel\/B1Z6\/index.pt-br.shtml%20\">Ibis Styles Batista Campos<\/a><\/strong><\/p>\n\n\n\n<p><strong>Endere\u00e7o:<\/strong> Travessa Presidente Pernambuco, 116, Bairro Batista Campos, 66015200- Bel\u00e9m\/Pa<br><strong>Telefone: <\/strong>(91) 3342 2121<br><strong>E-mail: <\/strong><a href=\"mailto:hb1z6-re@accor.com\">hb1z6-re@accor.com<\/a><\/p>\n\n\n\n<p><strong>5.<\/strong> <strong><a href=\"https:\/\/all.accor.com\/hotel\/B9K8\/index.pt-br.shtml\">Ibis Budget Batista Campos<\/a><\/strong><\/p>\n\n\n\n<p><strong>Endere\u00e7o:<\/strong> Av. Gentil Bittencourt, 85 &#8211; Batista Campos, Bel\u00e9m &#8211; PA, 66015-140<br><strong>Telefone:<\/strong> (91) 3323 7198<br><strong>E-mail: <\/strong>HB9K8-RE@accor.com<\/p>\n\n\n\n<ul class=\"wp-block-list\">\n<li><strong>Turismo<\/strong><\/li>\n<\/ul>\n\n\n\n<figure class=\"wp-block-image size-large is-resized\"><img loading=\"lazy\" decoding=\"async\" width=\"724\" height=\"1024\" src=\"http:\/\/11simposioesocite.ufpa.br\/wp-content\/uploads\/2025\/08\/WhatsApp-Image-2025-08-21-at-15.03.18-724x1024.jpeg\" alt=\"\" class=\"wp-image-916\" style=\"width:516px;height:auto\" srcset=\"https:\/\/11simposioesocite.ufpa.br\/wp-content\/uploads\/2025\/08\/WhatsApp-Image-2025-08-21-at-15.03.18-724x1024.jpeg 724w, https:\/\/11simposioesocite.ufpa.br\/wp-content\/uploads\/2025\/08\/WhatsApp-Image-2025-08-21-at-15.03.18-212x300.jpeg 212w, https:\/\/11simposioesocite.ufpa.br\/wp-content\/uploads\/2025\/08\/WhatsApp-Image-2025-08-21-at-15.03.18-768x1086.jpeg 768w, https:\/\/11simposioesocite.ufpa.br\/wp-content\/uploads\/2025\/08\/WhatsApp-Image-2025-08-21-at-15.03.18-1086x1536.jpeg 1086w, https:\/\/11simposioesocite.ufpa.br\/wp-content\/uploads\/2025\/08\/WhatsApp-Image-2025-08-21-at-15.03.18-300x424.jpeg 300w, https:\/\/11simposioesocite.ufpa.br\/wp-content\/uploads\/2025\/08\/WhatsApp-Image-2025-08-21-at-15.03.18-850x1202.jpeg 850w, https:\/\/11simposioesocite.ufpa.br\/wp-content\/uploads\/2025\/08\/WhatsApp-Image-2025-08-21-at-15.03.18.jpeg 1131w\" sizes=\"auto, (max-width: 724px) 100vw, 724px\" \/><\/figure>\n\n\n\n<p>Contato: Leandro &#8211; (91) 9275-3444<\/p>\n\n\n\n<p><a href=\"https:\/\/www.bienalamazonias.com.br\/\">2\u00aa Bienal das Amaz\u00f4nias <\/a><\/p>\n\n\n\n<p>A 2\u00aa Bienal das Amaz\u00f4nias foi aberta em Bel\u00e9m reunindo trabalhos de 74 artistas e coletivos de oito pa\u00edses pan-amaz\u00f4nicos. Com propostas que transitam entre diferentes linguagens e territ\u00f3rios, a mostra destaca a diversidade cultural, social e ambiental da regi\u00e3o, promovendo di\u00e1logos sobre os desafios e as pot\u00eancias que atravessam a Amaz\u00f4nia contempor\u00e2nea.<\/p>\n\n\n\n<p><\/p>\n","protected":false},"excerpt":{"rendered":"<p>Olga L\u00facia Castreghini de Freitas e Maria Goretti da Costa Tavares elaboraram um breve material como um gesto de acolhimento aos amigos e colegas que desejam conhecer ou revisitar Bel\u00e9m. Nele, compartilham sugest\u00f5es de lugares singulares da cidade, que revelam a riqueza de sua cultura, natureza, hist\u00f3ria e gastronomia. A proposta n\u00e3o \u00e9 oferecer um&#8230;<\/p>\n","protected":false},"author":1,"featured_media":0,"parent":0,"menu_order":0,"comment_status":"closed","ping_status":"closed","template":"","meta":{"_themeisle_gutenberg_block_has_review":false,"footnotes":""},"class_list":["post-256","page","type-page","status-publish","hentry"],"_links":{"self":[{"href":"https:\/\/11simposioesocite.ufpa.br\/index.php?rest_route=\/wp\/v2\/pages\/256","targetHints":{"allow":["GET"]}}],"collection":[{"href":"https:\/\/11simposioesocite.ufpa.br\/index.php?rest_route=\/wp\/v2\/pages"}],"about":[{"href":"https:\/\/11simposioesocite.ufpa.br\/index.php?rest_route=\/wp\/v2\/types\/page"}],"author":[{"embeddable":true,"href":"https:\/\/11simposioesocite.ufpa.br\/index.php?rest_route=\/wp\/v2\/users\/1"}],"replies":[{"embeddable":true,"href":"https:\/\/11simposioesocite.ufpa.br\/index.php?rest_route=%2Fwp%2Fv2%2Fcomments&post=256"}],"version-history":[{"count":17,"href":"https:\/\/11simposioesocite.ufpa.br\/index.php?rest_route=\/wp\/v2\/pages\/256\/revisions"}],"predecessor-version":[{"id":1190,"href":"https:\/\/11simposioesocite.ufpa.br\/index.php?rest_route=\/wp\/v2\/pages\/256\/revisions\/1190"}],"wp:attachment":[{"href":"https:\/\/11simposioesocite.ufpa.br\/index.php?rest_route=%2Fwp%2Fv2%2Fmedia&parent=256"}],"curies":[{"name":"wp","href":"https:\/\/api.w.org\/{rel}","templated":true}]}}