{"id":213,"date":"2025-01-08T21:20:40","date_gmt":"2025-01-09T00:20:40","guid":{"rendered":"https:\/\/11simposioesocite.ufpa.br\/?page_id=213"},"modified":"2025-09-15T13:50:08","modified_gmt":"2025-09-15T16:50:08","slug":"conversas-com-autores-e-autoras","status":"publish","type":"page","link":"https:\/\/11simposioesocite.ufpa.br\/?page_id=213","title":{"rendered":"Conversas com autores e autoras\u200b"},"content":{"rendered":"\n<p><strong>Crit\u00e9rios para inscri\u00e7\u00e3o de Conversas com autores e autoras\u200b<\/strong><\/p>\n\n\n\n<p>A proposta da Conversa com autoras e autores dever\u00e1 ser encaminhada individualmente por autor ou organizador de livros (impressos ou pdf) publicados entre 2023 a 2025, com ader\u00eancia aos estudos sociais das ci\u00eancias e das tecnologias.\u200b\u200b<br>As propostas aprovadas s\u00e3o:<\/p>\n\n\n\n<figure class=\"wp-block-embed is-type-wp-embed is-provider-m-dia-incorporada wp-block-embed-m-dia-incorporada\"><div class=\"wp-block-embed__wrapper\">\n<blockquote class=\"wp-embedded-content\" data-secret=\"ous1JHANLu\"><a href=\"https:\/\/11simposioesocite.ufpa.br\/?page_id=636\">CA 1 &#8211; A Nova Ci\u00eancia Can\u00e1bica: Controv\u00e9rsias Pol\u00edtico-Cient\u00edficas e a Canabiza\u00e7\u00e3o do Humano<\/a><\/blockquote><iframe loading=\"lazy\" class=\"wp-embedded-content\" sandbox=\"allow-scripts\" security=\"restricted\" style=\"position: absolute; visibility: hidden;\" title=\"&#8220;CA 1 &#8211; A Nova Ci\u00eancia Can\u00e1bica: Controv\u00e9rsias Pol\u00edtico-Cient\u00edficas e a Canabiza\u00e7\u00e3o do Humano&#8221; &#8212; \" src=\"https:\/\/11simposioesocite.ufpa.br\/?page_id=636&#038;embed=true#?secret=J02c02FJh7#?secret=ous1JHANLu\" data-secret=\"ous1JHANLu\" width=\"600\" height=\"338\" frameborder=\"0\" marginwidth=\"0\" marginheight=\"0\" scrolling=\"no\"><\/iframe>\n<\/div><\/figure>\n\n\n\n<ul class=\"wp-block-list\">\n<li>Data: 18\/09\/2025<\/li>\n\n\n\n<li>Hor\u00e1rio: 11h00 \u2013 12h00<\/li>\n\n\n\n<li>Local: Mirante do Rio &#8211; sala 204 (2o andar)<\/li>\n<\/ul>\n\n\n\n<figure class=\"wp-block-embed is-type-wp-embed is-provider-m-dia-incorporada wp-block-embed-m-dia-incorporada\"><div class=\"wp-block-embed__wrapper\">\n<blockquote class=\"wp-embedded-content\" data-secret=\"usPtgOkxoh\"><a href=\"https:\/\/11simposioesocite.ufpa.br\/?page_id=637\">CA 2 &#8211; Ci\u00eancia e Pol\u00edtica no novo regime clim\u00e1tico<\/a><\/blockquote><iframe loading=\"lazy\" class=\"wp-embedded-content\" sandbox=\"allow-scripts\" security=\"restricted\" style=\"position: absolute; visibility: hidden;\" title=\"&#8220;CA 2 &#8211; Ci\u00eancia e Pol\u00edtica no novo regime clim\u00e1tico&#8221; &#8212; \" src=\"https:\/\/11simposioesocite.ufpa.br\/?page_id=637&#038;embed=true#?secret=1KVjF7kf3y#?secret=usPtgOkxoh\" data-secret=\"usPtgOkxoh\" width=\"600\" height=\"338\" frameborder=\"0\" marginwidth=\"0\" marginheight=\"0\" scrolling=\"no\"><\/iframe>\n<\/div><\/figure>\n\n\n\n<ul class=\"wp-block-list\">\n<li>Data: 18\/09\/2025<\/li>\n\n\n\n<li>Hor\u00e1rio: 11h00 \u2013 12h00<\/li>\n\n\n\n<li>Local: Mirante do Rio &#8211; sala 204 (2o andar)<\/li>\n<\/ul>\n\n\n\n<figure class=\"wp-block-embed is-type-wp-embed is-provider-m-dia-incorporada wp-block-embed-m-dia-incorporada\"><div class=\"wp-block-embed__wrapper\">\n<blockquote class=\"wp-embedded-content\" data-secret=\"oq8mahLJzz\"><a href=\"https:\/\/11simposioesocite.ufpa.br\/?page_id=647\">CA 7 &#8211; O Estado Ecol\u00f3gico de Direito e a Democratiza\u00e7\u00e3o da Ci\u00eancia<\/a><\/blockquote><iframe loading=\"lazy\" class=\"wp-embedded-content\" sandbox=\"allow-scripts\" security=\"restricted\" style=\"position: absolute; visibility: hidden;\" title=\"&#8220;CA 7 &#8211; O Estado Ecol\u00f3gico de Direito e a Democratiza\u00e7\u00e3o da Ci\u00eancia&#8221; &#8212; \" src=\"https:\/\/11simposioesocite.ufpa.br\/?page_id=647&#038;embed=true#?secret=bB8HVRV45e#?secret=oq8mahLJzz\" data-secret=\"oq8mahLJzz\" width=\"600\" height=\"338\" frameborder=\"0\" marginwidth=\"0\" marginheight=\"0\" scrolling=\"no\"><\/iframe>\n<\/div><\/figure>\n\n\n\n<ul class=\"wp-block-list\">\n<li>Data: 18\/09\/2025<\/li>\n\n\n\n<li>Hor\u00e1rio: 11h00 \u2013 12h00<\/li>\n\n\n\n<li>Local: Mirante do Rio &#8211; sala 204 (2o andar)<\/li>\n<\/ul>\n\n\n\n<figure class=\"wp-block-embed is-type-wp-embed is-provider-m-dia-incorporada wp-block-embed-m-dia-incorporada\"><div class=\"wp-block-embed__wrapper\">\n<blockquote class=\"wp-embedded-content\" data-secret=\"3SugQdg7hm\"><a href=\"https:\/\/11simposioesocite.ufpa.br\/?page_id=639\">CA 3 &#8211; DESCONECTANDO N\u00d3S: Misoginia e discurso de \u00f3dio contra mulheres nas redes sociais<\/a><\/blockquote><iframe loading=\"lazy\" class=\"wp-embedded-content\" sandbox=\"allow-scripts\" security=\"restricted\" style=\"position: absolute; visibility: hidden;\" title=\"&#8220;CA 3 &#8211; DESCONECTANDO N\u00d3S: Misoginia e discurso de \u00f3dio contra mulheres nas redes sociais&#8221; &#8212; \" src=\"https:\/\/11simposioesocite.ufpa.br\/?page_id=639&#038;embed=true#?secret=rKiCzthKig#?secret=3SugQdg7hm\" data-secret=\"3SugQdg7hm\" width=\"600\" height=\"338\" frameborder=\"0\" marginwidth=\"0\" marginheight=\"0\" scrolling=\"no\"><\/iframe>\n<\/div><\/figure>\n\n\n\n<ul class=\"wp-block-list\">\n<li>Data: 18\/09\/2025<\/li>\n\n\n\n<li>Hor\u00e1rio: 11h00 \u2013 12h00<\/li>\n\n\n\n<li>Local: Mirante do Rio &#8211; sala 205 (2o andar)<\/li>\n<\/ul>\n\n\n\n<figure class=\"wp-block-embed is-type-wp-embed is-provider-m-dia-incorporada wp-block-embed-m-dia-incorporada\"><div class=\"wp-block-embed__wrapper\">\n<blockquote class=\"wp-embedded-content\" data-secret=\"kQx7bbJg7u\"><a href=\"https:\/\/11simposioesocite.ufpa.br\/?page_id=641\">CA 4 &#8211; Diversidade nas Startups: Uma Revis\u00e3o Cr\u00edtica da Literatura sobre DEI e Inova\u00e7\u00e3o Organizacional<\/a><\/blockquote><iframe loading=\"lazy\" class=\"wp-embedded-content\" sandbox=\"allow-scripts\" security=\"restricted\" style=\"position: absolute; visibility: hidden;\" title=\"&#8220;CA 4 &#8211; Diversidade nas Startups: Uma Revis\u00e3o Cr\u00edtica da Literatura sobre DEI e Inova\u00e7\u00e3o Organizacional&#8221; &#8212; \" src=\"https:\/\/11simposioesocite.ufpa.br\/?page_id=641&#038;embed=true#?secret=WfrX2x7IqJ#?secret=kQx7bbJg7u\" data-secret=\"kQx7bbJg7u\" width=\"600\" height=\"338\" frameborder=\"0\" marginwidth=\"0\" marginheight=\"0\" scrolling=\"no\"><\/iframe>\n<\/div><\/figure>\n\n\n\n<ul class=\"wp-block-list\">\n<li>Data: 18\/09\/2025<\/li>\n\n\n\n<li>Hor\u00e1rio: 11h00 \u2013 12h00<\/li>\n\n\n\n<li>Local: Mirante do Rio &#8211; sala 205 (2o andar)<\/li>\n<\/ul>\n\n\n\n<figure class=\"wp-block-embed is-type-wp-embed is-provider-m-dia-incorporada wp-block-embed-m-dia-incorporada\"><div class=\"wp-block-embed__wrapper\">\n<blockquote class=\"wp-embedded-content\" data-secret=\"sarjd9DN77\"><a href=\"https:\/\/11simposioesocite.ufpa.br\/?page_id=645\">CA 6 &#8211; Modos de fazer e contar no Labirinto: Metodologias in(ter)disciplinares, feministas e criativas<\/a><\/blockquote><iframe loading=\"lazy\" class=\"wp-embedded-content\" sandbox=\"allow-scripts\" security=\"restricted\" style=\"position: absolute; visibility: hidden;\" title=\"&#8220;CA 6 &#8211; Modos de fazer e contar no Labirinto: Metodologias in(ter)disciplinares, feministas e criativas&#8221; &#8212; \" src=\"https:\/\/11simposioesocite.ufpa.br\/?page_id=645&#038;embed=true#?secret=D4Drdx5Sgc#?secret=sarjd9DN77\" data-secret=\"sarjd9DN77\" width=\"600\" height=\"338\" frameborder=\"0\" marginwidth=\"0\" marginheight=\"0\" scrolling=\"no\"><\/iframe>\n<\/div><\/figure>\n\n\n\n<ul class=\"wp-block-list\">\n<li>Data: 18\/09\/2025<\/li>\n\n\n\n<li>Hor\u00e1rio: 11h00 \u2013 12h00<\/li>\n\n\n\n<li>Local: Mirante do Rio &#8211; sala 205 (2o andar)<\/li>\n<\/ul>\n\n\n\n<figure class=\"wp-block-embed is-type-wp-embed is-provider-m-dia-incorporada wp-block-embed-m-dia-incorporada\"><div class=\"wp-block-embed__wrapper\">\n<blockquote class=\"wp-embedded-content\" data-secret=\"LyULuBNab3\"><a href=\"https:\/\/11simposioesocite.ufpa.br\/?page_id=643\">CA 5 &#8211; Engenharia e Sociedade Humanidades em Debate: Volume 2<\/a><\/blockquote><iframe loading=\"lazy\" class=\"wp-embedded-content\" sandbox=\"allow-scripts\" security=\"restricted\" style=\"position: absolute; visibility: hidden;\" title=\"&#8220;CA 5 &#8211; Engenharia e Sociedade Humanidades em Debate: Volume 2&#8221; &#8212; \" src=\"https:\/\/11simposioesocite.ufpa.br\/?page_id=643&#038;embed=true#?secret=AmiUrFQhF9#?secret=LyULuBNab3\" data-secret=\"LyULuBNab3\" width=\"600\" height=\"338\" frameborder=\"0\" marginwidth=\"0\" marginheight=\"0\" scrolling=\"no\"><\/iframe>\n<\/div><\/figure>\n\n\n\n<ul class=\"wp-block-list\">\n<li>Data: 18\/09\/2025<\/li>\n\n\n\n<li>Hor\u00e1rio: 11h00 \u2013 12h00<\/li>\n\n\n\n<li>Local: Mirante do Rio &#8211; &#8211; sala 206 (2o andar)<\/li>\n<\/ul>\n\n\n\n<figure class=\"wp-block-embed is-type-wp-embed is-provider-m-dia-incorporada wp-block-embed-m-dia-incorporada\"><div class=\"wp-block-embed__wrapper\">\n<blockquote class=\"wp-embedded-content\" data-secret=\"JSiiYRySgn\"><a href=\"https:\/\/11simposioesocite.ufpa.br\/?page_id=650\">CA 8 &#8211; Qual interdisciplinaridade est\u00e1 em jogo? Debates sobre processos comunicacionais e educativos<\/a><\/blockquote><iframe loading=\"lazy\" class=\"wp-embedded-content\" sandbox=\"allow-scripts\" security=\"restricted\" style=\"position: absolute; visibility: hidden;\" title=\"&#8220;CA 8 &#8211; Qual interdisciplinaridade est\u00e1 em jogo? Debates sobre processos comunicacionais e educativos&#8221; &#8212; \" src=\"https:\/\/11simposioesocite.ufpa.br\/?page_id=650&#038;embed=true#?secret=Yq0YwkcmWf#?secret=JSiiYRySgn\" data-secret=\"JSiiYRySgn\" width=\"600\" height=\"338\" frameborder=\"0\" marginwidth=\"0\" marginheight=\"0\" scrolling=\"no\"><\/iframe>\n<\/div><\/figure>\n\n\n\n<ul class=\"wp-block-list\">\n<li>Data: 18\/09\/2025<\/li>\n\n\n\n<li>Hor\u00e1rio: 11h00 \u2013 12h00<\/li>\n\n\n\n<li>Local: Mirante do Rio &#8211; sala 206 (2o andar)<\/li>\n<\/ul>\n\n\n\n<figure class=\"wp-block-embed is-type-wp-embed is-provider-m-dia-incorporada wp-block-embed-m-dia-incorporada\"><div class=\"wp-block-embed__wrapper\">\n<blockquote class=\"wp-embedded-content\" data-secret=\"Pn9DfZxwkk\"><a href=\"https:\/\/11simposioesocite.ufpa.br\/?page_id=652\">CA 9 &#8211; Simondon 100 a\u00f1os \u2013 Pensamiento Transdutivo<\/a><\/blockquote><iframe loading=\"lazy\" class=\"wp-embedded-content\" sandbox=\"allow-scripts\" security=\"restricted\" style=\"position: absolute; visibility: hidden;\" title=\"&#8220;CA 9 &#8211; Simondon 100 a\u00f1os \u2013 Pensamiento Transdutivo&#8221; &#8212; \" src=\"https:\/\/11simposioesocite.ufpa.br\/?page_id=652&#038;embed=true#?secret=oJTw1p604c#?secret=Pn9DfZxwkk\" data-secret=\"Pn9DfZxwkk\" width=\"600\" height=\"338\" frameborder=\"0\" marginwidth=\"0\" marginheight=\"0\" scrolling=\"no\"><\/iframe>\n<\/div><\/figure>\n\n\n\n<ul class=\"wp-block-list\">\n<li>Data: 18\/09\/2025<\/li>\n\n\n\n<li>Hor\u00e1rio: 11h00 \u2013 12h00<\/li>\n\n\n\n<li>Local: Mirante do Rio &#8211; sala 206 (2o andar)<\/li>\n<\/ul>\n","protected":false},"excerpt":{"rendered":"<p>Crit\u00e9rios para inscri\u00e7\u00e3o de Conversas com autores e autoras\u200b A proposta da Conversa com autoras e autores dever\u00e1 ser encaminhada individualmente por autor ou organizador de livros (impressos ou pdf) publicados entre 2023 a 2025, com ader\u00eancia aos estudos sociais das ci\u00eancias e das tecnologias.\u200b\u200bAs propostas aprovadas s\u00e3o:<\/p>\n","protected":false},"author":1,"featured_media":0,"parent":0,"menu_order":0,"comment_status":"closed","ping_status":"closed","template":"","meta":{"_themeisle_gutenberg_block_has_review":false,"footnotes":""},"class_list":["post-213","page","type-page","status-publish","hentry"],"_links":{"self":[{"href":"https:\/\/11simposioesocite.ufpa.br\/index.php?rest_route=\/wp\/v2\/pages\/213","targetHints":{"allow":["GET"]}}],"collection":[{"href":"https:\/\/11simposioesocite.ufpa.br\/index.php?rest_route=\/wp\/v2\/pages"}],"about":[{"href":"https:\/\/11simposioesocite.ufpa.br\/index.php?rest_route=\/wp\/v2\/types\/page"}],"author":[{"embeddable":true,"href":"https:\/\/11simposioesocite.ufpa.br\/index.php?rest_route=\/wp\/v2\/users\/1"}],"replies":[{"embeddable":true,"href":"https:\/\/11simposioesocite.ufpa.br\/index.php?rest_route=%2Fwp%2Fv2%2Fcomments&post=213"}],"version-history":[{"count":6,"href":"https:\/\/11simposioesocite.ufpa.br\/index.php?rest_route=\/wp\/v2\/pages\/213\/revisions"}],"predecessor-version":[{"id":1238,"href":"https:\/\/11simposioesocite.ufpa.br\/index.php?rest_route=\/wp\/v2\/pages\/213\/revisions\/1238"}],"wp:attachment":[{"href":"https:\/\/11simposioesocite.ufpa.br\/index.php?rest_route=%2Fwp%2Fv2%2Fmedia&parent=213"}],"curies":[{"name":"wp","href":"https:\/\/api.w.org\/{rel}","templated":true}]}}