{"id":194,"date":"2025-01-08T16:47:18","date_gmt":"2025-01-08T19:47:18","guid":{"rendered":"https:\/\/11simposioesocite.ufpa.br\/?page_id=194"},"modified":"2025-09-15T13:45:08","modified_gmt":"2025-09-15T16:45:08","slug":"oficinas","status":"publish","type":"page","link":"https:\/\/11simposioesocite.ufpa.br\/?page_id=194","title":{"rendered":"Oficinas"},"content":{"rendered":"\n<p><br>Uma Oficina \u00e9 pensada como um encontro que visar\u00e1 a finaliza\u00e7\u00e3o conjunta de um \u201cobjeto\u201d. Por exemplo, um texto, uma aula, uma demonstra\u00e7\u00e3o, um v\u00eddeo, uma tomada de posi\u00e7\u00e3o academicamente referenciada, etc.;\u200b\u200b<br>As Oficinas aprovadas no Simp\u00f3sio s\u00e3o:<\/p>\n\n\n\n<figure class=\"wp-block-embed is-type-wp-embed is-provider-m-dia-incorporada wp-block-embed-m-dia-incorporada\"><div class=\"wp-block-embed__wrapper\">\n<blockquote class=\"wp-embedded-content\" data-secret=\"2YP3YuB4qJ\"><a href=\"https:\/\/11simposioesocite.ufpa.br\/?page_id=658\">OF 1 &#8211; Ci\u00eancia, tecnologia e finan\u00e7as solid\u00e1rias: do Palmas Card ao Palma Solar, em busca de uma transi\u00e7\u00e3o energ\u00e9tica justa, comunit\u00e1ria e popular<\/a><\/blockquote><iframe loading=\"lazy\" class=\"wp-embedded-content\" sandbox=\"allow-scripts\" security=\"restricted\" style=\"position: absolute; visibility: hidden;\" title=\"&#8220;OF 1 &#8211; Ci\u00eancia, tecnologia e finan\u00e7as solid\u00e1rias: do Palmas Card ao Palma Solar, em busca de uma transi\u00e7\u00e3o energ\u00e9tica justa, comunit\u00e1ria e popular&#8221; &#8212; \" src=\"https:\/\/11simposioesocite.ufpa.br\/?page_id=658&#038;embed=true#?secret=s5OIF8y1ej#?secret=2YP3YuB4qJ\" data-secret=\"2YP3YuB4qJ\" width=\"600\" height=\"338\" frameborder=\"0\" marginwidth=\"0\" marginheight=\"0\" scrolling=\"no\"><\/iframe>\n<\/div><\/figure>\n\n\n\n<ul class=\"wp-block-list\">\n<li>Data: 18\/09\/2025 e 19\/09\/2025<\/li>\n\n\n\n<li>Hor\u00e1rio: 8h00 \u2013 9h30<\/li>\n\n\n\n<li>Local: Mirante do Rio &#8211; sala 204 (2o andar)<\/li>\n<\/ul>\n\n\n\n<figure class=\"wp-block-embed is-type-wp-embed is-provider-m-dia-incorporada wp-block-embed-m-dia-incorporada\"><div class=\"wp-block-embed__wrapper\">\n<blockquote class=\"wp-embedded-content\" data-secret=\"ebr3U1vDxd\"><a href=\"https:\/\/11simposioesocite.ufpa.br\/?page_id=660\">OF 2 &#8211; Costurando tecnologias do cuidado<\/a><\/blockquote><iframe loading=\"lazy\" class=\"wp-embedded-content\" sandbox=\"allow-scripts\" security=\"restricted\" style=\"position: absolute; visibility: hidden;\" title=\"&#8220;OF 2 &#8211; Costurando tecnologias do cuidado&#8221; &#8212; \" src=\"https:\/\/11simposioesocite.ufpa.br\/?page_id=660&#038;embed=true#?secret=HhRdeFVAZl#?secret=ebr3U1vDxd\" data-secret=\"ebr3U1vDxd\" width=\"600\" height=\"338\" frameborder=\"0\" marginwidth=\"0\" marginheight=\"0\" scrolling=\"no\"><\/iframe>\n<\/div><\/figure>\n\n\n\n<ul class=\"wp-block-list\">\n<li>Data: 17\/09\/2025<\/li>\n\n\n\n<li>Hor\u00e1rio: 8h00 \u2013 9h30<\/li>\n\n\n\n<li>Local: Mirante do Rio &#8211; sala 205 (2o andar)<\/li>\n<\/ul>\n\n\n\n<figure class=\"wp-block-embed is-type-wp-embed is-provider-m-dia-incorporada wp-block-embed-m-dia-incorporada\"><div class=\"wp-block-embed__wrapper\">\n<blockquote class=\"wp-embedded-content\" data-secret=\"0wfGSc6jak\"><a href=\"https:\/\/11simposioesocite.ufpa.br\/?page_id=661\">OF 3 &#8211; Mesa de Trabalho com as \u00c1guas<\/a><\/blockquote><iframe loading=\"lazy\" class=\"wp-embedded-content\" sandbox=\"allow-scripts\" security=\"restricted\" style=\"position: absolute; visibility: hidden;\" title=\"&#8220;OF 3 &#8211; Mesa de Trabalho com as \u00c1guas&#8221; &#8212; \" src=\"https:\/\/11simposioesocite.ufpa.br\/?page_id=661&#038;embed=true#?secret=7nqTN8Smu1#?secret=0wfGSc6jak\" data-secret=\"0wfGSc6jak\" width=\"600\" height=\"338\" frameborder=\"0\" marginwidth=\"0\" marginheight=\"0\" scrolling=\"no\"><\/iframe>\n<\/div><\/figure>\n\n\n\n<ul class=\"wp-block-list\">\n<li>Data: 18\/09\/2025<\/li>\n\n\n\n<li>Hor\u00e1rio: 8h00 \u2013 9h30<\/li>\n\n\n\n<li>Local: Mirante do Rio &#8211; sala 206 (2o andar)<\/li>\n<\/ul>\n\n\n\n<figure class=\"wp-block-embed is-type-wp-embed is-provider-m-dia-incorporada wp-block-embed-m-dia-incorporada\"><div class=\"wp-block-embed__wrapper\">\n<blockquote class=\"wp-embedded-content\" data-secret=\"lUBoXdJFM5\"><a href=\"https:\/\/11simposioesocite.ufpa.br\/?page_id=662\">OF 4 &#8211; MOSTREI LAB \u2013 Modelagem de Solu\u00e7\u00f5es Sustent\u00e1veis em Rede: Design Thinking, ODS e CTS para Replicabilidade na Educa\u00e7\u00e3o e Ecossistemas de Inova\u00e7\u00e3o<\/a><\/blockquote><iframe loading=\"lazy\" class=\"wp-embedded-content\" sandbox=\"allow-scripts\" security=\"restricted\" style=\"position: absolute; visibility: hidden;\" title=\"&#8220;OF 4 &#8211; MOSTREI LAB \u2013 Modelagem de Solu\u00e7\u00f5es Sustent\u00e1veis em Rede: Design Thinking, ODS e CTS para Replicabilidade na Educa\u00e7\u00e3o e Ecossistemas de Inova\u00e7\u00e3o&#8221; &#8212; \" src=\"https:\/\/11simposioesocite.ufpa.br\/?page_id=662&#038;embed=true#?secret=Hwb8t3Hh2t#?secret=lUBoXdJFM5\" data-secret=\"lUBoXdJFM5\" width=\"600\" height=\"338\" frameborder=\"0\" marginwidth=\"0\" marginheight=\"0\" scrolling=\"no\"><\/iframe>\n<\/div><\/figure>\n\n\n\n<ul class=\"wp-block-list\">\n<li>Data: 17\/09\/2025, 18\/09\/2025 e 19\/09\/2025<\/li>\n\n\n\n<li>Hor\u00e1rio: 8h00 \u2013 9h30<\/li>\n\n\n\n<li>Local: Mirante do Rio &#8211; sala 207 (2o andar)<\/li>\n<\/ul>\n\n\n\n<figure class=\"wp-block-embed is-type-wp-embed is-provider-m-dia-incorporada wp-block-embed-m-dia-incorporada\"><div class=\"wp-block-embed__wrapper\">\n<blockquote class=\"wp-embedded-content\" data-secret=\"Ft0tsgtjht\"><a href=\"https:\/\/11simposioesocite.ufpa.br\/?page_id=657\">OF 5 &#8211; Oficina de Micro-r\u00e1dio: do anal\u00f3gico ao digital na autonomia da circula\u00e7\u00e3o de informa\u00e7\u00e3o<\/a><\/blockquote><iframe loading=\"lazy\" class=\"wp-embedded-content\" sandbox=\"allow-scripts\" security=\"restricted\" style=\"position: absolute; visibility: hidden;\" title=\"&#8220;OF 5 &#8211; Oficina de Micro-r\u00e1dio: do anal\u00f3gico ao digital na autonomia da circula\u00e7\u00e3o de informa\u00e7\u00e3o&#8221; &#8212; \" src=\"https:\/\/11simposioesocite.ufpa.br\/?page_id=657&#038;embed=true#?secret=SaUojY68wZ#?secret=Ft0tsgtjht\" data-secret=\"Ft0tsgtjht\" width=\"600\" height=\"338\" frameborder=\"0\" marginwidth=\"0\" marginheight=\"0\" scrolling=\"no\"><\/iframe>\n<\/div><\/figure>\n\n\n\n<ul class=\"wp-block-list\">\n<li>Data: 18\/09\/2025 e 19\/09\/2025<\/li>\n\n\n\n<li>Hor\u00e1rio: 8h00 \u2013 9h30<\/li>\n\n\n\n<li>Local: Laborat\u00f3rio ICEN<\/li>\n<\/ul>\n","protected":false},"excerpt":{"rendered":"<p>Uma Oficina \u00e9 pensada como um encontro que visar\u00e1 a finaliza\u00e7\u00e3o conjunta de um \u201cobjeto\u201d. Por exemplo, um texto, uma aula, uma demonstra\u00e7\u00e3o, um v\u00eddeo, uma tomada de posi\u00e7\u00e3o academicamente referenciada, etc.;\u200b\u200bAs Oficinas aprovadas no Simp\u00f3sio s\u00e3o:<\/p>\n","protected":false},"author":1,"featured_media":0,"parent":0,"menu_order":0,"comment_status":"closed","ping_status":"closed","template":"","meta":{"_themeisle_gutenberg_block_has_review":false,"footnotes":""},"class_list":["post-194","page","type-page","status-publish","hentry"],"_links":{"self":[{"href":"https:\/\/11simposioesocite.ufpa.br\/index.php?rest_route=\/wp\/v2\/pages\/194","targetHints":{"allow":["GET"]}}],"collection":[{"href":"https:\/\/11simposioesocite.ufpa.br\/index.php?rest_route=\/wp\/v2\/pages"}],"about":[{"href":"https:\/\/11simposioesocite.ufpa.br\/index.php?rest_route=\/wp\/v2\/types\/page"}],"author":[{"embeddable":true,"href":"https:\/\/11simposioesocite.ufpa.br\/index.php?rest_route=\/wp\/v2\/users\/1"}],"replies":[{"embeddable":true,"href":"https:\/\/11simposioesocite.ufpa.br\/index.php?rest_route=%2Fwp%2Fv2%2Fcomments&post=194"}],"version-history":[{"count":15,"href":"https:\/\/11simposioesocite.ufpa.br\/index.php?rest_route=\/wp\/v2\/pages\/194\/revisions"}],"predecessor-version":[{"id":1235,"href":"https:\/\/11simposioesocite.ufpa.br\/index.php?rest_route=\/wp\/v2\/pages\/194\/revisions\/1235"}],"wp:attachment":[{"href":"https:\/\/11simposioesocite.ufpa.br\/index.php?rest_route=%2Fwp%2Fv2%2Fmedia&parent=194"}],"curies":[{"name":"wp","href":"https:\/\/api.w.org\/{rel}","templated":true}]}}