{"id":191,"date":"2025-01-08T16:44:11","date_gmt":"2025-01-08T19:44:11","guid":{"rendered":"https:\/\/11simposioesocite.ufpa.br\/?page_id=191"},"modified":"2025-09-19T13:08:49","modified_gmt":"2025-09-19T16:08:49","slug":"mesas-redondas","status":"publish","type":"page","link":"https:\/\/11simposioesocite.ufpa.br\/?page_id=191","title":{"rendered":"Mesas-redondas"},"content":{"rendered":"\n<figure class=\"wp-block-embed is-type-wp-embed is-provider-m-dia-incorporada wp-block-embed-m-dia-incorporada\"><div class=\"wp-block-embed__wrapper\">\n<blockquote class=\"wp-embedded-content\" data-secret=\"3UUkQ0D7sI\"><a href=\"https:\/\/11simposioesocite.ufpa.br\/?page_id=528\">MR &#8211; Estudos CTS no Brasil, Antropologia e perspectivas feministas<\/a><\/blockquote><iframe loading=\"lazy\" class=\"wp-embedded-content\" sandbox=\"allow-scripts\" security=\"restricted\" style=\"position: absolute; visibility: hidden;\" title=\"&#8220;MR &#8211; Estudos CTS no Brasil, Antropologia e perspectivas feministas&#8221; &#8212; \" src=\"https:\/\/11simposioesocite.ufpa.br\/?page_id=528&#038;embed=true#?secret=Dc3Shzjtof#?secret=3UUkQ0D7sI\" data-secret=\"3UUkQ0D7sI\" width=\"600\" height=\"338\" frameborder=\"0\" marginwidth=\"0\" marginheight=\"0\" scrolling=\"no\"><\/iframe>\n<\/div><\/figure>\n\n\n\n<ul class=\"wp-block-list\">\n<li>Data: 17\/09\/2025<\/li>\n\n\n\n<li>Hor\u00e1rio: 16h30 \u2013 18h00<\/li>\n\n\n\n<li>Local: Audit\u00f3rio CTIC<\/li>\n<\/ul>\n\n\n\n<figure class=\"wp-block-embed is-type-wp-embed is-provider-m-dia-incorporada wp-block-embed-m-dia-incorporada\"><div class=\"wp-block-embed__wrapper\">\n<blockquote class=\"wp-embedded-content\" data-secret=\"m3QOY0rYPG\"><a href=\"https:\/\/11simposioesocite.ufpa.br\/?page_id=533\">MR &#8211; Geoengenharia Solar e Crise Clim\u00e1tica: Saberes, Poderes e Controv\u00e9rsias<\/a><\/blockquote><iframe loading=\"lazy\" class=\"wp-embedded-content\" sandbox=\"allow-scripts\" security=\"restricted\" style=\"position: absolute; visibility: hidden;\" title=\"&#8220;MR &#8211; Geoengenharia Solar e Crise Clim\u00e1tica: Saberes, Poderes e Controv\u00e9rsias&#8221; &#8212; \" src=\"https:\/\/11simposioesocite.ufpa.br\/?page_id=533&#038;embed=true#?secret=9Wh54CGbCe#?secret=m3QOY0rYPG\" data-secret=\"m3QOY0rYPG\" width=\"600\" height=\"338\" frameborder=\"0\" marginwidth=\"0\" marginheight=\"0\" scrolling=\"no\"><\/iframe>\n<\/div><\/figure>\n\n\n\n<ul class=\"wp-block-list\">\n<li>Data: 17\/09\/2025<\/li>\n\n\n\n<li>Hor\u00e1rio: 16h30 \u2013 18h00<\/li>\n\n\n\n<li>Local: Audit\u00f3rio L1<\/li>\n<\/ul>\n\n\n\n<figure class=\"wp-block-embed is-type-wp-embed is-provider-m-dia-incorporada wp-block-embed-m-dia-incorporada\"><div class=\"wp-block-embed__wrapper\">\n<blockquote class=\"wp-embedded-content\" data-secret=\"XL08t3maOn\"><a href=\"https:\/\/11simposioesocite.ufpa.br\/?page_id=576\">MR &#8211; Que futuro plantamos? A mandioca como mediadora na produ\u00e7\u00e3o de conhecimento, mem\u00f3rias e na constru\u00e7\u00e3o de outros \u201camanh\u00e3s\u201d em comunidades quilombolas e aglomerados urbanos<\/a><\/blockquote><iframe loading=\"lazy\" class=\"wp-embedded-content\" sandbox=\"allow-scripts\" security=\"restricted\" style=\"position: absolute; visibility: hidden;\" title=\"&#8220;MR &#8211; Que futuro plantamos? A mandioca como mediadora na produ\u00e7\u00e3o de conhecimento, mem\u00f3rias e na constru\u00e7\u00e3o de outros \u201camanh\u00e3s\u201d em comunidades quilombolas e aglomerados urbanos&#8221; &#8212; \" src=\"https:\/\/11simposioesocite.ufpa.br\/?page_id=576&#038;embed=true#?secret=cnWbCYYEmC#?secret=XL08t3maOn\" data-secret=\"XL08t3maOn\" width=\"600\" height=\"338\" frameborder=\"0\" marginwidth=\"0\" marginheight=\"0\" scrolling=\"no\"><\/iframe>\n<\/div><\/figure>\n\n\n\n<ul class=\"wp-block-list\">\n<li>Data: 17\/09\/2025<\/li>\n\n\n\n<li>Hor\u00e1rio: 16h30 \u2013 18h00<\/li>\n\n\n\n<li>Local: Audit\u00f3rio Setorial B\u00e1sico 1<\/li>\n<\/ul>\n\n\n\n<figure class=\"wp-block-embed is-type-wp-embed is-provider-m-dia-incorporada wp-block-embed-m-dia-incorporada ticss-473a7f0c\"><div class=\"wp-block-embed__wrapper\">\n<blockquote class=\"wp-embedded-content\" data-secret=\"RZmACMCEcM\"><a href=\"https:\/\/11simposioesocite.ufpa.br\/?page_id=524\">MR &#8211; Antropoceno em desalinho: ci\u00eancias e literaturas inimigas do fim<\/a><\/blockquote><iframe loading=\"lazy\" class=\"wp-embedded-content\" sandbox=\"allow-scripts\" security=\"restricted\" style=\"position: absolute; visibility: hidden;\" title=\"&#8220;MR &#8211; Antropoceno em desalinho: ci\u00eancias e literaturas inimigas do fim&#8221; &#8212; \" src=\"https:\/\/11simposioesocite.ufpa.br\/?page_id=524&#038;embed=true#?secret=5oILpp6cIW#?secret=RZmACMCEcM\" data-secret=\"RZmACMCEcM\" width=\"600\" height=\"338\" frameborder=\"0\" marginwidth=\"0\" marginheight=\"0\" scrolling=\"no\"><\/iframe>\n<\/div><\/figure>\n\n\n\n<ul class=\"wp-block-list\">\n<li>Data: 18\/09\/2025<\/li>\n\n\n\n<li>Hor\u00e1rio: 16h30 \u2013 18h00<\/li>\n\n\n\n<li>Local: Audit\u00f3rio Setorial B\u00e1sico 1<\/li>\n<\/ul>\n\n\n\n<figure class=\"wp-block-embed is-type-wp-embed is-provider-m-dia-incorporada wp-block-embed-m-dia-incorporada\"><div class=\"wp-block-embed__wrapper\">\n<blockquote class=\"wp-embedded-content\" data-secret=\"KCF5BHiyXD\"><a href=\"https:\/\/11simposioesocite.ufpa.br\/?page_id=536\">MR &#8211; Inicia\u00e7\u00e3o Cient\u00edfica e Trabalho de Campo na Era Digital: \u00c9ticas, Metodologias e Vulnerabilidades<\/a><\/blockquote><iframe loading=\"lazy\" class=\"wp-embedded-content\" sandbox=\"allow-scripts\" security=\"restricted\" style=\"position: absolute; visibility: hidden;\" title=\"&#8220;MR &#8211; Inicia\u00e7\u00e3o Cient\u00edfica e Trabalho de Campo na Era Digital: \u00c9ticas, Metodologias e Vulnerabilidades&#8221; &#8212; \" src=\"https:\/\/11simposioesocite.ufpa.br\/?page_id=536&#038;embed=true#?secret=OZOpzUf7Qg#?secret=KCF5BHiyXD\" data-secret=\"KCF5BHiyXD\" width=\"600\" height=\"338\" frameborder=\"0\" marginwidth=\"0\" marginheight=\"0\" scrolling=\"no\"><\/iframe>\n<\/div><\/figure>\n\n\n\n<ul class=\"wp-block-list\">\n<li>Data: 18\/09\/2025<\/li>\n\n\n\n<li>Hor\u00e1rio: 16h30 \u2013 18h00<\/li>\n\n\n\n<li>Local: Audit\u00f3rio L1<\/li>\n<\/ul>\n\n\n\n<figure class=\"wp-block-embed is-type-wp-embed is-provider-m-dia-incorporada wp-block-embed-m-dia-incorporada\"><div class=\"wp-block-embed__wrapper\">\n<blockquote class=\"wp-embedded-content\" data-secret=\"bETKrF3Yuv\"><a href=\"https:\/\/11simposioesocite.ufpa.br\/?page_id=538\">MR  &#8211; Por outras ci\u00eancias e tecnologias: pesquisas situadas e metodologias contra-hegem\u00f4nicas<\/a><\/blockquote><iframe loading=\"lazy\" class=\"wp-embedded-content\" sandbox=\"allow-scripts\" security=\"restricted\" style=\"position: absolute; visibility: hidden;\" title=\"&#8220;MR  &#8211; Por outras ci\u00eancias e tecnologias: pesquisas situadas e metodologias contra-hegem\u00f4nicas&#8221; &#8212; \" src=\"https:\/\/11simposioesocite.ufpa.br\/?page_id=538&#038;embed=true#?secret=2FO5vw4iPk#?secret=bETKrF3Yuv\" data-secret=\"bETKrF3Yuv\" width=\"600\" height=\"338\" frameborder=\"0\" marginwidth=\"0\" marginheight=\"0\" scrolling=\"no\"><\/iframe>\n<\/div><\/figure>\n\n\n\n<ul class=\"wp-block-list\">\n<li>Data: 18\/09\/2025<\/li>\n\n\n\n<li>Hor\u00e1rio: 16h30 \u2013 18h00<\/li>\n\n\n\n<li>Local: Audit\u00f3rio IFCH<\/li>\n<\/ul>\n\n\n\n<figure class=\"wp-block-embed is-type-wp-embed is-provider-m-dia-incorporada wp-block-embed-m-dia-incorporada\"><div class=\"wp-block-embed__wrapper\">\n<blockquote class=\"wp-embedded-content\" data-secret=\"oXiOhZPFFv\"><a href=\"https:\/\/11simposioesocite.ufpa.br\/?page_id=530\">MR  &#8211; Experi\u00eancias de Ensino CTS em Cursos de Engenharia, Ci\u00eancias Exatas e Naturais: Desafios e Potencialidades<\/a><\/blockquote><iframe loading=\"lazy\" class=\"wp-embedded-content\" sandbox=\"allow-scripts\" security=\"restricted\" style=\"position: absolute; visibility: hidden;\" title=\"&#8220;MR  &#8211; Experi\u00eancias de Ensino CTS em Cursos de Engenharia, Ci\u00eancias Exatas e Naturais: Desafios e Potencialidades&#8221; &#8212; \" src=\"https:\/\/11simposioesocite.ufpa.br\/?page_id=530&#038;embed=true#?secret=GDO72Di8sp#?secret=oXiOhZPFFv\" data-secret=\"oXiOhZPFFv\" width=\"600\" height=\"338\" frameborder=\"0\" marginwidth=\"0\" marginheight=\"0\" scrolling=\"no\"><\/iframe>\n<\/div><\/figure>\n\n\n\n<ul class=\"wp-block-list\">\n<li>Data: 19\/09\/2025<\/li>\n\n\n\n<li>Hor\u00e1rio: 16h00 \u2013 17h30<\/li>\n\n\n\n<li>Local: Audit\u00f3rio do IFCH<\/li>\n<\/ul>\n\n\n\n<figure class=\"wp-block-embed is-type-wp-embed is-provider-m-dia-incorporada wp-block-embed-m-dia-incorporada\"><div class=\"wp-block-embed__wrapper\">\n<blockquote class=\"wp-embedded-content\" data-secret=\"ItQ4gq2Sly\"><a href=\"https:\/\/11simposioesocite.ufpa.br\/?page_id=547\">MR &#8211; Soberania Digital: Educa\u00e7\u00e3o, Territorialidade e Autonomia<\/a><\/blockquote><iframe loading=\"lazy\" class=\"wp-embedded-content\" sandbox=\"allow-scripts\" security=\"restricted\" style=\"position: absolute; visibility: hidden;\" title=\"&#8220;MR &#8211; Soberania Digital: Educa\u00e7\u00e3o, Territorialidade e Autonomia&#8221; &#8212; \" src=\"https:\/\/11simposioesocite.ufpa.br\/?page_id=547&#038;embed=true#?secret=z0sX1jjrfJ#?secret=ItQ4gq2Sly\" data-secret=\"ItQ4gq2Sly\" width=\"600\" height=\"338\" frameborder=\"0\" marginwidth=\"0\" marginheight=\"0\" scrolling=\"no\"><\/iframe>\n<\/div><\/figure>\n\n\n\n<ul class=\"wp-block-list\">\n<li>Data: 19\/09\/2025<\/li>\n\n\n\n<li>Hor\u00e1rio: 16h00 \u2013 17h30<\/li>\n\n\n\n<li>Local: Audit\u00f3rio H2<\/li>\n<\/ul>\n","protected":false},"excerpt":{"rendered":"","protected":false},"author":1,"featured_media":0,"parent":0,"menu_order":0,"comment_status":"closed","ping_status":"closed","template":"","meta":{"_themeisle_gutenberg_block_has_review":false,"footnotes":""},"class_list":["post-191","page","type-page","status-publish","hentry"],"_links":{"self":[{"href":"https:\/\/11simposioesocite.ufpa.br\/index.php?rest_route=\/wp\/v2\/pages\/191","targetHints":{"allow":["GET"]}}],"collection":[{"href":"https:\/\/11simposioesocite.ufpa.br\/index.php?rest_route=\/wp\/v2\/pages"}],"about":[{"href":"https:\/\/11simposioesocite.ufpa.br\/index.php?rest_route=\/wp\/v2\/types\/page"}],"author":[{"embeddable":true,"href":"https:\/\/11simposioesocite.ufpa.br\/index.php?rest_route=\/wp\/v2\/users\/1"}],"replies":[{"embeddable":true,"href":"https:\/\/11simposioesocite.ufpa.br\/index.php?rest_route=%2Fwp%2Fv2%2Fcomments&post=191"}],"version-history":[{"count":25,"href":"https:\/\/11simposioesocite.ufpa.br\/index.php?rest_route=\/wp\/v2\/pages\/191\/revisions"}],"predecessor-version":[{"id":1250,"href":"https:\/\/11simposioesocite.ufpa.br\/index.php?rest_route=\/wp\/v2\/pages\/191\/revisions\/1250"}],"wp:attachment":[{"href":"https:\/\/11simposioesocite.ufpa.br\/index.php?rest_route=%2Fwp%2Fv2%2Fmedia&parent=191"}],"curies":[{"name":"wp","href":"https:\/\/api.w.org\/{rel}","templated":true}]}}