{"id":18,"date":"2025-01-07T08:38:38","date_gmt":"2025-01-07T11:38:38","guid":{"rendered":"https:\/\/11simposioesocite.ufpa.br\/?page_id=18"},"modified":"2025-07-30T20:40:20","modified_gmt":"2025-07-30T23:40:20","slug":"pagina-inicial","status":"publish","type":"page","link":"https:\/\/11simposioesocite.ufpa.br\/?page_id=18","title":{"rendered":""},"content":{"rendered":"<h2 style=\"text-align: center;\">11\u00b0 Simp\u00f3sio Nacional de Ci\u00eancia, Tecnologia e Sociedade<\/h2>\n<h1 style=\"text-align: center;\"><strong><span style=\"font-family: Liberation Sans, sans-serif;\">Que futuro estamos construindo? <\/span><\/strong><\/h1>\n<h1 style=\"text-align: center;\"><strong><span style=\"font-family: Liberation Sans, sans-serif;\">Ci\u00eancia, tecnologia e a urg\u00eancia da a\u00e7\u00e3o clim\u00e1tica<\/span><\/strong><\/h1>\n<h3 align=\"center\"><span style=\"font-family: Liberation Sans, sans-serif;\">Evento bianual da Associa\u00e7\u00e3o Brasileira de Estudos Sociais das Ci\u00eancias e das Tecnologias (ESOCITE.BR)<\/span><\/h3>\n<p align=\"center\"><span style=\"font-family: Liberation Sans, sans-serif;\">17 a 19 de setembro de 2025<\/span><\/p>\n<p align=\"center\"><span style=\"font-family: Liberation Sans, sans-serif;\">Universidade Federal do Par\u00e1<\/span><\/p>\n\n\n<p class=\"has-text-align-left has-black-color has-text-color has-link-color has-medium-font-size wp-elements-e39ee8df7298713cab94fe654c439154\" style=\"font-style:normal;font-weight:300\">Atualmente, com a emerg\u00eancia da crise clim\u00e1tica, o desenvolvimento cient\u00edfico e tecnol\u00f3gico encontra-se em uma encruzilhada. Por um lado, ele \u00e9 dep\u00f3sito de esperan\u00e7a na busca de solu\u00e7\u00f5es para a constru\u00e7\u00e3o de um futuro poss\u00edvel para os seres vivos, na urgente necessidade de mitigar as consequ\u00eancias de s\u00e9culos de atividades insustent\u00e1veis sobre o meio ambiente. Por outro, seu modo de a\u00e7\u00e3o sobre a natureza e os interesses que o circunda \u2013 especialmente por ser a ponta de lan\u00e7a do atual desenvolvimento econ\u00f4mico \u2013 o torna amplamente respons\u00e1vel pela r\u00e1pida deteriora\u00e7\u00e3o do nosso planeta e sua atua\u00e7\u00e3o s\u00f3 se tornar\u00e1 sustent\u00e1vel se a sua forma hist\u00f3rica de agir for reconsiderada. Nesse contexto, cientistas, engenheiras\/os, pesquisadoras\/es, divulgadoras\/es cient\u00edficas\/os e povos tradicionais s\u00e3o chamadas\/os \u00e0 a\u00e7\u00e3o, com o objetivo de persuadir a classe pol\u00edtica e a opini\u00e3o p\u00fablica para a urg\u00eancia da a\u00e7\u00e3o clim\u00e1tica.<\/p>\n\n\n\n<p class=\"has-text-align-left has-black-color has-text-color has-link-color has-medium-font-size wp-elements-aa320fc3f2ceb16e2575d48805dd363d\" style=\"font-style:normal;font-weight:300\">A Floresta Amaz\u00f4nica \u00e9 hoje um dos principais palcos da disputa entre nossas possibilidades de futuro. Ela \u00e9 um v\u00f3rtice de interesses externos, diversos e contradit\u00f3rios entre si e nela est\u00e3o depositadas as esperan\u00e7as de um mundo sustent\u00e1vel e a cobi\u00e7a por recursos naturais. A realiza\u00e7\u00e3o do simp\u00f3sio na Amaz\u00f4nia &#8211; um lugar t\u00e3o significativo para os embates contempor\u00e2neos envolvendo natureza, ci\u00eancia, tecnologia e rela\u00e7\u00f5es sociais &#8211; se oferece como uma oportunidade para que possamos debater de modo cr\u00edtico, plural e interdisciplinar o futuro que estamos configurando enquanto coletividade. Ela est\u00e1 no centro das discuss\u00f5es pol\u00edticas, econ\u00f4micas, sociais e ambientais do mundo, em especial com os preparativos para a realiza\u00e7\u00e3o da 30\u00aa Confer\u00eancia das Partes da Conven\u00e7\u00e3o-Quadro das Na\u00e7\u00f5es Unidas sobre Mudan\u00e7a do Clima (UNFCCC), espa\u00e7o de discuss\u00e3o e negocia\u00e7\u00e3o de a\u00e7\u00f5es globais para o enfrentamento das mudan\u00e7as clim\u00e1ticas.<\/p>\n\n\n\n<p class=\"has-text-align-left has-black-color has-text-color has-link-color has-medium-font-size wp-elements-4bc7d7e9ed315b70bc4bb27b8a69035c\" style=\"font-style:normal;font-weight:300\">Diante desta urg\u00eancia, realizaremos, nos dias 17, 18 e 19 de Setembro de 2025, em Bel\u00e9m-PA, o <strong>11\u00b0<\/strong> <strong>Simp\u00f3sio Nacional de Ci\u00eancia, Tecnologia e Sociedade, <\/strong>evento bianual da Associa\u00e7\u00e3o Brasileira de Estudos Sociais das Ci\u00eancias e das Tecnologias (ESOCITE.BR), com o tema \u201cQue futuro estamos construindo? Ci\u00eancia, tecnologia e a urg\u00eancia da a\u00e7\u00e3o clim\u00e1tica\u201d. Nele, vamos discutir a import\u00e2ncia dos estudos em ci\u00eancias, tecnologias e sociedade para o enfrentamento das mudan\u00e7as clim\u00e1ticas em busca de um futuro poss\u00edvel. Vamos construir o 11\u00b0 Simp\u00f3sio Nacional de Ci\u00eancia, Tecnologia e Sociedade como um espa\u00e7o de promo\u00e7\u00e3o desses exerc\u00edcios reflexivos e potencialmente transformadores, especialmente no que tange \u00e0 urg\u00eancia da a\u00e7\u00e3o clim\u00e1tica.<\/p>\n","protected":false},"excerpt":{"rendered":"<p>11\u00b0 Simp\u00f3sio Nacional de Ci\u00eancia, Tecnologia e Sociedade Que futuro estamos construindo? Ci\u00eancia, tecnologia e a urg\u00eancia da a\u00e7\u00e3o clim\u00e1tica Evento bianual da Associa\u00e7\u00e3o Brasileira de Estudos Sociais das Ci\u00eancias e das Tecnologias (ESOCITE.BR) 17 a 19 de setembro de 2025 Universidade Federal do Par\u00e1 Atualmente, com a emerg\u00eancia da crise clim\u00e1tica, o desenvolvimento cient\u00edfico&#8230;<\/p>\n","protected":false},"author":1,"featured_media":754,"parent":0,"menu_order":0,"comment_status":"closed","ping_status":"closed","template":"","meta":{"_themeisle_gutenberg_block_has_review":false,"footnotes":""},"class_list":["post-18","page","type-page","status-publish","has-post-thumbnail","hentry"],"_links":{"self":[{"href":"https:\/\/11simposioesocite.ufpa.br\/index.php?rest_route=\/wp\/v2\/pages\/18","targetHints":{"allow":["GET"]}}],"collection":[{"href":"https:\/\/11simposioesocite.ufpa.br\/index.php?rest_route=\/wp\/v2\/pages"}],"about":[{"href":"https:\/\/11simposioesocite.ufpa.br\/index.php?rest_route=\/wp\/v2\/types\/page"}],"author":[{"embeddable":true,"href":"https:\/\/11simposioesocite.ufpa.br\/index.php?rest_route=\/wp\/v2\/users\/1"}],"replies":[{"embeddable":true,"href":"https:\/\/11simposioesocite.ufpa.br\/index.php?rest_route=%2Fwp%2Fv2%2Fcomments&post=18"}],"version-history":[{"count":48,"href":"https:\/\/11simposioesocite.ufpa.br\/index.php?rest_route=\/wp\/v2\/pages\/18\/revisions"}],"predecessor-version":[{"id":322,"href":"https:\/\/11simposioesocite.ufpa.br\/index.php?rest_route=\/wp\/v2\/pages\/18\/revisions\/322"}],"wp:featuredmedia":[{"embeddable":true,"href":"https:\/\/11simposioesocite.ufpa.br\/index.php?rest_route=\/wp\/v2\/media\/754"}],"wp:attachment":[{"href":"https:\/\/11simposioesocite.ufpa.br\/index.php?rest_route=%2Fwp%2Fv2%2Fmedia&parent=18"}],"curies":[{"name":"wp","href":"https:\/\/api.w.org\/{rel}","templated":true}]}}