{"id":1044,"date":"2025-09-03T13:36:42","date_gmt":"2025-09-03T16:36:42","guid":{"rendered":"https:\/\/11simposioesocite.ufpa.br\/?page_id=1044"},"modified":"2025-09-05T15:29:51","modified_gmt":"2025-09-05T18:29:51","slug":"onde-sera-o-evento","status":"publish","type":"page","link":"https:\/\/11simposioesocite.ufpa.br\/?page_id=1044","title":{"rendered":"Onde ser\u00e1 o evento?"},"content":{"rendered":"\n<figure class=\"wp-block-image size-full\"><img loading=\"lazy\" decoding=\"async\" width=\"746\" height=\"423\" src=\"https:\/\/11simposioesocite.ufpa.br\/wp-content\/uploads\/2025\/09\/Portico_Principal_da_UFPA_-_Foto_Alexandre_Moraes_1.jpg\" alt=\"\" class=\"wp-image-1053\" srcset=\"https:\/\/11simposioesocite.ufpa.br\/wp-content\/uploads\/2025\/09\/Portico_Principal_da_UFPA_-_Foto_Alexandre_Moraes_1.jpg 746w, https:\/\/11simposioesocite.ufpa.br\/wp-content\/uploads\/2025\/09\/Portico_Principal_da_UFPA_-_Foto_Alexandre_Moraes_1-300x170.jpg 300w\" sizes=\"auto, (max-width: 746px) 100vw, 746px\" \/><\/figure>\n\n\n\n<p>O 11\u00b0 Simp\u00f3sio Nacional de Ci\u00eancia, Tecnologia e Sociedade acontecer\u00e1 na <strong>Universidade Federal do Par\u00e1 (UFPA)<\/strong>, localizada na <strong>Rua Augusto Corr\u00eaa, 01 \u2013 Guam\u00e1, Bel\u00e9m-PA<\/strong>.<\/p>\n\n\n\n<p>As atividades ser\u00e3o realizadas nos seguintes espa\u00e7os do campus:<\/p>\n\n\n\n<ol class=\"wp-block-list\">\n<li>Audit\u00f3rio do IFCH<\/li>\n\n\n\n<li>Laborat\u00f3rio do IFCH<\/li>\n\n\n\n<li>Audit\u00f3rio H1<\/li>\n\n\n\n<li>Audit\u00f3rio ICSA<\/li>\n\n\n\n<li>Audit\u00f3rio Setorial do B\u00e1sico<\/li>\n\n\n\n<li>Laboratorio do ICEN<\/li>\n\n\n\n<li>Audit\u00f3rio Benedito Nunes<\/li>\n\n\n\n<li>Espa\u00e7o de Ensino Mirante do Rio<\/li>\n<\/ol>\n\n\n\n<p>Todas as localidades est\u00e3o indicadas nos <strong>mapas abaixo<\/strong>.<\/p>\n\n\n\n<figure class=\"wp-block-image size-large\"><img loading=\"lazy\" decoding=\"async\" width=\"1024\" height=\"576\" src=\"https:\/\/11simposioesocite.ufpa.br\/wp-content\/uploads\/2025\/09\/1-1024x576.jpg\" alt=\"\" class=\"wp-image-1045\" srcset=\"https:\/\/11simposioesocite.ufpa.br\/wp-content\/uploads\/2025\/09\/1-1024x576.jpg 1024w, https:\/\/11simposioesocite.ufpa.br\/wp-content\/uploads\/2025\/09\/1-300x169.jpg 300w, https:\/\/11simposioesocite.ufpa.br\/wp-content\/uploads\/2025\/09\/1-768x432.jpg 768w, https:\/\/11simposioesocite.ufpa.br\/wp-content\/uploads\/2025\/09\/1-1536x864.jpg 1536w, https:\/\/11simposioesocite.ufpa.br\/wp-content\/uploads\/2025\/09\/1-850x478.jpg 850w, https:\/\/11simposioesocite.ufpa.br\/wp-content\/uploads\/2025\/09\/1.jpg 1920w\" sizes=\"auto, (max-width: 1024px) 100vw, 1024px\" \/><\/figure>\n\n\n\n<figure class=\"wp-block-image size-large\"><img loading=\"lazy\" decoding=\"async\" width=\"1024\" height=\"576\" src=\"https:\/\/11simposioesocite.ufpa.br\/wp-content\/uploads\/2025\/09\/2-1024x576.jpg\" alt=\"\" class=\"wp-image-1046\" srcset=\"https:\/\/11simposioesocite.ufpa.br\/wp-content\/uploads\/2025\/09\/2-1024x576.jpg 1024w, https:\/\/11simposioesocite.ufpa.br\/wp-content\/uploads\/2025\/09\/2-300x169.jpg 300w, https:\/\/11simposioesocite.ufpa.br\/wp-content\/uploads\/2025\/09\/2-768x432.jpg 768w, https:\/\/11simposioesocite.ufpa.br\/wp-content\/uploads\/2025\/09\/2-1536x864.jpg 1536w, https:\/\/11simposioesocite.ufpa.br\/wp-content\/uploads\/2025\/09\/2-850x478.jpg 850w, https:\/\/11simposioesocite.ufpa.br\/wp-content\/uploads\/2025\/09\/2.jpg 1920w\" sizes=\"auto, (max-width: 1024px) 100vw, 1024px\" \/><\/figure>\n\n\n\n<figure class=\"wp-block-image size-large\"><img loading=\"lazy\" decoding=\"async\" width=\"1024\" height=\"576\" src=\"https:\/\/11simposioesocite.ufpa.br\/wp-content\/uploads\/2025\/09\/3-1024x576.jpg\" alt=\"\" class=\"wp-image-1047\" srcset=\"https:\/\/11simposioesocite.ufpa.br\/wp-content\/uploads\/2025\/09\/3-1024x576.jpg 1024w, https:\/\/11simposioesocite.ufpa.br\/wp-content\/uploads\/2025\/09\/3-300x169.jpg 300w, https:\/\/11simposioesocite.ufpa.br\/wp-content\/uploads\/2025\/09\/3-768x432.jpg 768w, https:\/\/11simposioesocite.ufpa.br\/wp-content\/uploads\/2025\/09\/3-1536x864.jpg 1536w, https:\/\/11simposioesocite.ufpa.br\/wp-content\/uploads\/2025\/09\/3-850x478.jpg 850w, https:\/\/11simposioesocite.ufpa.br\/wp-content\/uploads\/2025\/09\/3.jpg 1920w\" sizes=\"auto, (max-width: 1024px) 100vw, 1024px\" \/><\/figure>\n\n\n\n<figure class=\"wp-block-image size-large\"><img loading=\"lazy\" decoding=\"async\" width=\"1024\" height=\"576\" src=\"https:\/\/11simposioesocite.ufpa.br\/wp-content\/uploads\/2025\/09\/4-1024x576.jpg\" alt=\"\" class=\"wp-image-1048\" srcset=\"https:\/\/11simposioesocite.ufpa.br\/wp-content\/uploads\/2025\/09\/4-1024x576.jpg 1024w, https:\/\/11simposioesocite.ufpa.br\/wp-content\/uploads\/2025\/09\/4-300x169.jpg 300w, https:\/\/11simposioesocite.ufpa.br\/wp-content\/uploads\/2025\/09\/4-768x432.jpg 768w, https:\/\/11simposioesocite.ufpa.br\/wp-content\/uploads\/2025\/09\/4-1536x864.jpg 1536w, https:\/\/11simposioesocite.ufpa.br\/wp-content\/uploads\/2025\/09\/4-850x478.jpg 850w, https:\/\/11simposioesocite.ufpa.br\/wp-content\/uploads\/2025\/09\/4.jpg 1920w\" sizes=\"auto, (max-width: 1024px) 100vw, 1024px\" \/><\/figure>\n\n\n\n<figure class=\"wp-block-image size-large\"><img loading=\"lazy\" decoding=\"async\" width=\"1024\" height=\"576\" src=\"https:\/\/11simposioesocite.ufpa.br\/wp-content\/uploads\/2025\/09\/5-1024x576.jpg\" alt=\"\" class=\"wp-image-1049\" srcset=\"https:\/\/11simposioesocite.ufpa.br\/wp-content\/uploads\/2025\/09\/5-1024x576.jpg 1024w, https:\/\/11simposioesocite.ufpa.br\/wp-content\/uploads\/2025\/09\/5-300x169.jpg 300w, https:\/\/11simposioesocite.ufpa.br\/wp-content\/uploads\/2025\/09\/5-768x432.jpg 768w, https:\/\/11simposioesocite.ufpa.br\/wp-content\/uploads\/2025\/09\/5-1536x864.jpg 1536w, https:\/\/11simposioesocite.ufpa.br\/wp-content\/uploads\/2025\/09\/5-850x478.jpg 850w, https:\/\/11simposioesocite.ufpa.br\/wp-content\/uploads\/2025\/09\/5.jpg 1920w\" sizes=\"auto, (max-width: 1024px) 100vw, 1024px\" \/><\/figure>\n","protected":false},"excerpt":{"rendered":"<p>O 11\u00b0 Simp\u00f3sio Nacional de Ci\u00eancia, Tecnologia e Sociedade acontecer\u00e1 na Universidade Federal do Par\u00e1 (UFPA), localizada na Rua Augusto Corr\u00eaa, 01 \u2013 Guam\u00e1, Bel\u00e9m-PA. As atividades ser\u00e3o realizadas nos seguintes espa\u00e7os do campus: Todas as localidades est\u00e3o indicadas nos mapas abaixo.<\/p>\n","protected":false},"author":1,"featured_media":0,"parent":0,"menu_order":0,"comment_status":"closed","ping_status":"closed","template":"","meta":{"_themeisle_gutenberg_block_has_review":false,"footnotes":""},"class_list":["post-1044","page","type-page","status-publish","hentry"],"_links":{"self":[{"href":"https:\/\/11simposioesocite.ufpa.br\/index.php?rest_route=\/wp\/v2\/pages\/1044","targetHints":{"allow":["GET"]}}],"collection":[{"href":"https:\/\/11simposioesocite.ufpa.br\/index.php?rest_route=\/wp\/v2\/pages"}],"about":[{"href":"https:\/\/11simposioesocite.ufpa.br\/index.php?rest_route=\/wp\/v2\/types\/page"}],"author":[{"embeddable":true,"href":"https:\/\/11simposioesocite.ufpa.br\/index.php?rest_route=\/wp\/v2\/users\/1"}],"replies":[{"embeddable":true,"href":"https:\/\/11simposioesocite.ufpa.br\/index.php?rest_route=%2Fwp%2Fv2%2Fcomments&post=1044"}],"version-history":[{"count":6,"href":"https:\/\/11simposioesocite.ufpa.br\/index.php?rest_route=\/wp\/v2\/pages\/1044\/revisions"}],"predecessor-version":[{"id":1098,"href":"https:\/\/11simposioesocite.ufpa.br\/index.php?rest_route=\/wp\/v2\/pages\/1044\/revisions\/1098"}],"wp:attachment":[{"href":"https:\/\/11simposioesocite.ufpa.br\/index.php?rest_route=%2Fwp%2Fv2%2Fmedia&parent=1044"}],"curies":[{"name":"wp","href":"https:\/\/api.w.org\/{rel}","templated":true}]}}