{"id":1036,"date":"2025-09-03T10:25:02","date_gmt":"2025-09-03T13:25:02","guid":{"rendered":"https:\/\/11simposioesocite.ufpa.br\/?page_id=1036"},"modified":"2025-09-11T16:13:17","modified_gmt":"2025-09-11T19:13:17","slug":"revista-brasileira-de-estudos-cts","status":"publish","type":"page","link":"https:\/\/11simposioesocite.ufpa.br\/?page_id=1036","title":{"rendered":"Lan\u00e7amento Revista Brasileira de Estudos CTS"},"content":{"rendered":"\n<p>O lan\u00e7amento da <strong>Revista Brasileira de Estudos CTS<\/strong>, publica\u00e7\u00e3o mantida pela Associa\u00e7\u00e3o Brasileira de Estudos Sociais das Ci\u00eancias e das Tecnologias &#8211; ESOCITE.BR, ocorrer\u00e1 no dia <strong>17 de setembro de 2025, \u00e0s 20h<\/strong>, seguido de um coquetel de confraterniza\u00e7\u00e3o. De car\u00e1ter online e quadrimestral, a revista re\u00fane produ\u00e7\u00f5es originais e in\u00e9ditas resultantes de pesquisas cient\u00edficas nas \u00e1reas de Ci\u00eancia, Tecnologia e Sociedade (CTS). A partir de uma perspectiva inter e transdisciplinar, busca oferecer contribui\u00e7\u00f5es que evidenciem os aspectos culturais, pol\u00edticos, econ\u00f4micos e sociais implicados nas pr\u00e1ticas cient\u00edficas e tecnol\u00f3gicas, fortalecendo o di\u00e1logo entre diferentes campos do saber e ampliando o alcance das reflex\u00f5es cr\u00edticas em CTS.<\/p>\n\n\n\n<ul class=\"wp-block-list\">\n<li><strong>Data: <\/strong>17\/09\/2025 <\/li>\n\n\n\n<li><strong>Hor\u00e1rio: <\/strong>20h00<\/li>\n\n\n\n<li><strong>Local:<\/strong> Capela Ecum\u00eanica<\/li>\n<\/ul>\n","protected":false},"excerpt":{"rendered":"<p>O lan\u00e7amento da Revista Brasileira de Estudos CTS, publica\u00e7\u00e3o mantida pela Associa\u00e7\u00e3o Brasileira de Estudos Sociais das Ci\u00eancias e das Tecnologias &#8211; ESOCITE.BR, ocorrer\u00e1 no dia 17 de setembro de 2025, \u00e0s 20h, seguido de um coquetel de confraterniza\u00e7\u00e3o. De car\u00e1ter online e quadrimestral, a revista re\u00fane produ\u00e7\u00f5es originais e in\u00e9ditas resultantes de pesquisas cient\u00edficas&#8230;<\/p>\n","protected":false},"author":1,"featured_media":0,"parent":0,"menu_order":0,"comment_status":"closed","ping_status":"closed","template":"","meta":{"_themeisle_gutenberg_block_has_review":false,"footnotes":""},"class_list":["post-1036","page","type-page","status-publish","hentry"],"_links":{"self":[{"href":"https:\/\/11simposioesocite.ufpa.br\/index.php?rest_route=\/wp\/v2\/pages\/1036","targetHints":{"allow":["GET"]}}],"collection":[{"href":"https:\/\/11simposioesocite.ufpa.br\/index.php?rest_route=\/wp\/v2\/pages"}],"about":[{"href":"https:\/\/11simposioesocite.ufpa.br\/index.php?rest_route=\/wp\/v2\/types\/page"}],"author":[{"embeddable":true,"href":"https:\/\/11simposioesocite.ufpa.br\/index.php?rest_route=\/wp\/v2\/users\/1"}],"replies":[{"embeddable":true,"href":"https:\/\/11simposioesocite.ufpa.br\/index.php?rest_route=%2Fwp%2Fv2%2Fcomments&post=1036"}],"version-history":[{"count":4,"href":"https:\/\/11simposioesocite.ufpa.br\/index.php?rest_route=\/wp\/v2\/pages\/1036\/revisions"}],"predecessor-version":[{"id":1194,"href":"https:\/\/11simposioesocite.ufpa.br\/index.php?rest_route=\/wp\/v2\/pages\/1036\/revisions\/1194"}],"wp:attachment":[{"href":"https:\/\/11simposioesocite.ufpa.br\/index.php?rest_route=%2Fwp%2Fv2%2Fmedia&parent=1036"}],"curies":[{"name":"wp","href":"https:\/\/api.w.org\/{rel}","templated":true}]}}