{"id":1016,"date":"2025-09-02T08:41:47","date_gmt":"2025-09-02T11:41:47","guid":{"rendered":"https:\/\/11simposioesocite.ufpa.br\/?page_id=1016"},"modified":"2025-09-02T08:41:47","modified_gmt":"2025-09-02T11:41:47","slug":"indigena-asurini-mulher-futebol-resistencia-e-conquista-no-territorioamazonico-awaete-akwawa-kosoa-a-e-ywa-hekaiete-ae-omoeapo-ywyeteohoa-rehe","status":"publish","type":"page","link":"https:\/\/11simposioesocite.ufpa.br\/?page_id=1016","title":{"rendered":"Ind\u00edgena Asurini Mulher &amp; Futebol: resist\u00eancia e conquista no territ\u00f3rioamaz\u00f4nico (Awa&#8217;et\u00e9 Akwawa Kosoa A, \u00c9 Yw\u00e1 Hekai&#8217;ete A&#8217;\u00e9 Omo&#8217;eapo , Ywy&#8217;ete&#8217;ohoa Rehe)"},"content":{"rendered":"\n<p>Autoria: Jairson Monteiro Rodrigues Vana<\/p>\n\n\n\n<p>Este livro \u00e9 uma adapta\u00e7\u00e3o de minha disserta\u00e7\u00e3o de mestrado. A pesquisa, teve origem no projeto Aldeia do Futebol, financiado pelo Programa Academia &amp; Futebol do Minist\u00e9rio do Esporte, em que revelou como a pr\u00e1tica do futebol fortalece a autonomia e a coletividade, al\u00e9m de ser s\u00edmbolo de resist\u00eancia das ind\u00edgenas Asurin\u00ed da Aldeia Trocar\u00e1, em Tucuru\u00ed \u2013 Par\u00e1. O foco da pesquisa foi o futebol, um dos esportes mais populares do mundo. Esta obra buscou perceber como essas mulheres incorporam o futebol \u00e0 sua cultura, rompendo barreiras e ressignificando pr\u00e1ticas tradicionais. Al\u00e9m de discutir as din\u00e2micas sociais e os desafios enfrentados por essas ind\u00edgenas Asurin\u00ed mulheres, o livro tamb\u00e9m aborda a influ\u00eancia da Educa\u00e7\u00e3o F\u00edsica no ensino m\u00e9dio da escola ind\u00edgena Warara\u2019awa Asurin\u00ed. As p\u00e1ginas desta obra revelam hist\u00f3rias de resist\u00eancia, conquistas e transforma\u00e7\u00f5es, reafirmando o protagonismo da ind\u00edgena mulher no contexto da Aldeia Trocar\u00e1 e da pr\u00e1tica do futebol. Esse di\u00e1logo entre diferentes conhecimentos\/saberes fortalece a compreens\u00e3o dos futeb\u00f3is como um fen\u00f4meno cultural din\u00e2mico e diverso. Assim, convido a todos a refletirem sobre o tema bordado neste livro, promovendo um olhar mais inclusivo, sens\u00edvel \u00e0 diversidade e alinhado \u00e0s<br>realidades socioculturais contempor\u00e2neas.<\/p>\n\n\n\n<p>Editora: MC &amp; G Editorial<\/p>\n\n\n\n<p>Ano: 2025<\/p>\n\n\n\n<p>Informa\u00e7\u00f5es sobre financiamentos ou apoios institucionais:<br>Programa Academia &amp; Futebol \u2013 IFPA \/Minist\u00e9rio do Esporte TED no<br>23\/2020\/SNFDT\/SEESP\/MC.<\/p>\n","protected":false},"excerpt":{"rendered":"<p>Autoria: Jairson Monteiro Rodrigues Vana Este livro \u00e9 uma adapta\u00e7\u00e3o de minha disserta\u00e7\u00e3o de mestrado. A pesquisa, teve origem no projeto Aldeia do Futebol, financiado pelo Programa Academia &amp; Futebol do Minist\u00e9rio do Esporte, em que revelou como a pr\u00e1tica do futebol fortalece a autonomia e a coletividade, al\u00e9m de ser s\u00edmbolo de resist\u00eancia das&#8230;<\/p>\n","protected":false},"author":1,"featured_media":0,"parent":0,"menu_order":0,"comment_status":"closed","ping_status":"closed","template":"","meta":{"_themeisle_gutenberg_block_has_review":false,"footnotes":""},"class_list":["post-1016","page","type-page","status-publish","hentry"],"_links":{"self":[{"href":"https:\/\/11simposioesocite.ufpa.br\/index.php?rest_route=\/wp\/v2\/pages\/1016","targetHints":{"allow":["GET"]}}],"collection":[{"href":"https:\/\/11simposioesocite.ufpa.br\/index.php?rest_route=\/wp\/v2\/pages"}],"about":[{"href":"https:\/\/11simposioesocite.ufpa.br\/index.php?rest_route=\/wp\/v2\/types\/page"}],"author":[{"embeddable":true,"href":"https:\/\/11simposioesocite.ufpa.br\/index.php?rest_route=\/wp\/v2\/users\/1"}],"replies":[{"embeddable":true,"href":"https:\/\/11simposioesocite.ufpa.br\/index.php?rest_route=%2Fwp%2Fv2%2Fcomments&post=1016"}],"version-history":[{"count":1,"href":"https:\/\/11simposioesocite.ufpa.br\/index.php?rest_route=\/wp\/v2\/pages\/1016\/revisions"}],"predecessor-version":[{"id":1017,"href":"https:\/\/11simposioesocite.ufpa.br\/index.php?rest_route=\/wp\/v2\/pages\/1016\/revisions\/1017"}],"wp:attachment":[{"href":"https:\/\/11simposioesocite.ufpa.br\/index.php?rest_route=%2Fwp%2Fv2%2Fmedia&parent=1016"}],"curies":[{"name":"wp","href":"https:\/\/api.w.org\/{rel}","templated":true}]}}